{"id":1673,"date":"2025-02-10T10:08:34","date_gmt":"2025-02-10T09:08:34","guid":{"rendered":"https:\/\/indialog.auxodev1.dk\/?page_id=1673"},"modified":"2025-02-11T15:28:46","modified_gmt":"2025-02-11T14:28:46","slug":"banker","status":"publish","type":"page","link":"https:\/\/indialog.auxodev1.dk\/en\/industri\/banker\/","title":{"rendered":"Banker"},"content":{"rendered":"<div data-elementor-type=\"wp-page\" data-elementor-id=\"1673\" class=\"elementor elementor-1673\" data-elementor-post-type=\"page\">\n\t\t\t\t<div class=\"elementor-element elementor-element-058b454 e-flex e-con-boxed e-con e-parent\" data-id=\"058b454\" data-element_type=\"container\" data-settings=\"{&quot;background_background&quot;:&quot;classic&quot;,&quot;background_motion_fx_motion_fx_scrolling&quot;:&quot;yes&quot;,&quot;background_motion_fx_devices&quot;:[&quot;desktop&quot;,&quot;tablet&quot;,&quot;mobile&quot;]}\">\n\t\t\t\t\t<div class=\"e-con-inner\">\n\t\t<div class=\"elementor-element elementor-element-de5ad22 e-con-full e-flex e-con e-child\" data-id=\"de5ad22\" data-element_type=\"container\">\n\t\t\t\t<div class=\"elementor-element elementor-element-07e9d4c elementor-align-left elementor-invisible elementor-widget elementor-widget-button\" data-id=\"07e9d4c\" data-element_type=\"widget\" data-settings=\"{&quot;_animation&quot;:&quot;fadeInUp&quot;}\" data-widget_type=\"button.default\">\n\t\t\t\t<div class=\"elementor-widget-container\">\n\t\t\t\t\t\t\t\t\t<div class=\"elementor-button-wrapper\">\n\t\t\t\t\t<a class=\"elementor-button elementor-button-link elementor-size-sm elementor-animation-shrink\" href=\"https:\/\/indialog.auxodev1.dk\/en\/kontakt\/\">\n\t\t\t\t\t\t<span class=\"elementor-button-content-wrapper\">\n\t\t\t\t\t\t<span class=\"elementor-button-icon\">\n\t\t\t\t<i aria-hidden=\"true\" class=\"far fa-angle-double-right\"><\/i>\t\t\t<\/span>\n\t\t\t\t\t\t\t\t\t<span class=\"elementor-button-text\">Book en demo<\/span>\n\t\t\t\t\t<\/span>\n\t\t\t\t\t<\/a>\n\t\t\t\t<\/div>\n\t\t\t\t\t\t\t\t<\/div>\n\t\t\t\t<\/div>\n\t\t\t\t<\/div>\n\t\t\t\t\t<\/div>\n\t\t\t\t<\/div>\n\t\t<div class=\"elementor-element elementor-element-edd9b86 e-flex e-con-boxed e-con e-parent\" data-id=\"edd9b86\" data-element_type=\"container\" data-settings=\"{&quot;background_background&quot;:&quot;classic&quot;}\">\n\t\t\t\t\t<div class=\"e-con-inner\">\n\t\t<div class=\"elementor-element elementor-element-4ce8507 e-con-full e-flex e-con e-child\" data-id=\"4ce8507\" data-element_type=\"container\" data-settings=\"{&quot;motion_fx_motion_fx_scrolling&quot;:&quot;yes&quot;,&quot;motion_fx_devices&quot;:[&quot;desktop&quot;,&quot;tablet&quot;,&quot;mobile&quot;]}\">\n\t\t\t\t<div class=\"elementor-element elementor-element-12cce16 elementor-widget__width-initial elementor-invisible elementor-widget elementor-widget-heading\" data-id=\"12cce16\" data-element_type=\"widget\" data-settings=\"{&quot;_animation&quot;:&quot;fadeIn&quot;}\" data-widget_type=\"heading.default\">\n\t\t\t\t<div class=\"elementor-widget-container\">\n\t\t\t\t\t<h2 class=\"elementor-heading-title elementor-size-default\">Kundeservice<\/h2>\t\t\t\t<\/div>\n\t\t\t\t<\/div>\n\t\t\t\t<div class=\"elementor-element elementor-element-64a2d27 elementor-widget__width-initial elementor-invisible elementor-widget elementor-widget-text-editor\" data-id=\"64a2d27\" data-element_type=\"widget\" data-settings=\"{&quot;_animation&quot;:&quot;fadeIn&quot;,&quot;_animation_delay&quot;:100}\" data-widget_type=\"text-editor.default\">\n\t\t\t\t<div class=\"elementor-widget-container\">\n\t\t\t\t\t\t\t\t\t<p>Automatis\u00e9r en stor del af dine opkald samt chat-trafik og \u00f8g kundeinteraktionen hver dag. InDialog sikrer, at der er den rigtige balance mellem menneske og robot.<\/p>\t\t\t\t\t\t\t\t<\/div>\n\t\t\t\t<\/div>\n\t\t\t\t<\/div>\n\t\t<div class=\"elementor-element elementor-element-14ec88c e-con-full e-flex e-con e-child\" data-id=\"14ec88c\" data-element_type=\"container\" data-settings=\"{&quot;background_background&quot;:&quot;classic&quot;}\">\n\t\t\t\t<div class=\"elementor-element elementor-element-b055db8 elementor-view-default elementor-invisible elementor-widget elementor-widget-icon\" data-id=\"b055db8\" data-element_type=\"widget\" data-settings=\"{&quot;_animation&quot;:&quot;zoomIn&quot;}\" data-widget_type=\"icon.default\">\n\t\t\t\t<div class=\"elementor-widget-container\">\n\t\t\t\t\t\t\t<div class=\"elementor-icon-wrapper\">\n\t\t\t<div class=\"elementor-icon\">\n\t\t\t<svg xmlns=\"http:\/\/www.w3.org\/2000\/svg\" viewbox=\"0 0 512 512\"><path d=\"M71.9 376.4l3.6-9.6-7.3-7.3C35.2 326.3 16 284.7 16 240C16 136.9 120.2 48 256 48s240 88.9 240 192s-104.2 192-240 192c-30 0-58.6-4.4-85-12.4l-4.6-1.4-4.6 1.4L42.3 455.4l29.6-79zM16 480l19.3-5.8 131.1-39.3c27.9 8.5 58.1 13.1 89.6 13.1c141.4 0 256-93.1 256-208S397.4 32 256 32S0 125.1 0 240c0 49.6 21.3 95.1 56.9 130.8L23.1 461.2 16 480zM192 208a16 16 0 1 0 0-32 16 16 0 1 0 0 32zm128 0a16 16 0 1 0 0-32 16 16 0 1 0 0 32zM167.2 276.7l-11.9 10.7 5.3 6C184 319.5 218.1 336 256 336s72-16.5 95.4-42.7l5.3-6-11.9-10.7-5.3 6C319 305.6 289.2 320 256 320s-63-14.4-83.5-37.3l-5.3-6z\"><\/path><\/svg>\t\t\t<\/div>\n\t\t<\/div>\n\t\t\t\t\t\t<\/div>\n\t\t\t\t<\/div>\n\t\t\t\t<\/div>\n\t\t\t\t\t<\/div>\n\t\t\t\t<\/div>\n\t\t<div class=\"elementor-element elementor-element-f439db0 e-flex e-con-boxed e-con e-parent\" data-id=\"f439db0\" data-element_type=\"container\" data-settings=\"{&quot;background_background&quot;:&quot;classic&quot;}\">\n\t\t\t\t\t<div class=\"e-con-inner\">\n\t\t<div class=\"elementor-element elementor-element-530f98c e-con-full e-flex e-con e-child\" data-id=\"530f98c\" data-element_type=\"container\" data-settings=\"{&quot;background_background&quot;:&quot;classic&quot;}\">\n\t\t\t\t<div class=\"elementor-element elementor-element-9d42d07 elementor-view-default elementor-invisible elementor-widget elementor-widget-icon\" data-id=\"9d42d07\" data-element_type=\"widget\" data-settings=\"{&quot;_animation&quot;:&quot;zoomIn&quot;}\" data-widget_type=\"icon.default\">\n\t\t\t\t<div class=\"elementor-widget-container\">\n\t\t\t\t\t\t\t<div class=\"elementor-icon-wrapper\">\n\t\t\t<div class=\"elementor-icon\">\n\t\t\t<svg xmlns=\"http:\/\/www.w3.org\/2000\/svg\" viewbox=\"0 0 448 512\"><path d=\"M128 0l0 8 0 56 192 0 0-56 0-8 16 0 0 8 0 56 96 0 16 0 0 16 0 96 0 16 0 304 0 16-16 0L16 512 0 512l0-16L0 192l0-16L0 80 0 64l16 0 96 0 0-56 0-8 16 0zM432 192L16 192l0 304 416 0 0-304zM112 120l0-40L16 80l0 96 416 0 0-96-96 0 0 40 0 8-16 0 0-8 0-40L128 80l0 40 0 8-16 0 0-8zM376 288l-8 0-192 0-8 0 0-16 8 0 192 0 8 0 0 16zM272 416L80 416l-8 0 0-16 8 0 192 0 8 0 0 16-8 0zM120 264l-48 0 0 48 48 0 0-48zM72 248l48 0 16 0 0 16 0 48 0 16-16 0-48 0-16 0 0-16 0-48 0-16 16 0zM328 392l0 48 48 0 0-48-48 0zm-16-16l16 0 48 0 16 0 0 16 0 48 0 16-16 0-48 0-16 0 0-16 0-48 0-16z\"><\/path><\/svg>\t\t\t<\/div>\n\t\t<\/div>\n\t\t\t\t\t\t<\/div>\n\t\t\t\t<\/div>\n\t\t\t\t<\/div>\n\t\t<div class=\"elementor-element elementor-element-f5364c7 e-con-full e-flex e-con e-child\" data-id=\"f5364c7\" data-element_type=\"container\" data-settings=\"{&quot;motion_fx_motion_fx_scrolling&quot;:&quot;yes&quot;,&quot;motion_fx_devices&quot;:[&quot;desktop&quot;,&quot;tablet&quot;,&quot;mobile&quot;]}\">\n\t\t\t\t<div class=\"elementor-element elementor-element-f23c833 elementor-widget__width-initial elementor-invisible elementor-widget elementor-widget-heading\" data-id=\"f23c833\" data-element_type=\"widget\" data-settings=\"{&quot;_animation&quot;:&quot;fadeIn&quot;}\" data-widget_type=\"heading.default\">\n\t\t\t\t<div class=\"elementor-widget-container\">\n\t\t\t\t\t<h2 class=\"elementor-heading-title elementor-size-default\">Book m\u00f8der<\/h2>\t\t\t\t<\/div>\n\t\t\t\t<\/div>\n\t\t\t\t<div class=\"elementor-element elementor-element-41036a8 elementor-widget__width-initial elementor-invisible elementor-widget elementor-widget-text-editor\" data-id=\"41036a8\" data-element_type=\"widget\" data-settings=\"{&quot;_animation&quot;:&quot;fadeIn&quot;,&quot;_animation_delay&quot;:100}\" data-widget_type=\"text-editor.default\">\n\t\t\t\t<div class=\"elementor-widget-container\">\n\t\t\t\t\t\t\t\t\t<p>Dine kunder kan booke deres n\u00e6ste m\u00f8de med deres bankr\u00e5dgiver gennem Voicebotten eller Chatbotten og f\u00e5 godkendelse samt p\u00e5mindelser med SMSbotten.<\/p>\t\t\t\t\t\t\t\t<\/div>\n\t\t\t\t<\/div>\n\t\t\t\t<\/div>\n\t\t\t\t\t<\/div>\n\t\t\t\t<\/div>\n\t\t<div class=\"elementor-element elementor-element-5b6ba0b e-flex e-con-boxed e-con e-parent\" data-id=\"5b6ba0b\" data-element_type=\"container\" data-settings=\"{&quot;background_background&quot;:&quot;classic&quot;}\">\n\t\t\t\t\t<div class=\"e-con-inner\">\n\t\t<div class=\"elementor-element elementor-element-c24d03b e-con-full e-flex e-con e-child\" data-id=\"c24d03b\" data-element_type=\"container\" data-settings=\"{&quot;motion_fx_motion_fx_scrolling&quot;:&quot;yes&quot;,&quot;motion_fx_devices&quot;:[&quot;desktop&quot;,&quot;tablet&quot;,&quot;mobile&quot;]}\">\n\t\t\t\t<div class=\"elementor-element elementor-element-d9cbc28 elementor-widget__width-initial elementor-invisible elementor-widget elementor-widget-heading\" data-id=\"d9cbc28\" data-element_type=\"widget\" data-settings=\"{&quot;_animation&quot;:&quot;fadeIn&quot;}\" data-widget_type=\"heading.default\">\n\t\t\t\t<div class=\"elementor-widget-container\">\n\t\t\t\t\t<h2 class=\"elementor-heading-title elementor-size-default\">Sp\u00f8rg en ekspert<\/h2>\t\t\t\t<\/div>\n\t\t\t\t<\/div>\n\t\t\t\t<div class=\"elementor-element elementor-element-b30edb5 elementor-widget__width-initial elementor-invisible elementor-widget elementor-widget-text-editor\" data-id=\"b30edb5\" data-element_type=\"widget\" data-settings=\"{&quot;_animation&quot;:&quot;fadeIn&quot;,&quot;_animation_delay&quot;:100}\" data-widget_type=\"text-editor.default\">\n\t\t\t\t<div class=\"elementor-widget-container\">\n\t\t\t\t\t\t\t\t\t<p>Voicebotten fungerer som en bankekspert, der kan give dine kunder information omkring forbrugerl\u00e5n, realkreditl\u00e5n og andre services. N\u00e5r kunden er interesseret i en l\u00f8sning, sender botten dem videre til en medarbejder eller booker et m\u00f8de.<\/p>\t\t\t\t\t\t\t\t<\/div>\n\t\t\t\t<\/div>\n\t\t\t\t<\/div>\n\t\t<div class=\"elementor-element elementor-element-1affaae e-con-full e-flex e-con e-child\" data-id=\"1affaae\" data-element_type=\"container\" data-settings=\"{&quot;background_background&quot;:&quot;classic&quot;}\">\n\t\t\t\t<div class=\"elementor-element elementor-element-bdee122 elementor-view-default elementor-invisible elementor-widget elementor-widget-icon\" data-id=\"bdee122\" data-element_type=\"widget\" data-settings=\"{&quot;_animation&quot;:&quot;zoomIn&quot;}\" data-widget_type=\"icon.default\">\n\t\t\t\t<div class=\"elementor-widget-container\">\n\t\t\t\t\t\t\t<div class=\"elementor-icon-wrapper\">\n\t\t\t<div class=\"elementor-icon\">\n\t\t\t<svg xmlns=\"http:\/\/www.w3.org\/2000\/svg\" viewbox=\"0 0 512 512\"><path d=\"M496 256A240 240 0 1 0 16 256a240 240 0 1 0 480 0zM0 256a256 256 0 1 1 512 0A256 256 0 1 1 0 256zm168-56c0-30.9 25.1-56 56-56l56.2 0c35.2 0 63.8 28.6 63.8 63.8c0 21.4-10.8 41.5-28.7 53.3L264 294.9l0 25.1 0 8-16 0 0-8 0-29.5 0-4.3 3.6-2.4 54.9-36.2c13.4-8.8 21.5-23.8 21.5-39.9c0-26.4-21.4-47.8-47.8-47.8L224 160c-22.1 0-40 17.9-40 40l0 6.5-16 0 0-6.5zm72 184l0-32 32 0 0 32-32 0z\"><\/path><\/svg>\t\t\t<\/div>\n\t\t<\/div>\n\t\t\t\t\t\t<\/div>\n\t\t\t\t<\/div>\n\t\t\t\t<\/div>\n\t\t\t\t\t<\/div>\n\t\t\t\t<\/div>\n\t\t<div class=\"elementor-element elementor-element-fd14aa0 e-flex e-con-boxed e-con e-parent\" data-id=\"fd14aa0\" data-element_type=\"container\" data-settings=\"{&quot;background_background&quot;:&quot;classic&quot;}\">\n\t\t\t\t\t<div class=\"e-con-inner\">\n\t\t<div class=\"elementor-element elementor-element-61ca93b e-con-full e-flex e-con e-child\" data-id=\"61ca93b\" data-element_type=\"container\" data-settings=\"{&quot;background_background&quot;:&quot;classic&quot;}\">\n\t\t\t\t<div class=\"elementor-element elementor-element-4714b7b elementor-view-default elementor-invisible elementor-widget elementor-widget-icon\" data-id=\"4714b7b\" data-element_type=\"widget\" data-settings=\"{&quot;_animation&quot;:&quot;zoomIn&quot;}\" data-widget_type=\"icon.default\">\n\t\t\t\t<div class=\"elementor-widget-container\">\n\t\t\t\t\t\t\t<div class=\"elementor-icon-wrapper\">\n\t\t\t<div class=\"elementor-icon\">\n\t\t\t<svg xmlns=\"http:\/\/www.w3.org\/2000\/svg\" viewbox=\"0 0 448 512\"><path d=\"M0 32l8 0 128 0 8 0 0 8 0 216c0 44.2 35.8 80 80 80s80-35.8 80-80l0-216 0-8 8 0 128 0 8 0 0 8 0 216c0 123.7-100.3 224-224 224S0 379.7 0 256L0 40l0-8zM16 48l0 96 112 0 0-96L16 48zm0 208c0 114.9 93.1 208 208 208s208-93.1 208-208l0-96-112 0 0 96c0 53-43 96-96 96s-96-43-96-96l0-96L16 160l0 96zM432 144l0-96L320 48l0 96 112 0z\"><\/path><\/svg>\t\t\t<\/div>\n\t\t<\/div>\n\t\t\t\t\t\t<\/div>\n\t\t\t\t<\/div>\n\t\t\t\t<\/div>\n\t\t<div class=\"elementor-element elementor-element-a6c7190 e-con-full e-flex e-con e-child\" data-id=\"a6c7190\" data-element_type=\"container\" data-settings=\"{&quot;motion_fx_motion_fx_scrolling&quot;:&quot;yes&quot;,&quot;motion_fx_devices&quot;:[&quot;desktop&quot;,&quot;tablet&quot;,&quot;mobile&quot;]}\">\n\t\t\t\t<div class=\"elementor-element elementor-element-b7348ea elementor-widget__width-initial elementor-invisible elementor-widget elementor-widget-heading\" data-id=\"b7348ea\" data-element_type=\"widget\" data-settings=\"{&quot;_animation&quot;:&quot;fadeIn&quot;}\" data-widget_type=\"heading.default\">\n\t\t\t\t<div class=\"elementor-widget-container\">\n\t\t\t\t\t<h2 class=\"elementor-heading-title elementor-size-default\">Leadgenerering<\/h2>\t\t\t\t<\/div>\n\t\t\t\t<\/div>\n\t\t\t\t<div class=\"elementor-element elementor-element-2b71ee7 elementor-widget__width-initial elementor-invisible elementor-widget elementor-widget-text-editor\" data-id=\"2b71ee7\" data-element_type=\"widget\" data-settings=\"{&quot;_animation&quot;:&quot;fadeIn&quot;,&quot;_animation_delay&quot;:100}\" data-widget_type=\"text-editor.default\">\n\t\t\t\t<div class=\"elementor-widget-container\">\n\t\t\t\t\t\t\t\t\t<p>Botten \u00f8ger kundeinteraktionen og den forbedrer chancerne for, at konvertere en bes\u00f8gende p\u00e5 dit website til en faktisk kunde. Samtidig bliver det ogs\u00e5 lettere for potentielle kunder at ringe ind med sp\u00f8rgsm\u00e5l.<\/p>\t\t\t\t\t\t\t\t<\/div>\n\t\t\t\t<\/div>\n\t\t\t\t<\/div>\n\t\t\t\t\t<\/div>\n\t\t\t\t<\/div>\n\t\t\t\t<\/div>","protected":false},"excerpt":{"rendered":"<p>Book en demo Kundeservice Automatis\u00e9r en stor del af dine opkald samt chat-trafik og \u00f8g kundeinteraktionen hver dag. InDialog sikrer, at der er den rigtige balance mellem menneske og robot. Book m\u00f8der Dine kunder kan booke deres n\u00e6ste m\u00f8de med deres bankr\u00e5dgiver gennem Voicebotten eller Chatbotten og f\u00e5 godkendelse samt p\u00e5mindelser med SMSbotten. Sp\u00f8rg en [&hellip;]<\/p>","protected":false},"author":1,"featured_media":0,"parent":1564,"menu_order":0,"comment_status":"closed","ping_status":"closed","template":"","meta":{"footnotes":""},"class_list":["post-1673","page","type-page","status-publish","hentry"],"yoast_head":"<!-- This site is optimized with the Yoast SEO plugin v26.9 - https:\/\/yoast.com\/product\/yoast-seo-wordpress\/ -->\n<title>Banker - InDialog<\/title>\n<meta name=\"robots\" content=\"noindex, follow, max-snippet:-1, max-image-preview:large, max-video-preview:-1\" \/>\n<meta property=\"og:locale\" content=\"en_GB\" \/>\n<meta property=\"og:type\" content=\"article\" \/>\n<meta property=\"og:title\" content=\"Banker - InDialog\" \/>\n<meta property=\"og:description\" content=\"Book en demo Kundeservice Automatis\u00e9r en stor del af dine opkald samt chat-trafik og \u00f8g kundeinteraktionen hver dag. InDialog sikrer, at der er den rigtige balance mellem menneske og robot. Book m\u00f8der Dine kunder kan booke deres n\u00e6ste m\u00f8de med deres bankr\u00e5dgiver gennem Voicebotten eller Chatbotten og f\u00e5 godkendelse samt p\u00e5mindelser med SMSbotten. Sp\u00f8rg en [&hellip;]\" \/>\n<meta property=\"og:url\" content=\"https:\/\/indialog.auxodev1.dk\/en\/industri\/banker\/\" \/>\n<meta property=\"og:site_name\" content=\"InDialog\" \/>\n<meta property=\"article:modified_time\" content=\"2025-02-11T14:28:46+00:00\" \/>\n<meta name=\"twitter:card\" content=\"summary_large_image\" \/>\n<meta name=\"twitter:label1\" content=\"Estimated reading time\" \/>\n\t<meta name=\"twitter:data1\" content=\"1 minute\" \/>\n<script type=\"application\/ld+json\" class=\"yoast-schema-graph\">{\"@context\":\"https:\/\/schema.org\",\"@graph\":[{\"@type\":\"WebPage\",\"@id\":\"https:\/\/indialog.auxodev1.dk\/industri\/banker\/\",\"url\":\"https:\/\/indialog.auxodev1.dk\/industri\/banker\/\",\"name\":\"Banker - InDialog\",\"isPartOf\":{\"@id\":\"https:\/\/indialog.auxodev1.dk\/#website\"},\"datePublished\":\"2025-02-10T09:08:34+00:00\",\"dateModified\":\"2025-02-11T14:28:46+00:00\",\"breadcrumb\":{\"@id\":\"https:\/\/indialog.auxodev1.dk\/industri\/banker\/#breadcrumb\"},\"inLanguage\":\"en-GB\",\"potentialAction\":[{\"@type\":\"ReadAction\",\"target\":[\"https:\/\/indialog.auxodev1.dk\/industri\/banker\/\"]}]},{\"@type\":\"BreadcrumbList\",\"@id\":\"https:\/\/indialog.auxodev1.dk\/industri\/banker\/#breadcrumb\",\"itemListElement\":[{\"@type\":\"ListItem\",\"position\":1,\"name\":\"Industri\",\"item\":\"https:\/\/indialog.auxodev1.dk\/industri\/\"},{\"@type\":\"ListItem\",\"position\":2,\"name\":\"Banker\"}]},{\"@type\":\"WebSite\",\"@id\":\"https:\/\/indialog.auxodev1.dk\/#website\",\"url\":\"https:\/\/indialog.auxodev1.dk\/\",\"name\":\"InDialog\",\"description\":\"\",\"publisher\":{\"@id\":\"https:\/\/indialog.auxodev1.dk\/#organization\"},\"potentialAction\":[{\"@type\":\"SearchAction\",\"target\":{\"@type\":\"EntryPoint\",\"urlTemplate\":\"https:\/\/indialog.auxodev1.dk\/?s={search_term_string}\"},\"query-input\":{\"@type\":\"PropertyValueSpecification\",\"valueRequired\":true,\"valueName\":\"search_term_string\"}}],\"inLanguage\":\"en-GB\"},{\"@type\":\"Organization\",\"@id\":\"https:\/\/indialog.auxodev1.dk\/#organization\",\"name\":\"InDialog\",\"url\":\"https:\/\/indialog.auxodev1.dk\/\",\"logo\":{\"@type\":\"ImageObject\",\"inLanguage\":\"en-GB\",\"@id\":\"https:\/\/indialog.auxodev1.dk\/#\/schema\/logo\/image\/\",\"url\":\"https:\/\/indialog.auxodev1.dk\/wp-content\/uploads\/InDialog-white-2.png\",\"contentUrl\":\"https:\/\/indialog.auxodev1.dk\/wp-content\/uploads\/InDialog-white-2.png\",\"width\":556,\"height\":117,\"caption\":\"InDialog\"},\"image\":{\"@id\":\"https:\/\/indialog.auxodev1.dk\/#\/schema\/logo\/image\/\"}}]}<\/script>\n<!-- \/ Yoast SEO plugin. -->","yoast_head_json":{"title":"Banker - InDialog","robots":{"index":"noindex","follow":"follow","max-snippet":"max-snippet:-1","max-image-preview":"max-image-preview:large","max-video-preview":"max-video-preview:-1"},"og_locale":"en_GB","og_type":"article","og_title":"Banker - InDialog","og_description":"Book en demo Kundeservice Automatis\u00e9r en stor del af dine opkald samt chat-trafik og \u00f8g kundeinteraktionen hver dag. InDialog sikrer, at der er den rigtige balance mellem menneske og robot. Book m\u00f8der Dine kunder kan booke deres n\u00e6ste m\u00f8de med deres bankr\u00e5dgiver gennem Voicebotten eller Chatbotten og f\u00e5 godkendelse samt p\u00e5mindelser med SMSbotten. Sp\u00f8rg en [&hellip;]","og_url":"https:\/\/indialog.auxodev1.dk\/en\/industri\/banker\/","og_site_name":"InDialog","article_modified_time":"2025-02-11T14:28:46+00:00","twitter_card":"summary_large_image","twitter_misc":{"Estimated reading time":"1 minute"},"schema":{"@context":"https:\/\/schema.org","@graph":[{"@type":"WebPage","@id":"https:\/\/indialog.auxodev1.dk\/industri\/banker\/","url":"https:\/\/indialog.auxodev1.dk\/industri\/banker\/","name":"Banker - InDialog","isPartOf":{"@id":"https:\/\/indialog.auxodev1.dk\/#website"},"datePublished":"2025-02-10T09:08:34+00:00","dateModified":"2025-02-11T14:28:46+00:00","breadcrumb":{"@id":"https:\/\/indialog.auxodev1.dk\/industri\/banker\/#breadcrumb"},"inLanguage":"en-GB","potentialAction":[{"@type":"ReadAction","target":["https:\/\/indialog.auxodev1.dk\/industri\/banker\/"]}]},{"@type":"BreadcrumbList","@id":"https:\/\/indialog.auxodev1.dk\/industri\/banker\/#breadcrumb","itemListElement":[{"@type":"ListItem","position":1,"name":"Industri","item":"https:\/\/indialog.auxodev1.dk\/industri\/"},{"@type":"ListItem","position":2,"name":"Banker"}]},{"@type":"WebSite","@id":"https:\/\/indialog.auxodev1.dk\/#website","url":"https:\/\/indialog.auxodev1.dk\/","name":"InDialog","description":"","publisher":{"@id":"https:\/\/indialog.auxodev1.dk\/#organization"},"potentialAction":[{"@type":"SearchAction","target":{"@type":"EntryPoint","urlTemplate":"https:\/\/indialog.auxodev1.dk\/?s={search_term_string}"},"query-input":{"@type":"PropertyValueSpecification","valueRequired":true,"valueName":"search_term_string"}}],"inLanguage":"en-GB"},{"@type":"Organization","@id":"https:\/\/indialog.auxodev1.dk\/#organization","name":"InDialog","url":"https:\/\/indialog.auxodev1.dk\/","logo":{"@type":"ImageObject","inLanguage":"en-GB","@id":"https:\/\/indialog.auxodev1.dk\/#\/schema\/logo\/image\/","url":"https:\/\/indialog.auxodev1.dk\/wp-content\/uploads\/InDialog-white-2.png","contentUrl":"https:\/\/indialog.auxodev1.dk\/wp-content\/uploads\/InDialog-white-2.png","width":556,"height":117,"caption":"InDialog"},"image":{"@id":"https:\/\/indialog.auxodev1.dk\/#\/schema\/logo\/image\/"}}]}},"_links":{"self":[{"href":"https:\/\/indialog.auxodev1.dk\/en\/wp-json\/wp\/v2\/pages\/1673","targetHints":{"allow":["GET"]}}],"collection":[{"href":"https:\/\/indialog.auxodev1.dk\/en\/wp-json\/wp\/v2\/pages"}],"about":[{"href":"https:\/\/indialog.auxodev1.dk\/en\/wp-json\/wp\/v2\/types\/page"}],"author":[{"embeddable":true,"href":"https:\/\/indialog.auxodev1.dk\/en\/wp-json\/wp\/v2\/users\/1"}],"replies":[{"embeddable":true,"href":"https:\/\/indialog.auxodev1.dk\/en\/wp-json\/wp\/v2\/comments?post=1673"}],"version-history":[{"count":10,"href":"https:\/\/indialog.auxodev1.dk\/en\/wp-json\/wp\/v2\/pages\/1673\/revisions"}],"predecessor-version":[{"id":2376,"href":"https:\/\/indialog.auxodev1.dk\/en\/wp-json\/wp\/v2\/pages\/1673\/revisions\/2376"}],"up":[{"embeddable":true,"href":"https:\/\/indialog.auxodev1.dk\/en\/wp-json\/wp\/v2\/pages\/1564"}],"wp:attachment":[{"href":"https:\/\/indialog.auxodev1.dk\/en\/wp-json\/wp\/v2\/media?parent=1673"}],"curies":[{"name":"wp","href":"https:\/\/api.w.org\/{rel}","templated":true}]}}