{"id":1574,"date":"2025-02-10T08:55:22","date_gmt":"2025-02-10T07:55:22","guid":{"rendered":"https:\/\/indialog.auxodev1.dk\/?page_id=1574"},"modified":"2025-02-11T15:35:05","modified_gmt":"2025-02-11T14:35:05","slug":"turisme","status":"publish","type":"page","link":"https:\/\/indialog.auxodev1.dk\/en\/industri\/turisme\/","title":{"rendered":"Turisme"},"content":{"rendered":"<div data-elementor-type=\"wp-page\" data-elementor-id=\"1574\" class=\"elementor elementor-1574\" data-elementor-post-type=\"page\">\n\t\t\t\t<div class=\"elementor-element elementor-element-eca1361 e-flex e-con-boxed e-con e-parent\" data-id=\"eca1361\" data-element_type=\"container\" data-settings=\"{&quot;background_background&quot;:&quot;classic&quot;,&quot;background_motion_fx_motion_fx_scrolling&quot;:&quot;yes&quot;,&quot;background_motion_fx_devices&quot;:[&quot;desktop&quot;,&quot;tablet&quot;,&quot;mobile&quot;]}\">\n\t\t\t\t\t<div class=\"e-con-inner\">\n\t\t<div class=\"elementor-element elementor-element-e3f331f e-con-full e-flex e-con e-child\" data-id=\"e3f331f\" data-element_type=\"container\">\n\t\t\t\t<div class=\"elementor-element elementor-element-938adde elementor-align-left elementor-invisible elementor-widget elementor-widget-button\" data-id=\"938adde\" data-element_type=\"widget\" data-settings=\"{&quot;_animation&quot;:&quot;fadeInUp&quot;}\" data-widget_type=\"button.default\">\n\t\t\t\t<div class=\"elementor-widget-container\">\n\t\t\t\t\t\t\t\t\t<div class=\"elementor-button-wrapper\">\n\t\t\t\t\t<a class=\"elementor-button elementor-button-link elementor-size-sm elementor-animation-shrink\" href=\"https:\/\/indialog.auxodev1.dk\/en\/kontakt\/\">\n\t\t\t\t\t\t<span class=\"elementor-button-content-wrapper\">\n\t\t\t\t\t\t<span class=\"elementor-button-icon\">\n\t\t\t\t<i aria-hidden=\"true\" class=\"far fa-angle-double-right\"><\/i>\t\t\t<\/span>\n\t\t\t\t\t\t\t\t\t<span class=\"elementor-button-text\">Book en demo<\/span>\n\t\t\t\t\t<\/span>\n\t\t\t\t\t<\/a>\n\t\t\t\t<\/div>\n\t\t\t\t\t\t\t\t<\/div>\n\t\t\t\t<\/div>\n\t\t\t\t<\/div>\n\t\t\t\t\t<\/div>\n\t\t\t\t<\/div>\n\t\t<div class=\"elementor-element elementor-element-7e72e8d e-flex e-con-boxed e-con e-parent\" data-id=\"7e72e8d\" data-element_type=\"container\" data-settings=\"{&quot;background_background&quot;:&quot;classic&quot;}\">\n\t\t\t\t\t<div class=\"e-con-inner\">\n\t\t<div class=\"elementor-element elementor-element-da1a40b e-con-full e-flex e-con e-child\" data-id=\"da1a40b\" data-element_type=\"container\" data-settings=\"{&quot;motion_fx_motion_fx_scrolling&quot;:&quot;yes&quot;,&quot;motion_fx_devices&quot;:[&quot;desktop&quot;,&quot;tablet&quot;,&quot;mobile&quot;]}\">\n\t\t\t\t<div class=\"elementor-element elementor-element-6d4f8f9 elementor-widget__width-initial elementor-invisible elementor-widget elementor-widget-heading\" data-id=\"6d4f8f9\" data-element_type=\"widget\" data-settings=\"{&quot;_animation&quot;:&quot;fadeIn&quot;}\" data-widget_type=\"heading.default\">\n\t\t\t\t<div class=\"elementor-widget-container\">\n\t\t\t\t\t<h2 class=\"elementor-heading-title elementor-size-default\">En personlig anbefaling<\/h2>\t\t\t\t<\/div>\n\t\t\t\t<\/div>\n\t\t\t\t<div class=\"elementor-element elementor-element-b8fd1e1 elementor-widget__width-initial elementor-invisible elementor-widget elementor-widget-text-editor\" data-id=\"b8fd1e1\" data-element_type=\"widget\" data-settings=\"{&quot;_animation&quot;:&quot;fadeIn&quot;,&quot;_animation_delay&quot;:100}\" data-widget_type=\"text-editor.default\">\n\t\t\t\t<div class=\"elementor-widget-container\">\n\t\t\t\t\t\t\t\t\t<p>Som turist kan det v\u00e6re sv\u00e6rt at finde ud af, hvilke sev\u00e6rdigheder man skal se, og hvor man skal spise. Voicebotten, Chatbotten og SMSbotten kan give turisterne anbefalinger p\u00e5 baggrund af f\u00e5 sp\u00f8rgsm\u00e5l.<\/p>\t\t\t\t\t\t\t\t<\/div>\n\t\t\t\t<\/div>\n\t\t\t\t<\/div>\n\t\t<div class=\"elementor-element elementor-element-7b9c395 e-con-full e-flex e-con e-child\" data-id=\"7b9c395\" data-element_type=\"container\" data-settings=\"{&quot;background_background&quot;:&quot;classic&quot;}\">\n\t\t\t\t<div class=\"elementor-element elementor-element-da61323 elementor-view-default elementor-invisible elementor-widget elementor-widget-icon\" data-id=\"da61323\" data-element_type=\"widget\" data-settings=\"{&quot;_animation&quot;:&quot;zoomIn&quot;}\" data-widget_type=\"icon.default\">\n\t\t\t\t<div class=\"elementor-widget-container\">\n\t\t\t\t\t\t\t<div class=\"elementor-icon-wrapper\">\n\t\t\t<div class=\"elementor-icon\">\n\t\t\t<svg xmlns=\"http:\/\/www.w3.org\/2000\/svg\" viewbox=\"0 0 384 512\"><path d=\"M295.4 201.1l6 4.3c23.6 17.2 40.4 39.7 51.3 60.5C363.9 287.2 368 305 368 312l0 24-168 0 0-104 0-8-16 0 0 8 0 104L16 336l0-24s0 0 0 0c0-9.4 4.3-28 15.3-49c10.9-20.7 27.6-42.4 51.2-58.9l6.2-4.3 .6-7.5L102.8 16l178.4 0 13.7 177.7 .6 7.3zM200 352l168 0 16 0 0-16 0-24c0-21.3-21.3-81.6-73.2-119.5L297.2 16 336 16l8 0 0-16-8 0L296 0 88 0 48 0 40 0l0 16 8 0 38.8 0L73.3 191C21.3 227.5 0 286.4 0 312l0 24 0 16 16 0 168 0 0 152 0 8 16 0 0-8 0-152z\"><\/path><\/svg>\t\t\t<\/div>\n\t\t<\/div>\n\t\t\t\t\t\t<\/div>\n\t\t\t\t<\/div>\n\t\t\t\t<\/div>\n\t\t\t\t\t<\/div>\n\t\t\t\t<\/div>\n\t\t<div class=\"elementor-element elementor-element-2edd802 e-flex e-con-boxed e-con e-parent\" data-id=\"2edd802\" data-element_type=\"container\" data-settings=\"{&quot;background_background&quot;:&quot;classic&quot;}\">\n\t\t\t\t\t<div class=\"e-con-inner\">\n\t\t<div class=\"elementor-element elementor-element-bba5f8e e-con-full e-flex e-con e-child\" data-id=\"bba5f8e\" data-element_type=\"container\" data-settings=\"{&quot;background_background&quot;:&quot;classic&quot;}\">\n\t\t\t\t<div class=\"elementor-element elementor-element-468fa9a elementor-view-default elementor-invisible elementor-widget elementor-widget-icon\" data-id=\"468fa9a\" data-element_type=\"widget\" data-settings=\"{&quot;_animation&quot;:&quot;zoomIn&quot;}\" data-widget_type=\"icon.default\">\n\t\t\t\t<div class=\"elementor-widget-container\">\n\t\t\t\t\t\t\t<div class=\"elementor-icon-wrapper\">\n\t\t\t<div class=\"elementor-icon\">\n\t\t\t<svg xmlns=\"http:\/\/www.w3.org\/2000\/svg\" viewbox=\"0 0 448 512\"><path d=\"M128 0l0 8 0 56 192 0 0-56 0-8 16 0 0 8 0 56 96 0 16 0 0 16 0 96 0 16 0 304 0 16-16 0L16 512 0 512l0-16L0 192l0-16L0 80 0 64l16 0 96 0 0-56 0-8 16 0zM432 192L16 192l0 304 416 0 0-304zM112 120l0-40L16 80l0 96 416 0 0-96-96 0 0 40 0 8-16 0 0-8 0-40L128 80l0 40 0 8-16 0 0-8zM376 288l-8 0-192 0-8 0 0-16 8 0 192 0 8 0 0 16zM272 416L80 416l-8 0 0-16 8 0 192 0 8 0 0 16-8 0zM120 264l-48 0 0 48 48 0 0-48zM72 248l48 0 16 0 0 16 0 48 0 16-16 0-48 0-16 0 0-16 0-48 0-16 16 0zM328 392l0 48 48 0 0-48-48 0zm-16-16l16 0 48 0 16 0 0 16 0 48 0 16-16 0-48 0-16 0 0-16 0-48 0-16z\"><\/path><\/svg>\t\t\t<\/div>\n\t\t<\/div>\n\t\t\t\t\t\t<\/div>\n\t\t\t\t<\/div>\n\t\t\t\t<\/div>\n\t\t<div class=\"elementor-element elementor-element-df310e4 e-con-full e-flex e-con e-child\" data-id=\"df310e4\" data-element_type=\"container\" data-settings=\"{&quot;motion_fx_motion_fx_scrolling&quot;:&quot;yes&quot;,&quot;motion_fx_devices&quot;:[&quot;desktop&quot;,&quot;tablet&quot;,&quot;mobile&quot;]}\">\n\t\t\t\t<div class=\"elementor-element elementor-element-a98d326 elementor-widget__width-initial elementor-invisible elementor-widget elementor-widget-heading\" data-id=\"a98d326\" data-element_type=\"widget\" data-settings=\"{&quot;_animation&quot;:&quot;fadeIn&quot;}\" data-widget_type=\"heading.default\">\n\t\t\t\t<div class=\"elementor-widget-container\">\n\t\t\t\t\t<h2 class=\"elementor-heading-title elementor-size-default\">Book direkte<\/h2>\t\t\t\t<\/div>\n\t\t\t\t<\/div>\n\t\t\t\t<div class=\"elementor-element elementor-element-8d9e4df elementor-widget__width-initial elementor-invisible elementor-widget elementor-widget-text-editor\" data-id=\"8d9e4df\" data-element_type=\"widget\" data-settings=\"{&quot;_animation&quot;:&quot;fadeIn&quot;,&quot;_animation_delay&quot;:100}\" data-widget_type=\"text-editor.default\">\n\t\t\t\t<div class=\"elementor-widget-container\">\n\t\t\t\t\t\t\t\t\t<p>G\u00f8r det muligt for kunder at booke ture direkte i de forskellige bot-funktioner.<\/p>\t\t\t\t\t\t\t\t<\/div>\n\t\t\t\t<\/div>\n\t\t\t\t<\/div>\n\t\t\t\t\t<\/div>\n\t\t\t\t<\/div>\n\t\t<div class=\"elementor-element elementor-element-254589e e-flex e-con-boxed e-con e-parent\" data-id=\"254589e\" data-element_type=\"container\" data-settings=\"{&quot;background_background&quot;:&quot;classic&quot;}\">\n\t\t\t\t\t<div class=\"e-con-inner\">\n\t\t<div class=\"elementor-element elementor-element-61928e3 e-con-full e-flex e-con e-child\" data-id=\"61928e3\" data-element_type=\"container\" data-settings=\"{&quot;motion_fx_motion_fx_scrolling&quot;:&quot;yes&quot;,&quot;motion_fx_devices&quot;:[&quot;desktop&quot;,&quot;tablet&quot;,&quot;mobile&quot;]}\">\n\t\t\t\t<div class=\"elementor-element elementor-element-d412892 elementor-widget__width-initial elementor-invisible elementor-widget elementor-widget-heading\" data-id=\"d412892\" data-element_type=\"widget\" data-settings=\"{&quot;_animation&quot;:&quot;fadeIn&quot;}\" data-widget_type=\"heading.default\">\n\t\t\t\t<div class=\"elementor-widget-container\">\n\t\t\t\t\t<h2 class=\"elementor-heading-title elementor-size-default\">Taler flere sprog<\/h2>\t\t\t\t<\/div>\n\t\t\t\t<\/div>\n\t\t\t\t<div class=\"elementor-element elementor-element-f018ba8 elementor-widget__width-initial elementor-invisible elementor-widget elementor-widget-text-editor\" data-id=\"f018ba8\" data-element_type=\"widget\" data-settings=\"{&quot;_animation&quot;:&quot;fadeIn&quot;,&quot;_animation_delay&quot;:100}\" data-widget_type=\"text-editor.default\">\n\t\t\t\t<div class=\"elementor-widget-container\">\n\t\t\t\t\t\t\t\t\t<p>Voicebotten kan tale over 20 sprog \u2013 og l\u00e6rer konstant nye sprog. S\u00e5 du kan tilpasse Voicebotten til alle de nationaliteter der ringer til dig.<\/p>\t\t\t\t\t\t\t\t<\/div>\n\t\t\t\t<\/div>\n\t\t\t\t<\/div>\n\t\t<div class=\"elementor-element elementor-element-c33659c e-con-full e-flex e-con e-child\" data-id=\"c33659c\" data-element_type=\"container\" data-settings=\"{&quot;background_background&quot;:&quot;classic&quot;}\">\n\t\t\t\t<div class=\"elementor-element elementor-element-1981965 elementor-view-default elementor-invisible elementor-widget elementor-widget-icon\" data-id=\"1981965\" data-element_type=\"widget\" data-settings=\"{&quot;_animation&quot;:&quot;zoomIn&quot;}\" data-widget_type=\"icon.default\">\n\t\t\t\t<div class=\"elementor-widget-container\">\n\t\t\t\t\t\t\t<div class=\"elementor-icon-wrapper\">\n\t\t\t<div class=\"elementor-icon\">\n\t\t\t<svg xmlns=\"http:\/\/www.w3.org\/2000\/svg\" viewbox=\"0 0 448 512\"><path d=\"M34.3 354.3L28.7 360 40 371.3l5.7-5.7L61 350.3c43.5 40.4 99.5 59.6 155 57.6l0 88.1L64 496l0 16 320 0 0-16-152 0 0-89.3c47-5.2 92.7-25.9 128.7-61.9c82.5-82.5 84.3-215 5.6-299.7l15.4-15.4 5.7-5.7L376 12.7l-5.7 5.7L349.4 39.3l-5.7 5.7 5.7 5.7c78.1 78.1 78.1 204.7 0 282.8s-204.7 78.1-282.8 0l-5.7-5.7-5.7 5.7L34.3 354.3zM64 192a144 144 0 1 1 288 0A144 144 0 1 1 64 192zm304 0A160 160 0 1 0 48 192a160 160 0 1 0 320 0z\"><\/path><\/svg>\t\t\t<\/div>\n\t\t<\/div>\n\t\t\t\t\t\t<\/div>\n\t\t\t\t<\/div>\n\t\t\t\t<\/div>\n\t\t\t\t\t<\/div>\n\t\t\t\t<\/div>\n\t\t<div class=\"elementor-element elementor-element-d3470b6 e-flex e-con-boxed e-con e-parent\" data-id=\"d3470b6\" data-element_type=\"container\" data-settings=\"{&quot;background_background&quot;:&quot;classic&quot;}\">\n\t\t\t\t\t<div class=\"e-con-inner\">\n\t\t<div class=\"elementor-element elementor-element-fe4106a e-con-full e-flex e-con e-child\" data-id=\"fe4106a\" data-element_type=\"container\" data-settings=\"{&quot;background_background&quot;:&quot;classic&quot;}\">\n\t\t\t\t<div class=\"elementor-element elementor-element-45a092d elementor-view-default elementor-invisible elementor-widget elementor-widget-icon\" data-id=\"45a092d\" data-element_type=\"widget\" data-settings=\"{&quot;_animation&quot;:&quot;zoomIn&quot;}\" data-widget_type=\"icon.default\">\n\t\t\t\t<div class=\"elementor-widget-container\">\n\t\t\t\t\t\t\t<div class=\"elementor-icon-wrapper\">\n\t\t\t<div class=\"elementor-icon\">\n\t\t\t<svg xmlns=\"http:\/\/www.w3.org\/2000\/svg\" viewbox=\"0 0 448 512\"><path d=\"M16 8l0-8L0 0 0 8 0 32 0 48 0 336l0 16L0 504l0 8 16 0 0-8 0-152 412.5 0 19.5 0-11.2-16L336 192 436.8 48 448 32l-19.5 0L16 32 16 8zm0 40l401.3 0L322.9 182.8l-6.4 9.2 6.4 9.2L417.3 336 16 336 16 48z\"><\/path><\/svg>\t\t\t<\/div>\n\t\t<\/div>\n\t\t\t\t\t\t<\/div>\n\t\t\t\t<\/div>\n\t\t\t\t<\/div>\n\t\t<div class=\"elementor-element elementor-element-5dda19c e-con-full e-flex e-con e-child\" data-id=\"5dda19c\" data-element_type=\"container\" data-settings=\"{&quot;motion_fx_motion_fx_scrolling&quot;:&quot;yes&quot;,&quot;motion_fx_devices&quot;:[&quot;desktop&quot;,&quot;tablet&quot;,&quot;mobile&quot;]}\">\n\t\t\t\t<div class=\"elementor-element elementor-element-07cfd03 elementor-widget__width-initial elementor-invisible elementor-widget elementor-widget-heading\" data-id=\"07cfd03\" data-element_type=\"widget\" data-settings=\"{&quot;_animation&quot;:&quot;fadeIn&quot;}\" data-widget_type=\"heading.default\">\n\t\t\t\t<div class=\"elementor-widget-container\">\n\t\t\t\t\t<h2 class=\"elementor-heading-title elementor-size-default\">Live opdateringer<\/h2>\t\t\t\t<\/div>\n\t\t\t\t<\/div>\n\t\t\t\t<div class=\"elementor-element elementor-element-8a67e7a elementor-widget__width-initial elementor-invisible elementor-widget elementor-widget-text-editor\" data-id=\"8a67e7a\" data-element_type=\"widget\" data-settings=\"{&quot;_animation&quot;:&quot;fadeIn&quot;,&quot;_animation_delay&quot;:100}\" data-widget_type=\"text-editor.default\">\n\t\t\t\t<div class=\"elementor-widget-container\">\n\t\t\t\t\t\t\t\t\t<p>Botten kan give dine kunder live opdateringer. F.eks. om hvor lang k\u00f8en er til en specifik forlystelse eller konstante opdateringer p\u00e5 begivenheder.<\/p>\t\t\t\t\t\t\t\t<\/div>\n\t\t\t\t<\/div>\n\t\t\t\t<\/div>\n\t\t\t\t\t<\/div>\n\t\t\t\t<\/div>\n\t\t\t\t<\/div>","protected":false},"excerpt":{"rendered":"<p>Book en demo En personlig anbefaling Som turist kan det v\u00e6re sv\u00e6rt at finde ud af, hvilke sev\u00e6rdigheder man skal se, og hvor man skal spise. Voicebotten, Chatbotten og SMSbotten kan give turisterne anbefalinger p\u00e5 baggrund af f\u00e5 sp\u00f8rgsm\u00e5l. Book direkte G\u00f8r det muligt for kunder at booke ture direkte i de forskellige bot-funktioner. Taler [&hellip;]<\/p>","protected":false},"author":1,"featured_media":0,"parent":1564,"menu_order":0,"comment_status":"closed","ping_status":"closed","template":"","meta":{"footnotes":""},"class_list":["post-1574","page","type-page","status-publish","hentry"],"yoast_head":"<!-- This site is optimized with the Yoast SEO plugin v26.9 - https:\/\/yoast.com\/product\/yoast-seo-wordpress\/ -->\n<title>Turisme - InDialog<\/title>\n<meta name=\"robots\" content=\"noindex, follow, max-snippet:-1, max-image-preview:large, max-video-preview:-1\" \/>\n<meta property=\"og:locale\" content=\"en_GB\" \/>\n<meta property=\"og:type\" content=\"article\" \/>\n<meta property=\"og:title\" content=\"Turisme - InDialog\" \/>\n<meta property=\"og:description\" content=\"Book en demo En personlig anbefaling Som turist kan det v\u00e6re sv\u00e6rt at finde ud af, hvilke sev\u00e6rdigheder man skal se, og hvor man skal spise. Voicebotten, Chatbotten og SMSbotten kan give turisterne anbefalinger p\u00e5 baggrund af f\u00e5 sp\u00f8rgsm\u00e5l. Book direkte G\u00f8r det muligt for kunder at booke ture direkte i de forskellige bot-funktioner. Taler [&hellip;]\" \/>\n<meta property=\"og:url\" content=\"https:\/\/indialog.auxodev1.dk\/en\/industri\/turisme\/\" \/>\n<meta property=\"og:site_name\" content=\"InDialog\" \/>\n<meta property=\"article:modified_time\" content=\"2025-02-11T14:35:05+00:00\" \/>\n<meta name=\"twitter:card\" content=\"summary_large_image\" \/>\n<meta name=\"twitter:label1\" content=\"Estimated reading time\" \/>\n\t<meta name=\"twitter:data1\" content=\"1 minute\" \/>\n<script type=\"application\/ld+json\" class=\"yoast-schema-graph\">{\"@context\":\"https:\/\/schema.org\",\"@graph\":[{\"@type\":\"WebPage\",\"@id\":\"https:\/\/indialog.auxodev1.dk\/industri\/turisme\/\",\"url\":\"https:\/\/indialog.auxodev1.dk\/industri\/turisme\/\",\"name\":\"Turisme - InDialog\",\"isPartOf\":{\"@id\":\"https:\/\/indialog.auxodev1.dk\/#website\"},\"datePublished\":\"2025-02-10T07:55:22+00:00\",\"dateModified\":\"2025-02-11T14:35:05+00:00\",\"breadcrumb\":{\"@id\":\"https:\/\/indialog.auxodev1.dk\/industri\/turisme\/#breadcrumb\"},\"inLanguage\":\"en-GB\",\"potentialAction\":[{\"@type\":\"ReadAction\",\"target\":[\"https:\/\/indialog.auxodev1.dk\/industri\/turisme\/\"]}]},{\"@type\":\"BreadcrumbList\",\"@id\":\"https:\/\/indialog.auxodev1.dk\/industri\/turisme\/#breadcrumb\",\"itemListElement\":[{\"@type\":\"ListItem\",\"position\":1,\"name\":\"Industri\",\"item\":\"https:\/\/indialog.auxodev1.dk\/industri\/\"},{\"@type\":\"ListItem\",\"position\":2,\"name\":\"Turisme\"}]},{\"@type\":\"WebSite\",\"@id\":\"https:\/\/indialog.auxodev1.dk\/#website\",\"url\":\"https:\/\/indialog.auxodev1.dk\/\",\"name\":\"InDialog\",\"description\":\"\",\"publisher\":{\"@id\":\"https:\/\/indialog.auxodev1.dk\/#organization\"},\"potentialAction\":[{\"@type\":\"SearchAction\",\"target\":{\"@type\":\"EntryPoint\",\"urlTemplate\":\"https:\/\/indialog.auxodev1.dk\/?s={search_term_string}\"},\"query-input\":{\"@type\":\"PropertyValueSpecification\",\"valueRequired\":true,\"valueName\":\"search_term_string\"}}],\"inLanguage\":\"en-GB\"},{\"@type\":\"Organization\",\"@id\":\"https:\/\/indialog.auxodev1.dk\/#organization\",\"name\":\"InDialog\",\"url\":\"https:\/\/indialog.auxodev1.dk\/\",\"logo\":{\"@type\":\"ImageObject\",\"inLanguage\":\"en-GB\",\"@id\":\"https:\/\/indialog.auxodev1.dk\/#\/schema\/logo\/image\/\",\"url\":\"https:\/\/indialog.auxodev1.dk\/wp-content\/uploads\/InDialog-white-2.png\",\"contentUrl\":\"https:\/\/indialog.auxodev1.dk\/wp-content\/uploads\/InDialog-white-2.png\",\"width\":556,\"height\":117,\"caption\":\"InDialog\"},\"image\":{\"@id\":\"https:\/\/indialog.auxodev1.dk\/#\/schema\/logo\/image\/\"}}]}<\/script>\n<!-- \/ Yoast SEO plugin. -->","yoast_head_json":{"title":"Turisme - InDialog","robots":{"index":"noindex","follow":"follow","max-snippet":"max-snippet:-1","max-image-preview":"max-image-preview:large","max-video-preview":"max-video-preview:-1"},"og_locale":"en_GB","og_type":"article","og_title":"Turisme - InDialog","og_description":"Book en demo En personlig anbefaling Som turist kan det v\u00e6re sv\u00e6rt at finde ud af, hvilke sev\u00e6rdigheder man skal se, og hvor man skal spise. Voicebotten, Chatbotten og SMSbotten kan give turisterne anbefalinger p\u00e5 baggrund af f\u00e5 sp\u00f8rgsm\u00e5l. Book direkte G\u00f8r det muligt for kunder at booke ture direkte i de forskellige bot-funktioner. Taler [&hellip;]","og_url":"https:\/\/indialog.auxodev1.dk\/en\/industri\/turisme\/","og_site_name":"InDialog","article_modified_time":"2025-02-11T14:35:05+00:00","twitter_card":"summary_large_image","twitter_misc":{"Estimated reading time":"1 minute"},"schema":{"@context":"https:\/\/schema.org","@graph":[{"@type":"WebPage","@id":"https:\/\/indialog.auxodev1.dk\/industri\/turisme\/","url":"https:\/\/indialog.auxodev1.dk\/industri\/turisme\/","name":"Turisme - InDialog","isPartOf":{"@id":"https:\/\/indialog.auxodev1.dk\/#website"},"datePublished":"2025-02-10T07:55:22+00:00","dateModified":"2025-02-11T14:35:05+00:00","breadcrumb":{"@id":"https:\/\/indialog.auxodev1.dk\/industri\/turisme\/#breadcrumb"},"inLanguage":"en-GB","potentialAction":[{"@type":"ReadAction","target":["https:\/\/indialog.auxodev1.dk\/industri\/turisme\/"]}]},{"@type":"BreadcrumbList","@id":"https:\/\/indialog.auxodev1.dk\/industri\/turisme\/#breadcrumb","itemListElement":[{"@type":"ListItem","position":1,"name":"Industri","item":"https:\/\/indialog.auxodev1.dk\/industri\/"},{"@type":"ListItem","position":2,"name":"Turisme"}]},{"@type":"WebSite","@id":"https:\/\/indialog.auxodev1.dk\/#website","url":"https:\/\/indialog.auxodev1.dk\/","name":"InDialog","description":"","publisher":{"@id":"https:\/\/indialog.auxodev1.dk\/#organization"},"potentialAction":[{"@type":"SearchAction","target":{"@type":"EntryPoint","urlTemplate":"https:\/\/indialog.auxodev1.dk\/?s={search_term_string}"},"query-input":{"@type":"PropertyValueSpecification","valueRequired":true,"valueName":"search_term_string"}}],"inLanguage":"en-GB"},{"@type":"Organization","@id":"https:\/\/indialog.auxodev1.dk\/#organization","name":"InDialog","url":"https:\/\/indialog.auxodev1.dk\/","logo":{"@type":"ImageObject","inLanguage":"en-GB","@id":"https:\/\/indialog.auxodev1.dk\/#\/schema\/logo\/image\/","url":"https:\/\/indialog.auxodev1.dk\/wp-content\/uploads\/InDialog-white-2.png","contentUrl":"https:\/\/indialog.auxodev1.dk\/wp-content\/uploads\/InDialog-white-2.png","width":556,"height":117,"caption":"InDialog"},"image":{"@id":"https:\/\/indialog.auxodev1.dk\/#\/schema\/logo\/image\/"}}]}},"_links":{"self":[{"href":"https:\/\/indialog.auxodev1.dk\/en\/wp-json\/wp\/v2\/pages\/1574","targetHints":{"allow":["GET"]}}],"collection":[{"href":"https:\/\/indialog.auxodev1.dk\/en\/wp-json\/wp\/v2\/pages"}],"about":[{"href":"https:\/\/indialog.auxodev1.dk\/en\/wp-json\/wp\/v2\/types\/page"}],"author":[{"embeddable":true,"href":"https:\/\/indialog.auxodev1.dk\/en\/wp-json\/wp\/v2\/users\/1"}],"replies":[{"embeddable":true,"href":"https:\/\/indialog.auxodev1.dk\/en\/wp-json\/wp\/v2\/comments?post=1574"}],"version-history":[{"count":10,"href":"https:\/\/indialog.auxodev1.dk\/en\/wp-json\/wp\/v2\/pages\/1574\/revisions"}],"predecessor-version":[{"id":2383,"href":"https:\/\/indialog.auxodev1.dk\/en\/wp-json\/wp\/v2\/pages\/1574\/revisions\/2383"}],"up":[{"embeddable":true,"href":"https:\/\/indialog.auxodev1.dk\/en\/wp-json\/wp\/v2\/pages\/1564"}],"wp:attachment":[{"href":"https:\/\/indialog.auxodev1.dk\/en\/wp-json\/wp\/v2\/media?parent=1574"}],"curies":[{"name":"wp","href":"https:\/\/api.w.org\/{rel}","templated":true}]}}