{"id":1572,"date":"2025-02-10T08:55:00","date_gmt":"2025-02-10T07:55:00","guid":{"rendered":"https:\/\/indialog.auxodev1.dk\/?page_id=1572"},"modified":"2025-02-11T15:05:05","modified_gmt":"2025-02-11T14:05:05","slug":"sundhedsydelser","status":"publish","type":"page","link":"https:\/\/indialog.auxodev1.dk\/en\/industri\/sundhedsydelser\/","title":{"rendered":"Sundhedsydelser"},"content":{"rendered":"<div data-elementor-type=\"wp-page\" data-elementor-id=\"1572\" class=\"elementor elementor-1572\" data-elementor-post-type=\"page\">\n\t\t\t\t<div class=\"elementor-element elementor-element-3f0b969 e-flex e-con-boxed e-con e-parent\" data-id=\"3f0b969\" data-element_type=\"container\" data-settings=\"{&quot;background_background&quot;:&quot;classic&quot;,&quot;background_motion_fx_motion_fx_scrolling&quot;:&quot;yes&quot;,&quot;background_motion_fx_devices&quot;:[&quot;desktop&quot;,&quot;tablet&quot;,&quot;mobile&quot;]}\">\n\t\t\t\t\t<div class=\"e-con-inner\">\n\t\t<div class=\"elementor-element elementor-element-57a63cc e-con-full e-flex e-con e-child\" data-id=\"57a63cc\" data-element_type=\"container\">\n\t\t\t\t<div class=\"elementor-element elementor-element-ab45b54 elementor-align-left elementor-invisible elementor-widget elementor-widget-button\" data-id=\"ab45b54\" data-element_type=\"widget\" data-settings=\"{&quot;_animation&quot;:&quot;fadeInUp&quot;}\" data-widget_type=\"button.default\">\n\t\t\t\t<div class=\"elementor-widget-container\">\n\t\t\t\t\t\t\t\t\t<div class=\"elementor-button-wrapper\">\n\t\t\t\t\t<a class=\"elementor-button elementor-button-link elementor-size-sm elementor-animation-shrink\" href=\"https:\/\/indialog.auxodev1.dk\/en\/kontakt\/\">\n\t\t\t\t\t\t<span class=\"elementor-button-content-wrapper\">\n\t\t\t\t\t\t<span class=\"elementor-button-icon\">\n\t\t\t\t<i aria-hidden=\"true\" class=\"far fa-angle-double-right\"><\/i>\t\t\t<\/span>\n\t\t\t\t\t\t\t\t\t<span class=\"elementor-button-text\">Book en demo<\/span>\n\t\t\t\t\t<\/span>\n\t\t\t\t\t<\/a>\n\t\t\t\t<\/div>\n\t\t\t\t\t\t\t\t<\/div>\n\t\t\t\t<\/div>\n\t\t\t\t<\/div>\n\t\t\t\t\t<\/div>\n\t\t\t\t<\/div>\n\t\t<div class=\"elementor-element elementor-element-270e25e e-flex e-con-boxed e-con e-parent\" data-id=\"270e25e\" data-element_type=\"container\" data-settings=\"{&quot;background_background&quot;:&quot;classic&quot;}\">\n\t\t\t\t\t<div class=\"e-con-inner\">\n\t\t<div class=\"elementor-element elementor-element-c761fc2 e-con-full e-flex e-con e-child\" data-id=\"c761fc2\" data-element_type=\"container\" data-settings=\"{&quot;motion_fx_motion_fx_scrolling&quot;:&quot;yes&quot;,&quot;motion_fx_devices&quot;:[&quot;desktop&quot;,&quot;tablet&quot;,&quot;mobile&quot;]}\">\n\t\t\t\t<div class=\"elementor-element elementor-element-c660184 elementor-widget__width-initial elementor-invisible elementor-widget elementor-widget-heading\" data-id=\"c660184\" data-element_type=\"widget\" data-settings=\"{&quot;_animation&quot;:&quot;fadeIn&quot;}\" data-widget_type=\"heading.default\">\n\t\t\t\t<div class=\"elementor-widget-container\">\n\t\t\t\t\t<h2 class=\"elementor-heading-title elementor-size-default\">Sikre bedre behandling<\/h2>\t\t\t\t<\/div>\n\t\t\t\t<\/div>\n\t\t\t\t<div class=\"elementor-element elementor-element-c2a8518 elementor-widget__width-initial elementor-invisible elementor-widget elementor-widget-text-editor\" data-id=\"c2a8518\" data-element_type=\"widget\" data-settings=\"{&quot;_animation&quot;:&quot;fadeIn&quot;,&quot;_animation_delay&quot;:100}\" data-widget_type=\"text-editor.default\">\n\t\t\t\t<div class=\"elementor-widget-container\">\n\t\t\t\t\t\t\t\t\tN\u00e5r patienten booker en aftale hos f.eks. l\u00e6gen, kan Voicebotten sp\u00f8rge om, hvorfor patienten har brug for en tid, og ud fra det kan den sende patienten til den rigtige fagperson.\t\t\t\t\t\t\t\t<\/div>\n\t\t\t\t<\/div>\n\t\t\t\t<\/div>\n\t\t<div class=\"elementor-element elementor-element-4099e28 e-con-full e-flex e-con e-child\" data-id=\"4099e28\" data-element_type=\"container\" data-settings=\"{&quot;background_background&quot;:&quot;classic&quot;}\">\n\t\t\t\t<div class=\"elementor-element elementor-element-6b6d93d elementor-view-default elementor-invisible elementor-widget elementor-widget-icon\" data-id=\"6b6d93d\" data-element_type=\"widget\" data-settings=\"{&quot;_animation&quot;:&quot;zoomIn&quot;}\" data-widget_type=\"icon.default\">\n\t\t\t\t<div class=\"elementor-widget-container\">\n\t\t\t\t\t\t\t<div class=\"elementor-icon-wrapper\">\n\t\t\t<div class=\"elementor-icon\">\n\t\t\t<svg xmlns=\"http:\/\/www.w3.org\/2000\/svg\" viewbox=\"0 0 512 512\"><path d=\"M496 256A240 240 0 1 0 16 256a240 240 0 1 0 480 0zM0 256a256 256 0 1 1 512 0A256 256 0 1 1 0 256zm137.4 76.6l13.1-9.2C171.4 353.2 206.6 384 256 384s84.6-30.8 105.4-60.6l13.1 9.2C352.1 364.6 312.7 400 256 400s-96.1-35.4-118.6-67.4zM175.6 200c-14.6 0-30.2 8.6-41 27.9l-3.9 7-13.9-7.8 3.9-7c13.1-23.4 33.6-36.1 55-36.1s41.8 12.7 55 36.1l3.9 7-13.9 7.8-3.9-7c-10.9-19.3-26.4-27.9-41-27.9zm119 27.9l-3.9 7-13.9-7.8 3.9-7c13.1-23.4 33.6-36.1 55-36.1s41.8 12.7 55 36.1l3.9 7-13.9 7.8-3.9-7c-10.9-19.3-26.4-27.9-41-27.9s-30.2 8.6-41 27.9z\"><\/path><\/svg>\t\t\t<\/div>\n\t\t<\/div>\n\t\t\t\t\t\t<\/div>\n\t\t\t\t<\/div>\n\t\t\t\t<\/div>\n\t\t\t\t\t<\/div>\n\t\t\t\t<\/div>\n\t\t<div class=\"elementor-element elementor-element-cb9a3fa e-flex e-con-boxed e-con e-parent\" data-id=\"cb9a3fa\" data-element_type=\"container\" data-settings=\"{&quot;background_background&quot;:&quot;classic&quot;}\">\n\t\t\t\t\t<div class=\"e-con-inner\">\n\t\t<div class=\"elementor-element elementor-element-3df37b0 e-con-full e-flex e-con e-child\" data-id=\"3df37b0\" data-element_type=\"container\" data-settings=\"{&quot;background_background&quot;:&quot;classic&quot;}\">\n\t\t\t\t<div class=\"elementor-element elementor-element-17368dc elementor-view-default elementor-invisible elementor-widget elementor-widget-icon\" data-id=\"17368dc\" data-element_type=\"widget\" data-settings=\"{&quot;_animation&quot;:&quot;zoomIn&quot;}\" data-widget_type=\"icon.default\">\n\t\t\t\t<div class=\"elementor-widget-container\">\n\t\t\t\t\t\t\t<div class=\"elementor-icon-wrapper\">\n\t\t\t<div class=\"elementor-icon\">\n\t\t\t<svg xmlns=\"http:\/\/www.w3.org\/2000\/svg\" viewbox=\"0 0 512 512\"><path d=\"M496 256A240 240 0 1 0 16 256a240 240 0 1 0 480 0zM0 256a256 256 0 1 1 512 0A256 256 0 1 1 0 256zm168-56c0-30.9 25.1-56 56-56l56.2 0c35.2 0 63.8 28.6 63.8 63.8c0 21.4-10.8 41.5-28.7 53.3L264 294.9l0 25.1 0 8-16 0 0-8 0-29.5 0-4.3 3.6-2.4 54.9-36.2c13.4-8.8 21.5-23.8 21.5-39.9c0-26.4-21.4-47.8-47.8-47.8L224 160c-22.1 0-40 17.9-40 40l0 6.5-16 0 0-6.5zm72 184l0-32 32 0 0 32-32 0z\"><\/path><\/svg>\t\t\t<\/div>\n\t\t<\/div>\n\t\t\t\t\t\t<\/div>\n\t\t\t\t<\/div>\n\t\t\t\t<\/div>\n\t\t<div class=\"elementor-element elementor-element-d0d383f e-con-full e-flex e-con e-child\" data-id=\"d0d383f\" data-element_type=\"container\" data-settings=\"{&quot;motion_fx_motion_fx_scrolling&quot;:&quot;yes&quot;,&quot;motion_fx_devices&quot;:[&quot;desktop&quot;,&quot;tablet&quot;,&quot;mobile&quot;]}\">\n\t\t\t\t<div class=\"elementor-element elementor-element-029eb38 elementor-widget__width-initial elementor-invisible elementor-widget elementor-widget-heading\" data-id=\"029eb38\" data-element_type=\"widget\" data-settings=\"{&quot;_animation&quot;:&quot;fadeIn&quot;}\" data-widget_type=\"heading.default\">\n\t\t\t\t<div class=\"elementor-widget-container\">\n\t\t\t\t\t<h2 class=\"elementor-heading-title elementor-size-default\">Sp\u00f8rg en ekspert<\/h2>\t\t\t\t<\/div>\n\t\t\t\t<\/div>\n\t\t\t\t<div class=\"elementor-element elementor-element-4bc0673 elementor-widget__width-initial elementor-invisible elementor-widget elementor-widget-text-editor\" data-id=\"4bc0673\" data-element_type=\"widget\" data-settings=\"{&quot;_animation&quot;:&quot;fadeIn&quot;,&quot;_animation_delay&quot;:100}\" data-widget_type=\"text-editor.default\">\n\t\t\t\t<div class=\"elementor-widget-container\">\n\t\t\t\t\t\t\t\t\tVoicebotten kan fungere som en ekspert assistent og f.eks. hj\u00e6lpe tandl\u00e6ger ved at svare p\u00e5 sp\u00f8rgsm\u00e5l omkring tandb\u00f8rstning, eller hvad man skal g\u00f8re, hvis man har kn\u00e6kket en tand.\t\t\t\t\t\t\t\t<\/div>\n\t\t\t\t<\/div>\n\t\t\t\t<\/div>\n\t\t\t\t\t<\/div>\n\t\t\t\t<\/div>\n\t\t<div class=\"elementor-element elementor-element-bba1429 e-flex e-con-boxed e-con e-parent\" data-id=\"bba1429\" data-element_type=\"container\" data-settings=\"{&quot;background_background&quot;:&quot;classic&quot;}\">\n\t\t\t\t\t<div class=\"e-con-inner\">\n\t\t<div class=\"elementor-element elementor-element-d345f7a e-con-full e-flex e-con e-child\" data-id=\"d345f7a\" data-element_type=\"container\" data-settings=\"{&quot;motion_fx_motion_fx_scrolling&quot;:&quot;yes&quot;,&quot;motion_fx_devices&quot;:[&quot;desktop&quot;,&quot;tablet&quot;,&quot;mobile&quot;]}\">\n\t\t\t\t<div class=\"elementor-element elementor-element-aa15d29 elementor-widget__width-initial elementor-invisible elementor-widget elementor-widget-heading\" data-id=\"aa15d29\" data-element_type=\"widget\" data-settings=\"{&quot;_animation&quot;:&quot;fadeIn&quot;}\" data-widget_type=\"heading.default\">\n\t\t\t\t<div class=\"elementor-widget-container\">\n\t\t\t\t\t<h2 class=\"elementor-heading-title elementor-size-default\">Book konsultationer<\/h2>\t\t\t\t<\/div>\n\t\t\t\t<\/div>\n\t\t\t\t<div class=\"elementor-element elementor-element-2eadecc elementor-widget__width-initial elementor-invisible elementor-widget elementor-widget-text-editor\" data-id=\"2eadecc\" data-element_type=\"widget\" data-settings=\"{&quot;_animation&quot;:&quot;fadeIn&quot;,&quot;_animation_delay&quot;:100}\" data-widget_type=\"text-editor.default\">\n\t\t\t\t<div class=\"elementor-widget-container\">\n\t\t\t\t\t\t\t\t\tUanset om det er en konsultation til en l\u00e6ge, tandl\u00e6ge eller fysioterapeut, s\u00e5 er det muligt at booke konsultationen gennem Voicebotten, Chatbotten eller SMSbotten.\t\t\t\t\t\t\t\t<\/div>\n\t\t\t\t<\/div>\n\t\t\t\t<\/div>\n\t\t<div class=\"elementor-element elementor-element-4deb299 e-con-full e-flex e-con e-child\" data-id=\"4deb299\" data-element_type=\"container\" data-settings=\"{&quot;background_background&quot;:&quot;classic&quot;}\">\n\t\t\t\t<div class=\"elementor-element elementor-element-861acfc elementor-view-default elementor-invisible elementor-widget elementor-widget-icon\" data-id=\"861acfc\" data-element_type=\"widget\" data-settings=\"{&quot;_animation&quot;:&quot;zoomIn&quot;}\" data-widget_type=\"icon.default\">\n\t\t\t\t<div class=\"elementor-widget-container\">\n\t\t\t\t\t\t\t<div class=\"elementor-icon-wrapper\">\n\t\t\t<div class=\"elementor-icon\">\n\t\t\t<svg xmlns=\"http:\/\/www.w3.org\/2000\/svg\" viewbox=\"0 0 448 512\"><path d=\"M128 0l0 8 0 56 192 0 0-56 0-8 16 0 0 8 0 56 96 0 16 0 0 16 0 96 0 16 0 304 0 16-16 0L16 512 0 512l0-16L0 192l0-16L0 80 0 64l16 0 96 0 0-56 0-8 16 0zM432 192L16 192l0 304 416 0 0-304zM112 120l0-40L16 80l0 96 416 0 0-96-96 0 0 40 0 8-16 0 0-8 0-40L128 80l0 40 0 8-16 0 0-8zM376 288l-8 0-192 0-8 0 0-16 8 0 192 0 8 0 0 16zM272 416L80 416l-8 0 0-16 8 0 192 0 8 0 0 16-8 0zM120 264l-48 0 0 48 48 0 0-48zM72 248l48 0 16 0 0 16 0 48 0 16-16 0-48 0-16 0 0-16 0-48 0-16 16 0zM328 392l0 48 48 0 0-48-48 0zm-16-16l16 0 48 0 16 0 0 16 0 48 0 16-16 0-48 0-16 0 0-16 0-48 0-16z\"><\/path><\/svg>\t\t\t<\/div>\n\t\t<\/div>\n\t\t\t\t\t\t<\/div>\n\t\t\t\t<\/div>\n\t\t\t\t<\/div>\n\t\t\t\t\t<\/div>\n\t\t\t\t<\/div>\n\t\t<div class=\"elementor-element elementor-element-75df8ce e-flex e-con-boxed e-con e-parent\" data-id=\"75df8ce\" data-element_type=\"container\" data-settings=\"{&quot;background_background&quot;:&quot;classic&quot;}\">\n\t\t\t\t\t<div class=\"e-con-inner\">\n\t\t<div class=\"elementor-element elementor-element-ffb2661 e-con-full e-flex e-con e-child\" data-id=\"ffb2661\" data-element_type=\"container\" data-settings=\"{&quot;background_background&quot;:&quot;classic&quot;}\">\n\t\t\t\t<div class=\"elementor-element elementor-element-5b388da elementor-view-default elementor-invisible elementor-widget elementor-widget-icon\" data-id=\"5b388da\" data-element_type=\"widget\" data-settings=\"{&quot;_animation&quot;:&quot;zoomIn&quot;}\" data-widget_type=\"icon.default\">\n\t\t\t\t<div class=\"elementor-widget-container\">\n\t\t\t\t\t\t\t<div class=\"elementor-icon-wrapper\">\n\t\t\t<div class=\"elementor-icon\">\n\t\t\t<svg xmlns=\"http:\/\/www.w3.org\/2000\/svg\" viewbox=\"0 0 448 512\"><path d=\"M16 8l0-8L0 0 0 8 0 32 0 48 0 336l0 16L0 504l0 8 16 0 0-8 0-152 412.5 0 19.5 0-11.2-16L336 192 436.8 48 448 32l-19.5 0L16 32 16 8zm0 40l401.3 0L322.9 182.8l-6.4 9.2 6.4 9.2L417.3 336 16 336 16 48z\"><\/path><\/svg>\t\t\t<\/div>\n\t\t<\/div>\n\t\t\t\t\t\t<\/div>\n\t\t\t\t<\/div>\n\t\t\t\t<\/div>\n\t\t<div class=\"elementor-element elementor-element-575837e e-con-full e-flex e-con e-child\" data-id=\"575837e\" data-element_type=\"container\" data-settings=\"{&quot;motion_fx_motion_fx_scrolling&quot;:&quot;yes&quot;,&quot;motion_fx_devices&quot;:[&quot;desktop&quot;,&quot;tablet&quot;,&quot;mobile&quot;]}\">\n\t\t\t\t<div class=\"elementor-element elementor-element-7f474ee elementor-widget__width-initial elementor-invisible elementor-widget elementor-widget-heading\" data-id=\"7f474ee\" data-element_type=\"widget\" data-settings=\"{&quot;_animation&quot;:&quot;fadeIn&quot;}\" data-widget_type=\"heading.default\">\n\t\t\t\t<div class=\"elementor-widget-container\">\n\t\t\t\t\t<h2 class=\"elementor-heading-title elementor-size-default\">Live opdateringer<\/h2>\t\t\t\t<\/div>\n\t\t\t\t<\/div>\n\t\t\t\t<div class=\"elementor-element elementor-element-3dffbc2 elementor-widget__width-initial elementor-invisible elementor-widget elementor-widget-text-editor\" data-id=\"3dffbc2\" data-element_type=\"widget\" data-settings=\"{&quot;_animation&quot;:&quot;fadeIn&quot;,&quot;_animation_delay&quot;:100}\" data-widget_type=\"text-editor.default\">\n\t\t\t\t<div class=\"elementor-widget-container\">\n\t\t\t\t\t\t\t\t\tSMSbotten kan starte en dialog med en patient. Hvis der er en influenzaepidemi i \u00f8jeblikket, kan botten informere patienten og sp\u00f8rge dem, om de \u00f8nsker at vide mere.\t\t\t\t\t\t\t\t<\/div>\n\t\t\t\t<\/div>\n\t\t\t\t<\/div>\n\t\t\t\t\t<\/div>\n\t\t\t\t<\/div>\n\t\t\t\t<\/div>","protected":false},"excerpt":{"rendered":"<p>Book en demo Sikre bedre behandling N\u00e5r patienten booker en aftale hos f.eks. l\u00e6gen, kan Voicebotten sp\u00f8rge om, hvorfor patienten har brug for en tid, og ud fra det kan den sende patienten til den rigtige fagperson. Sp\u00f8rg en ekspert Voicebotten kan fungere som en ekspert assistent og f.eks. hj\u00e6lpe tandl\u00e6ger ved at svare p\u00e5 [&hellip;]<\/p>","protected":false},"author":1,"featured_media":0,"parent":1564,"menu_order":0,"comment_status":"closed","ping_status":"closed","template":"","meta":{"footnotes":""},"class_list":["post-1572","page","type-page","status-publish","hentry"],"yoast_head":"<!-- This site is optimized with the Yoast SEO plugin v26.9 - https:\/\/yoast.com\/product\/yoast-seo-wordpress\/ -->\n<title>Sundhedsydelser - InDialog<\/title>\n<meta name=\"robots\" content=\"noindex, follow, max-snippet:-1, max-image-preview:large, max-video-preview:-1\" \/>\n<meta property=\"og:locale\" content=\"en_GB\" \/>\n<meta property=\"og:type\" content=\"article\" \/>\n<meta property=\"og:title\" content=\"Sundhedsydelser - InDialog\" \/>\n<meta property=\"og:description\" content=\"Book en demo Sikre bedre behandling N\u00e5r patienten booker en aftale hos f.eks. l\u00e6gen, kan Voicebotten sp\u00f8rge om, hvorfor patienten har brug for en tid, og ud fra det kan den sende patienten til den rigtige fagperson. Sp\u00f8rg en ekspert Voicebotten kan fungere som en ekspert assistent og f.eks. hj\u00e6lpe tandl\u00e6ger ved at svare p\u00e5 [&hellip;]\" \/>\n<meta property=\"og:url\" content=\"https:\/\/indialog.auxodev1.dk\/en\/industri\/sundhedsydelser\/\" \/>\n<meta property=\"og:site_name\" content=\"InDialog\" \/>\n<meta property=\"article:modified_time\" content=\"2025-02-11T14:05:05+00:00\" \/>\n<meta name=\"twitter:card\" content=\"summary_large_image\" \/>\n<meta name=\"twitter:label1\" content=\"Estimated reading time\" \/>\n\t<meta name=\"twitter:data1\" content=\"1 minute\" \/>\n<script type=\"application\/ld+json\" class=\"yoast-schema-graph\">{\"@context\":\"https:\/\/schema.org\",\"@graph\":[{\"@type\":\"WebPage\",\"@id\":\"https:\/\/indialog.auxodev1.dk\/industri\/sundhedsydelser\/\",\"url\":\"https:\/\/indialog.auxodev1.dk\/industri\/sundhedsydelser\/\",\"name\":\"Sundhedsydelser - InDialog\",\"isPartOf\":{\"@id\":\"https:\/\/indialog.auxodev1.dk\/#website\"},\"datePublished\":\"2025-02-10T07:55:00+00:00\",\"dateModified\":\"2025-02-11T14:05:05+00:00\",\"breadcrumb\":{\"@id\":\"https:\/\/indialog.auxodev1.dk\/industri\/sundhedsydelser\/#breadcrumb\"},\"inLanguage\":\"en-GB\",\"potentialAction\":[{\"@type\":\"ReadAction\",\"target\":[\"https:\/\/indialog.auxodev1.dk\/industri\/sundhedsydelser\/\"]}]},{\"@type\":\"BreadcrumbList\",\"@id\":\"https:\/\/indialog.auxodev1.dk\/industri\/sundhedsydelser\/#breadcrumb\",\"itemListElement\":[{\"@type\":\"ListItem\",\"position\":1,\"name\":\"Industri\",\"item\":\"https:\/\/indialog.auxodev1.dk\/industri\/\"},{\"@type\":\"ListItem\",\"position\":2,\"name\":\"Sundhedsydelser\"}]},{\"@type\":\"WebSite\",\"@id\":\"https:\/\/indialog.auxodev1.dk\/#website\",\"url\":\"https:\/\/indialog.auxodev1.dk\/\",\"name\":\"InDialog\",\"description\":\"\",\"publisher\":{\"@id\":\"https:\/\/indialog.auxodev1.dk\/#organization\"},\"potentialAction\":[{\"@type\":\"SearchAction\",\"target\":{\"@type\":\"EntryPoint\",\"urlTemplate\":\"https:\/\/indialog.auxodev1.dk\/?s={search_term_string}\"},\"query-input\":{\"@type\":\"PropertyValueSpecification\",\"valueRequired\":true,\"valueName\":\"search_term_string\"}}],\"inLanguage\":\"en-GB\"},{\"@type\":\"Organization\",\"@id\":\"https:\/\/indialog.auxodev1.dk\/#organization\",\"name\":\"InDialog\",\"url\":\"https:\/\/indialog.auxodev1.dk\/\",\"logo\":{\"@type\":\"ImageObject\",\"inLanguage\":\"en-GB\",\"@id\":\"https:\/\/indialog.auxodev1.dk\/#\/schema\/logo\/image\/\",\"url\":\"https:\/\/indialog.auxodev1.dk\/wp-content\/uploads\/InDialog-white-2.png\",\"contentUrl\":\"https:\/\/indialog.auxodev1.dk\/wp-content\/uploads\/InDialog-white-2.png\",\"width\":556,\"height\":117,\"caption\":\"InDialog\"},\"image\":{\"@id\":\"https:\/\/indialog.auxodev1.dk\/#\/schema\/logo\/image\/\"}}]}<\/script>\n<!-- \/ Yoast SEO plugin. -->","yoast_head_json":{"title":"Sundhedsydelser - InDialog","robots":{"index":"noindex","follow":"follow","max-snippet":"max-snippet:-1","max-image-preview":"max-image-preview:large","max-video-preview":"max-video-preview:-1"},"og_locale":"en_GB","og_type":"article","og_title":"Sundhedsydelser - InDialog","og_description":"Book en demo Sikre bedre behandling N\u00e5r patienten booker en aftale hos f.eks. l\u00e6gen, kan Voicebotten sp\u00f8rge om, hvorfor patienten har brug for en tid, og ud fra det kan den sende patienten til den rigtige fagperson. Sp\u00f8rg en ekspert Voicebotten kan fungere som en ekspert assistent og f.eks. hj\u00e6lpe tandl\u00e6ger ved at svare p\u00e5 [&hellip;]","og_url":"https:\/\/indialog.auxodev1.dk\/en\/industri\/sundhedsydelser\/","og_site_name":"InDialog","article_modified_time":"2025-02-11T14:05:05+00:00","twitter_card":"summary_large_image","twitter_misc":{"Estimated reading time":"1 minute"},"schema":{"@context":"https:\/\/schema.org","@graph":[{"@type":"WebPage","@id":"https:\/\/indialog.auxodev1.dk\/industri\/sundhedsydelser\/","url":"https:\/\/indialog.auxodev1.dk\/industri\/sundhedsydelser\/","name":"Sundhedsydelser - InDialog","isPartOf":{"@id":"https:\/\/indialog.auxodev1.dk\/#website"},"datePublished":"2025-02-10T07:55:00+00:00","dateModified":"2025-02-11T14:05:05+00:00","breadcrumb":{"@id":"https:\/\/indialog.auxodev1.dk\/industri\/sundhedsydelser\/#breadcrumb"},"inLanguage":"en-GB","potentialAction":[{"@type":"ReadAction","target":["https:\/\/indialog.auxodev1.dk\/industri\/sundhedsydelser\/"]}]},{"@type":"BreadcrumbList","@id":"https:\/\/indialog.auxodev1.dk\/industri\/sundhedsydelser\/#breadcrumb","itemListElement":[{"@type":"ListItem","position":1,"name":"Industri","item":"https:\/\/indialog.auxodev1.dk\/industri\/"},{"@type":"ListItem","position":2,"name":"Sundhedsydelser"}]},{"@type":"WebSite","@id":"https:\/\/indialog.auxodev1.dk\/#website","url":"https:\/\/indialog.auxodev1.dk\/","name":"InDialog","description":"","publisher":{"@id":"https:\/\/indialog.auxodev1.dk\/#organization"},"potentialAction":[{"@type":"SearchAction","target":{"@type":"EntryPoint","urlTemplate":"https:\/\/indialog.auxodev1.dk\/?s={search_term_string}"},"query-input":{"@type":"PropertyValueSpecification","valueRequired":true,"valueName":"search_term_string"}}],"inLanguage":"en-GB"},{"@type":"Organization","@id":"https:\/\/indialog.auxodev1.dk\/#organization","name":"InDialog","url":"https:\/\/indialog.auxodev1.dk\/","logo":{"@type":"ImageObject","inLanguage":"en-GB","@id":"https:\/\/indialog.auxodev1.dk\/#\/schema\/logo\/image\/","url":"https:\/\/indialog.auxodev1.dk\/wp-content\/uploads\/InDialog-white-2.png","contentUrl":"https:\/\/indialog.auxodev1.dk\/wp-content\/uploads\/InDialog-white-2.png","width":556,"height":117,"caption":"InDialog"},"image":{"@id":"https:\/\/indialog.auxodev1.dk\/#\/schema\/logo\/image\/"}}]}},"_links":{"self":[{"href":"https:\/\/indialog.auxodev1.dk\/en\/wp-json\/wp\/v2\/pages\/1572","targetHints":{"allow":["GET"]}}],"collection":[{"href":"https:\/\/indialog.auxodev1.dk\/en\/wp-json\/wp\/v2\/pages"}],"about":[{"href":"https:\/\/indialog.auxodev1.dk\/en\/wp-json\/wp\/v2\/types\/page"}],"author":[{"embeddable":true,"href":"https:\/\/indialog.auxodev1.dk\/en\/wp-json\/wp\/v2\/users\/1"}],"replies":[{"embeddable":true,"href":"https:\/\/indialog.auxodev1.dk\/en\/wp-json\/wp\/v2\/comments?post=1572"}],"version-history":[{"count":4,"href":"https:\/\/indialog.auxodev1.dk\/en\/wp-json\/wp\/v2\/pages\/1572\/revisions"}],"predecessor-version":[{"id":2329,"href":"https:\/\/indialog.auxodev1.dk\/en\/wp-json\/wp\/v2\/pages\/1572\/revisions\/2329"}],"up":[{"embeddable":true,"href":"https:\/\/indialog.auxodev1.dk\/en\/wp-json\/wp\/v2\/pages\/1564"}],"wp:attachment":[{"href":"https:\/\/indialog.auxodev1.dk\/en\/wp-json\/wp\/v2\/media?parent=1572"}],"curies":[{"name":"wp","href":"https:\/\/api.w.org\/{rel}","templated":true}]}}