{"id":1570,"date":"2025-02-10T08:53:33","date_gmt":"2025-02-10T07:53:33","guid":{"rendered":"https:\/\/indialog.auxodev1.dk\/?page_id=1570"},"modified":"2025-02-11T15:06:38","modified_gmt":"2025-02-11T14:06:38","slug":"e-commerce","status":"publish","type":"page","link":"https:\/\/indialog.auxodev1.dk\/en\/industri\/e-commerce\/","title":{"rendered":"E-commerce"},"content":{"rendered":"<div data-elementor-type=\"wp-page\" data-elementor-id=\"1570\" class=\"elementor elementor-1570\" data-elementor-post-type=\"page\">\n\t\t\t\t<div class=\"elementor-element elementor-element-c42ac66 e-flex e-con-boxed e-con e-parent\" data-id=\"c42ac66\" data-element_type=\"container\" data-settings=\"{&quot;background_background&quot;:&quot;classic&quot;,&quot;background_motion_fx_motion_fx_scrolling&quot;:&quot;yes&quot;,&quot;background_motion_fx_devices&quot;:[&quot;desktop&quot;,&quot;tablet&quot;,&quot;mobile&quot;]}\">\n\t\t\t\t\t<div class=\"e-con-inner\">\n\t\t<div class=\"elementor-element elementor-element-dbb06f3 e-con-full e-flex e-con e-child\" data-id=\"dbb06f3\" data-element_type=\"container\">\n\t\t\t\t<div class=\"elementor-element elementor-element-aa04ebc elementor-align-left elementor-invisible elementor-widget elementor-widget-button\" data-id=\"aa04ebc\" data-element_type=\"widget\" data-settings=\"{&quot;_animation&quot;:&quot;fadeInUp&quot;}\" data-widget_type=\"button.default\">\n\t\t\t\t<div class=\"elementor-widget-container\">\n\t\t\t\t\t\t\t\t\t<div class=\"elementor-button-wrapper\">\n\t\t\t\t\t<a class=\"elementor-button elementor-button-link elementor-size-sm elementor-animation-shrink\" href=\"https:\/\/indialog.auxodev1.dk\/en\/kontakt\/\">\n\t\t\t\t\t\t<span class=\"elementor-button-content-wrapper\">\n\t\t\t\t\t\t<span class=\"elementor-button-icon\">\n\t\t\t\t<i aria-hidden=\"true\" class=\"far fa-angle-double-right\"><\/i>\t\t\t<\/span>\n\t\t\t\t\t\t\t\t\t<span class=\"elementor-button-text\">Book en demo<\/span>\n\t\t\t\t\t<\/span>\n\t\t\t\t\t<\/a>\n\t\t\t\t<\/div>\n\t\t\t\t\t\t\t\t<\/div>\n\t\t\t\t<\/div>\n\t\t\t\t<\/div>\n\t\t\t\t\t<\/div>\n\t\t\t\t<\/div>\n\t\t<div class=\"elementor-element elementor-element-e1f7b58 e-flex e-con-boxed e-con e-parent\" data-id=\"e1f7b58\" data-element_type=\"container\" data-settings=\"{&quot;background_background&quot;:&quot;classic&quot;}\">\n\t\t\t\t\t<div class=\"e-con-inner\">\n\t\t<div class=\"elementor-element elementor-element-532aed8 e-con-full e-flex e-con e-child\" data-id=\"532aed8\" data-element_type=\"container\" data-settings=\"{&quot;motion_fx_motion_fx_scrolling&quot;:&quot;yes&quot;,&quot;motion_fx_devices&quot;:[&quot;desktop&quot;,&quot;tablet&quot;,&quot;mobile&quot;]}\">\n\t\t\t\t<div class=\"elementor-element elementor-element-94f7804 elementor-widget__width-initial elementor-invisible elementor-widget elementor-widget-heading\" data-id=\"94f7804\" data-element_type=\"widget\" data-settings=\"{&quot;_animation&quot;:&quot;fadeIn&quot;}\" data-widget_type=\"heading.default\">\n\t\t\t\t<div class=\"elementor-widget-container\">\n\t\t\t\t\t<h2 class=\"elementor-heading-title elementor-size-default\">\u00d8get salg<\/h2>\t\t\t\t<\/div>\n\t\t\t\t<\/div>\n\t\t\t\t<div class=\"elementor-element elementor-element-fa04f87 elementor-widget__width-initial elementor-invisible elementor-widget elementor-widget-text-editor\" data-id=\"fa04f87\" data-element_type=\"widget\" data-settings=\"{&quot;_animation&quot;:&quot;fadeIn&quot;,&quot;_animation_delay&quot;:100}\" data-widget_type=\"text-editor.default\">\n\t\t\t\t<div class=\"elementor-widget-container\">\n\t\t\t\t\t\t\t\t\tVoicebotten, Chatbotten og SMSbotten \u00f8ger kundeinteraktionen og forbedrer chancerne for at konvertere bes\u00f8gende p\u00e5 dit website.\t\t\t\t\t\t\t\t<\/div>\n\t\t\t\t<\/div>\n\t\t\t\t<\/div>\n\t\t<div class=\"elementor-element elementor-element-ed0e7b0 e-con-full e-flex e-con e-child\" data-id=\"ed0e7b0\" data-element_type=\"container\" data-settings=\"{&quot;background_background&quot;:&quot;classic&quot;}\">\n\t\t\t\t<div class=\"elementor-element elementor-element-8a4ab53 elementor-view-default elementor-invisible elementor-widget elementor-widget-icon\" data-id=\"8a4ab53\" data-element_type=\"widget\" data-settings=\"{&quot;_animation&quot;:&quot;zoomIn&quot;}\" data-widget_type=\"icon.default\">\n\t\t\t\t<div class=\"elementor-widget-container\">\n\t\t\t\t\t\t\t<div class=\"elementor-icon-wrapper\">\n\t\t\t<div class=\"elementor-icon\">\n\t\t\t<svg xmlns=\"http:\/\/www.w3.org\/2000\/svg\" viewbox=\"0 0 448 512\"><path d=\"M0 32l8 0 128 0 8 0 0 8 0 216c0 44.2 35.8 80 80 80s80-35.8 80-80l0-216 0-8 8 0 128 0 8 0 0 8 0 216c0 123.7-100.3 224-224 224S0 379.7 0 256L0 40l0-8zM16 48l0 96 112 0 0-96L16 48zm0 208c0 114.9 93.1 208 208 208s208-93.1 208-208l0-96-112 0 0 96c0 53-43 96-96 96s-96-43-96-96l0-96L16 160l0 96zM432 144l0-96L320 48l0 96 112 0z\"><\/path><\/svg>\t\t\t<\/div>\n\t\t<\/div>\n\t\t\t\t\t\t<\/div>\n\t\t\t\t<\/div>\n\t\t\t\t<\/div>\n\t\t\t\t\t<\/div>\n\t\t\t\t<\/div>\n\t\t<div class=\"elementor-element elementor-element-3a6a565 e-flex e-con-boxed e-con e-parent\" data-id=\"3a6a565\" data-element_type=\"container\" data-settings=\"{&quot;background_background&quot;:&quot;classic&quot;}\">\n\t\t\t\t\t<div class=\"e-con-inner\">\n\t\t<div class=\"elementor-element elementor-element-d10410e e-con-full e-flex e-con e-child\" data-id=\"d10410e\" data-element_type=\"container\" data-settings=\"{&quot;background_background&quot;:&quot;classic&quot;}\">\n\t\t\t\t<div class=\"elementor-element elementor-element-321181b elementor-view-default elementor-invisible elementor-widget elementor-widget-icon\" data-id=\"321181b\" data-element_type=\"widget\" data-settings=\"{&quot;_animation&quot;:&quot;zoomIn&quot;}\" data-widget_type=\"icon.default\">\n\t\t\t\t<div class=\"elementor-widget-container\">\n\t\t\t\t\t\t\t<div class=\"elementor-icon-wrapper\">\n\t\t\t<div class=\"elementor-icon\">\n\t\t\t<svg xmlns=\"http:\/\/www.w3.org\/2000\/svg\" viewbox=\"0 0 512 512\"><path d=\"M16 288C16 155.4 123.5 48 256 48s240 107.4 240 240c-14.6-19.4-37.8-32-64-32c-26.5 0-48 21.5-48 48l0 128c0 26.5 21.5 48 48 48c44.2 0 80-35.8 80-80l0-32 0-32 0-48C512 146.6 397.4 32 256 32S0 146.6 0 288l0 48 0 32 0 32c0 44.2 35.8 80 80 80c26.5 0 48-21.5 48-48l0-128c0-26.5-21.5-48-48-48c-26.2 0-49.4 12.6-64 32zm0 48c0-35.3 28.7-64 64-64c17.7 0 32 14.3 32 32l0 128c0 17.7-14.3 32-32 32c-35.3 0-64-28.7-64-64l0-32 0-32zm480 0l0 32 0 32c0 35.3-28.7 64-64 64c-17.7 0-32-14.3-32-32l0-128c0-17.7 14.3-32 32-32c35.3 0 64 28.7 64 64z\"><\/path><\/svg>\t\t\t<\/div>\n\t\t<\/div>\n\t\t\t\t\t\t<\/div>\n\t\t\t\t<\/div>\n\t\t\t\t<\/div>\n\t\t<div class=\"elementor-element elementor-element-a1a28c8 e-con-full e-flex e-con e-child\" data-id=\"a1a28c8\" data-element_type=\"container\" data-settings=\"{&quot;motion_fx_motion_fx_scrolling&quot;:&quot;yes&quot;,&quot;motion_fx_devices&quot;:[&quot;desktop&quot;,&quot;tablet&quot;,&quot;mobile&quot;]}\">\n\t\t\t\t<div class=\"elementor-element elementor-element-9cb7ba1 elementor-widget__width-initial elementor-invisible elementor-widget elementor-widget-heading\" data-id=\"9cb7ba1\" data-element_type=\"widget\" data-settings=\"{&quot;_animation&quot;:&quot;fadeIn&quot;}\" data-widget_type=\"heading.default\">\n\t\t\t\t<div class=\"elementor-widget-container\">\n\t\t\t\t\t<h2 class=\"elementor-heading-title elementor-size-default\">Kundeservice<\/h2>\t\t\t\t<\/div>\n\t\t\t\t<\/div>\n\t\t\t\t<div class=\"elementor-element elementor-element-1ce4804 elementor-widget__width-initial elementor-invisible elementor-widget elementor-widget-text-editor\" data-id=\"1ce4804\" data-element_type=\"widget\" data-settings=\"{&quot;_animation&quot;:&quot;fadeIn&quot;,&quot;_animation_delay&quot;:100}\" data-widget_type=\"text-editor.default\">\n\t\t\t\t<div class=\"elementor-widget-container\">\n\t\t\t\t\t\t\t\t\tN\u00e5r dine kunder k\u00f8ber online, har de ikke nogle salgsassistent at sp\u00f8rge til r\u00e5ds. Hvilket produkter passer bedst til dem og deres situation? Det kan Voicebotten, Chatbotten og SMSbotten svare p\u00e5!\t\t\t\t\t\t\t\t<\/div>\n\t\t\t\t<\/div>\n\t\t\t\t<\/div>\n\t\t\t\t\t<\/div>\n\t\t\t\t<\/div>\n\t\t<div class=\"elementor-element elementor-element-32076b5 e-flex e-con-boxed e-con e-parent\" data-id=\"32076b5\" data-element_type=\"container\" data-settings=\"{&quot;background_background&quot;:&quot;classic&quot;}\">\n\t\t\t\t\t<div class=\"e-con-inner\">\n\t\t<div class=\"elementor-element elementor-element-4c6da3f e-con-full e-flex e-con e-child\" data-id=\"4c6da3f\" data-element_type=\"container\" data-settings=\"{&quot;motion_fx_motion_fx_scrolling&quot;:&quot;yes&quot;,&quot;motion_fx_devices&quot;:[&quot;desktop&quot;,&quot;tablet&quot;,&quot;mobile&quot;]}\">\n\t\t\t\t<div class=\"elementor-element elementor-element-1bd956c elementor-widget__width-initial elementor-invisible elementor-widget elementor-widget-heading\" data-id=\"1bd956c\" data-element_type=\"widget\" data-settings=\"{&quot;_animation&quot;:&quot;fadeIn&quot;}\" data-widget_type=\"heading.default\">\n\t\t\t\t<div class=\"elementor-widget-container\">\n\t\t\t\t\t<h2 class=\"elementor-heading-title elementor-size-default\">Styrk k\u00f8bsoplevelsen<\/h2>\t\t\t\t<\/div>\n\t\t\t\t<\/div>\n\t\t\t\t<div class=\"elementor-element elementor-element-5aa31e1 elementor-widget__width-initial elementor-invisible elementor-widget elementor-widget-text-editor\" data-id=\"5aa31e1\" data-element_type=\"widget\" data-settings=\"{&quot;_animation&quot;:&quot;fadeIn&quot;,&quot;_animation_delay&quot;:100}\" data-widget_type=\"text-editor.default\">\n\t\t\t\t<div class=\"elementor-widget-container\">\n\t\t\t\t\t\t\t\t\tKunden kan altid ringe til Voicebotten og f\u00e5 opdateringer p\u00e5 deres ordre. Kunden har alt information lige ved h\u00e5nden og efter at have modtaget produktet, kan SMSbotten bede om en anmeldelse p\u00e5 Trustpilot.\t\t\t\t\t\t\t\t<\/div>\n\t\t\t\t<\/div>\n\t\t\t\t<\/div>\n\t\t<div class=\"elementor-element elementor-element-1f0634b e-con-full e-flex e-con e-child\" data-id=\"1f0634b\" data-element_type=\"container\" data-settings=\"{&quot;background_background&quot;:&quot;classic&quot;}\">\n\t\t\t\t<div class=\"elementor-element elementor-element-58dd4e3 elementor-view-default elementor-invisible elementor-widget elementor-widget-icon\" data-id=\"58dd4e3\" data-element_type=\"widget\" data-settings=\"{&quot;_animation&quot;:&quot;zoomIn&quot;}\" data-widget_type=\"icon.default\">\n\t\t\t\t<div class=\"elementor-widget-container\">\n\t\t\t\t\t\t\t<div class=\"elementor-icon-wrapper\">\n\t\t\t<div class=\"elementor-icon\">\n\t\t\t<svg xmlns=\"http:\/\/www.w3.org\/2000\/svg\" viewbox=\"0 0 576 512\"><path d=\"M374.6 164L297.1 17.1 288.1 0l-9 17.1L201.5 164 38 192.3l-19.1 3.3 13.5 13.9 115.7 119L124.5 492.8 121.7 512l17.4-8.6 149-73.2 149 73.2 17.4 8.6-2.8-19.2L428 328.5l115.7-119 13.5-13.9-19.1-3.3L374.6 164zm150.1 42.2L416.6 317.4l-5.5 5.6 1.1 7.8 22.1 153.5L295.1 415.8l-7.1-3.5-7.1 3.5L141.9 484.3l22.1-153.5L165 323l-5.5-5.6L51.5 206.2l152.8-26.4 7.8-1.3 3.7-7L288.1 34.3l72.4 137.1 3.7 7 7.8 1.3 152.8 26.4z\"><\/path><\/svg>\t\t\t<\/div>\n\t\t<\/div>\n\t\t\t\t\t\t<\/div>\n\t\t\t\t<\/div>\n\t\t\t\t<\/div>\n\t\t\t\t\t<\/div>\n\t\t\t\t<\/div>\n\t\t<div class=\"elementor-element elementor-element-52c2d7c e-flex e-con-boxed e-con e-parent\" data-id=\"52c2d7c\" data-element_type=\"container\" data-settings=\"{&quot;background_background&quot;:&quot;classic&quot;}\">\n\t\t\t\t\t<div class=\"e-con-inner\">\n\t\t<div class=\"elementor-element elementor-element-8aa16a6 e-con-full e-flex e-con e-child\" data-id=\"8aa16a6\" data-element_type=\"container\" data-settings=\"{&quot;background_background&quot;:&quot;classic&quot;}\">\n\t\t\t\t<div class=\"elementor-element elementor-element-e86eb06 elementor-view-default elementor-invisible elementor-widget elementor-widget-icon\" data-id=\"e86eb06\" data-element_type=\"widget\" data-settings=\"{&quot;_animation&quot;:&quot;zoomIn&quot;}\" data-widget_type=\"icon.default\">\n\t\t\t\t<div class=\"elementor-widget-container\">\n\t\t\t\t\t\t\t<div class=\"elementor-icon-wrapper\">\n\t\t\t<div class=\"elementor-icon\">\n\t\t\t<svg xmlns=\"http:\/\/www.w3.org\/2000\/svg\" viewbox=\"0 0 448 512\"><path d=\"M144 96l0 32 160 0 0-32c0-44.2-35.8-80-80-80s-80 35.8-80 80zm-16 48L16 144l0 352 416 0 0-352-112 0 0 88 0 8-16 0 0-8 0-88-160 0 0 88 0 8-16 0 0-8 0-88zm0-16l0-32c0-53 43-96 96-96s96 43 96 96l0 32 112 0 16 0 0 16 0 352 0 16-16 0L16 512 0 512l0-16L0 144l0-16 16 0 112 0z\"><\/path><\/svg>\t\t\t<\/div>\n\t\t<\/div>\n\t\t\t\t\t\t<\/div>\n\t\t\t\t<\/div>\n\t\t\t\t<\/div>\n\t\t<div class=\"elementor-element elementor-element-40bb9e4 e-con-full e-flex e-con e-child\" data-id=\"40bb9e4\" data-element_type=\"container\" data-settings=\"{&quot;motion_fx_motion_fx_scrolling&quot;:&quot;yes&quot;,&quot;motion_fx_devices&quot;:[&quot;desktop&quot;,&quot;tablet&quot;,&quot;mobile&quot;]}\">\n\t\t\t\t<div class=\"elementor-element elementor-element-cfca0ac elementor-widget__width-initial elementor-invisible elementor-widget elementor-widget-heading\" data-id=\"cfca0ac\" data-element_type=\"widget\" data-settings=\"{&quot;_animation&quot;:&quot;fadeIn&quot;}\" data-widget_type=\"heading.default\">\n\t\t\t\t<div class=\"elementor-widget-container\">\n\t\t\t\t\t<h2 class=\"elementor-heading-title elementor-size-default\">Personlig shopping<\/h2>\t\t\t\t<\/div>\n\t\t\t\t<\/div>\n\t\t\t\t<div class=\"elementor-element elementor-element-597617a elementor-widget__width-initial elementor-invisible elementor-widget elementor-widget-text-editor\" data-id=\"597617a\" data-element_type=\"widget\" data-settings=\"{&quot;_animation&quot;:&quot;fadeIn&quot;,&quot;_animation_delay&quot;:100}\" data-widget_type=\"text-editor.default\">\n\t\t\t\t<div class=\"elementor-widget-container\">\n\t\t\t\t\t\t\t\t\tP\u00e5 baggrund af f\u00e5 sp\u00f8rgsm\u00e5l kan Voicebotten, Chatbotten og SMSbotten hj\u00e6lpe dine kunder med at finde lige pr\u00e6cis d\u00e9t, de s\u00f8ger efter p\u00e5 din webshop.\t\t\t\t\t\t\t\t<\/div>\n\t\t\t\t<\/div>\n\t\t\t\t<\/div>\n\t\t\t\t\t<\/div>\n\t\t\t\t<\/div>\n\t\t\t\t<\/div>","protected":false},"excerpt":{"rendered":"<p>Book en demo \u00d8get salg Voicebotten, Chatbotten og SMSbotten \u00f8ger kundeinteraktionen og forbedrer chancerne for at konvertere bes\u00f8gende p\u00e5 dit website. Kundeservice N\u00e5r dine kunder k\u00f8ber online, har de ikke nogle salgsassistent at sp\u00f8rge til r\u00e5ds. Hvilket produkter passer bedst til dem og deres situation? Det kan Voicebotten, Chatbotten og SMSbotten svare p\u00e5! Styrk k\u00f8bsoplevelsen [&hellip;]<\/p>","protected":false},"author":1,"featured_media":0,"parent":1564,"menu_order":0,"comment_status":"closed","ping_status":"closed","template":"","meta":{"footnotes":""},"class_list":["post-1570","page","type-page","status-publish","hentry"],"yoast_head":"<!-- This site is optimized with the Yoast SEO plugin v26.9 - https:\/\/yoast.com\/product\/yoast-seo-wordpress\/ -->\n<title>E-commerce - InDialog<\/title>\n<meta name=\"robots\" content=\"noindex, follow, max-snippet:-1, max-image-preview:large, max-video-preview:-1\" \/>\n<meta property=\"og:locale\" content=\"en_GB\" \/>\n<meta property=\"og:type\" content=\"article\" \/>\n<meta property=\"og:title\" content=\"E-commerce - InDialog\" \/>\n<meta property=\"og:description\" content=\"Book en demo \u00d8get salg Voicebotten, Chatbotten og SMSbotten \u00f8ger kundeinteraktionen og forbedrer chancerne for at konvertere bes\u00f8gende p\u00e5 dit website. Kundeservice N\u00e5r dine kunder k\u00f8ber online, har de ikke nogle salgsassistent at sp\u00f8rge til r\u00e5ds. Hvilket produkter passer bedst til dem og deres situation? Det kan Voicebotten, Chatbotten og SMSbotten svare p\u00e5! Styrk k\u00f8bsoplevelsen [&hellip;]\" \/>\n<meta property=\"og:url\" content=\"https:\/\/indialog.auxodev1.dk\/en\/industri\/e-commerce\/\" \/>\n<meta property=\"og:site_name\" content=\"InDialog\" \/>\n<meta property=\"article:modified_time\" content=\"2025-02-11T14:06:38+00:00\" \/>\n<meta name=\"twitter:card\" content=\"summary_large_image\" \/>\n<meta name=\"twitter:label1\" content=\"Estimated reading time\" \/>\n\t<meta name=\"twitter:data1\" content=\"1 minute\" \/>\n<script type=\"application\/ld+json\" class=\"yoast-schema-graph\">{\"@context\":\"https:\/\/schema.org\",\"@graph\":[{\"@type\":\"WebPage\",\"@id\":\"https:\/\/indialog.auxodev1.dk\/industri\/e-commerce\/\",\"url\":\"https:\/\/indialog.auxodev1.dk\/industri\/e-commerce\/\",\"name\":\"E-commerce - InDialog\",\"isPartOf\":{\"@id\":\"https:\/\/indialog.auxodev1.dk\/#website\"},\"datePublished\":\"2025-02-10T07:53:33+00:00\",\"dateModified\":\"2025-02-11T14:06:38+00:00\",\"breadcrumb\":{\"@id\":\"https:\/\/indialog.auxodev1.dk\/industri\/e-commerce\/#breadcrumb\"},\"inLanguage\":\"en-GB\",\"potentialAction\":[{\"@type\":\"ReadAction\",\"target\":[\"https:\/\/indialog.auxodev1.dk\/industri\/e-commerce\/\"]}]},{\"@type\":\"BreadcrumbList\",\"@id\":\"https:\/\/indialog.auxodev1.dk\/industri\/e-commerce\/#breadcrumb\",\"itemListElement\":[{\"@type\":\"ListItem\",\"position\":1,\"name\":\"Industri\",\"item\":\"https:\/\/indialog.auxodev1.dk\/industri\/\"},{\"@type\":\"ListItem\",\"position\":2,\"name\":\"E-commerce\"}]},{\"@type\":\"WebSite\",\"@id\":\"https:\/\/indialog.auxodev1.dk\/#website\",\"url\":\"https:\/\/indialog.auxodev1.dk\/\",\"name\":\"InDialog\",\"description\":\"\",\"publisher\":{\"@id\":\"https:\/\/indialog.auxodev1.dk\/#organization\"},\"potentialAction\":[{\"@type\":\"SearchAction\",\"target\":{\"@type\":\"EntryPoint\",\"urlTemplate\":\"https:\/\/indialog.auxodev1.dk\/?s={search_term_string}\"},\"query-input\":{\"@type\":\"PropertyValueSpecification\",\"valueRequired\":true,\"valueName\":\"search_term_string\"}}],\"inLanguage\":\"en-GB\"},{\"@type\":\"Organization\",\"@id\":\"https:\/\/indialog.auxodev1.dk\/#organization\",\"name\":\"InDialog\",\"url\":\"https:\/\/indialog.auxodev1.dk\/\",\"logo\":{\"@type\":\"ImageObject\",\"inLanguage\":\"en-GB\",\"@id\":\"https:\/\/indialog.auxodev1.dk\/#\/schema\/logo\/image\/\",\"url\":\"https:\/\/indialog.auxodev1.dk\/wp-content\/uploads\/InDialog-white-2.png\",\"contentUrl\":\"https:\/\/indialog.auxodev1.dk\/wp-content\/uploads\/InDialog-white-2.png\",\"width\":556,\"height\":117,\"caption\":\"InDialog\"},\"image\":{\"@id\":\"https:\/\/indialog.auxodev1.dk\/#\/schema\/logo\/image\/\"}}]}<\/script>\n<!-- \/ Yoast SEO plugin. -->","yoast_head_json":{"title":"E-commerce - InDialog","robots":{"index":"noindex","follow":"follow","max-snippet":"max-snippet:-1","max-image-preview":"max-image-preview:large","max-video-preview":"max-video-preview:-1"},"og_locale":"en_GB","og_type":"article","og_title":"E-commerce - InDialog","og_description":"Book en demo \u00d8get salg Voicebotten, Chatbotten og SMSbotten \u00f8ger kundeinteraktionen og forbedrer chancerne for at konvertere bes\u00f8gende p\u00e5 dit website. Kundeservice N\u00e5r dine kunder k\u00f8ber online, har de ikke nogle salgsassistent at sp\u00f8rge til r\u00e5ds. Hvilket produkter passer bedst til dem og deres situation? Det kan Voicebotten, Chatbotten og SMSbotten svare p\u00e5! Styrk k\u00f8bsoplevelsen [&hellip;]","og_url":"https:\/\/indialog.auxodev1.dk\/en\/industri\/e-commerce\/","og_site_name":"InDialog","article_modified_time":"2025-02-11T14:06:38+00:00","twitter_card":"summary_large_image","twitter_misc":{"Estimated reading time":"1 minute"},"schema":{"@context":"https:\/\/schema.org","@graph":[{"@type":"WebPage","@id":"https:\/\/indialog.auxodev1.dk\/industri\/e-commerce\/","url":"https:\/\/indialog.auxodev1.dk\/industri\/e-commerce\/","name":"E-commerce - InDialog","isPartOf":{"@id":"https:\/\/indialog.auxodev1.dk\/#website"},"datePublished":"2025-02-10T07:53:33+00:00","dateModified":"2025-02-11T14:06:38+00:00","breadcrumb":{"@id":"https:\/\/indialog.auxodev1.dk\/industri\/e-commerce\/#breadcrumb"},"inLanguage":"en-GB","potentialAction":[{"@type":"ReadAction","target":["https:\/\/indialog.auxodev1.dk\/industri\/e-commerce\/"]}]},{"@type":"BreadcrumbList","@id":"https:\/\/indialog.auxodev1.dk\/industri\/e-commerce\/#breadcrumb","itemListElement":[{"@type":"ListItem","position":1,"name":"Industri","item":"https:\/\/indialog.auxodev1.dk\/industri\/"},{"@type":"ListItem","position":2,"name":"E-commerce"}]},{"@type":"WebSite","@id":"https:\/\/indialog.auxodev1.dk\/#website","url":"https:\/\/indialog.auxodev1.dk\/","name":"InDialog","description":"","publisher":{"@id":"https:\/\/indialog.auxodev1.dk\/#organization"},"potentialAction":[{"@type":"SearchAction","target":{"@type":"EntryPoint","urlTemplate":"https:\/\/indialog.auxodev1.dk\/?s={search_term_string}"},"query-input":{"@type":"PropertyValueSpecification","valueRequired":true,"valueName":"search_term_string"}}],"inLanguage":"en-GB"},{"@type":"Organization","@id":"https:\/\/indialog.auxodev1.dk\/#organization","name":"InDialog","url":"https:\/\/indialog.auxodev1.dk\/","logo":{"@type":"ImageObject","inLanguage":"en-GB","@id":"https:\/\/indialog.auxodev1.dk\/#\/schema\/logo\/image\/","url":"https:\/\/indialog.auxodev1.dk\/wp-content\/uploads\/InDialog-white-2.png","contentUrl":"https:\/\/indialog.auxodev1.dk\/wp-content\/uploads\/InDialog-white-2.png","width":556,"height":117,"caption":"InDialog"},"image":{"@id":"https:\/\/indialog.auxodev1.dk\/#\/schema\/logo\/image\/"}}]}},"_links":{"self":[{"href":"https:\/\/indialog.auxodev1.dk\/en\/wp-json\/wp\/v2\/pages\/1570","targetHints":{"allow":["GET"]}}],"collection":[{"href":"https:\/\/indialog.auxodev1.dk\/en\/wp-json\/wp\/v2\/pages"}],"about":[{"href":"https:\/\/indialog.auxodev1.dk\/en\/wp-json\/wp\/v2\/types\/page"}],"author":[{"embeddable":true,"href":"https:\/\/indialog.auxodev1.dk\/en\/wp-json\/wp\/v2\/users\/1"}],"replies":[{"embeddable":true,"href":"https:\/\/indialog.auxodev1.dk\/en\/wp-json\/wp\/v2\/comments?post=1570"}],"version-history":[{"count":13,"href":"https:\/\/indialog.auxodev1.dk\/en\/wp-json\/wp\/v2\/pages\/1570\/revisions"}],"predecessor-version":[{"id":2344,"href":"https:\/\/indialog.auxodev1.dk\/en\/wp-json\/wp\/v2\/pages\/1570\/revisions\/2344"}],"up":[{"embeddable":true,"href":"https:\/\/indialog.auxodev1.dk\/en\/wp-json\/wp\/v2\/pages\/1564"}],"wp:attachment":[{"href":"https:\/\/indialog.auxodev1.dk\/en\/wp-json\/wp\/v2\/media?parent=1570"}],"curies":[{"name":"wp","href":"https:\/\/api.w.org\/{rel}","templated":true}]}}