{"id":1568,"date":"2025-02-10T08:29:17","date_gmt":"2025-02-10T07:29:17","guid":{"rendered":"https:\/\/indialog.auxodev1.dk\/?page_id=1568"},"modified":"2025-02-11T14:48:21","modified_gmt":"2025-02-11T13:48:21","slug":"private-virksomheder","status":"publish","type":"page","link":"https:\/\/indialog.auxodev1.dk\/en\/industri\/private-virksomheder\/","title":{"rendered":"Private virksomheder"},"content":{"rendered":"<div data-elementor-type=\"wp-page\" data-elementor-id=\"1568\" class=\"elementor elementor-1568\" data-elementor-post-type=\"page\">\n\t\t\t\t<div class=\"elementor-element elementor-element-989f24d e-flex e-con-boxed e-con e-parent\" data-id=\"989f24d\" data-element_type=\"container\" data-settings=\"{&quot;background_background&quot;:&quot;classic&quot;,&quot;background_motion_fx_motion_fx_scrolling&quot;:&quot;yes&quot;,&quot;background_motion_fx_devices&quot;:[&quot;desktop&quot;,&quot;tablet&quot;,&quot;mobile&quot;]}\">\n\t\t\t\t\t<div class=\"e-con-inner\">\n\t\t<div class=\"elementor-element elementor-element-025d145 e-con-full e-flex e-con e-child\" data-id=\"025d145\" data-element_type=\"container\">\n\t\t\t\t<div class=\"elementor-element elementor-element-8e50206 elementor-align-left elementor-invisible elementor-widget elementor-widget-button\" data-id=\"8e50206\" data-element_type=\"widget\" data-settings=\"{&quot;_animation&quot;:&quot;fadeInUp&quot;}\" data-widget_type=\"button.default\">\n\t\t\t\t<div class=\"elementor-widget-container\">\n\t\t\t\t\t\t\t\t\t<div class=\"elementor-button-wrapper\">\n\t\t\t\t\t<a class=\"elementor-button elementor-button-link elementor-size-sm elementor-animation-shrink\" href=\"https:\/\/indialog.auxodev1.dk\/en\/kontakt\/\">\n\t\t\t\t\t\t<span class=\"elementor-button-content-wrapper\">\n\t\t\t\t\t\t<span class=\"elementor-button-icon\">\n\t\t\t\t<i aria-hidden=\"true\" class=\"far fa-angle-double-right\"><\/i>\t\t\t<\/span>\n\t\t\t\t\t\t\t\t\t<span class=\"elementor-button-text\">Book en demo<\/span>\n\t\t\t\t\t<\/span>\n\t\t\t\t\t<\/a>\n\t\t\t\t<\/div>\n\t\t\t\t\t\t\t\t<\/div>\n\t\t\t\t<\/div>\n\t\t\t\t<\/div>\n\t\t\t\t\t<\/div>\n\t\t\t\t<\/div>\n\t\t<div class=\"elementor-element elementor-element-9821cec e-flex e-con-boxed e-con e-parent\" data-id=\"9821cec\" data-element_type=\"container\" data-settings=\"{&quot;background_background&quot;:&quot;classic&quot;}\">\n\t\t\t\t\t<div class=\"e-con-inner\">\n\t\t<div class=\"elementor-element elementor-element-54b4f7e e-con-full e-flex e-con e-child\" data-id=\"54b4f7e\" data-element_type=\"container\" data-settings=\"{&quot;motion_fx_motion_fx_scrolling&quot;:&quot;yes&quot;,&quot;motion_fx_devices&quot;:[&quot;desktop&quot;,&quot;tablet&quot;,&quot;mobile&quot;]}\">\n\t\t\t\t<div class=\"elementor-element elementor-element-cdf9780 elementor-widget__width-initial elementor-invisible elementor-widget elementor-widget-heading\" data-id=\"cdf9780\" data-element_type=\"widget\" data-settings=\"{&quot;_animation&quot;:&quot;fadeIn&quot;}\" data-widget_type=\"heading.default\">\n\t\t\t\t<div class=\"elementor-widget-container\">\n\t\t\t\t\t<h2 class=\"elementor-heading-title elementor-size-default\">Optimeret kundeservice<\/h2>\t\t\t\t<\/div>\n\t\t\t\t<\/div>\n\t\t\t\t<div class=\"elementor-element elementor-element-2cfdcb6 elementor-widget__width-initial elementor-invisible elementor-widget elementor-widget-text-editor\" data-id=\"2cfdcb6\" data-element_type=\"widget\" data-settings=\"{&quot;_animation&quot;:&quot;fadeIn&quot;,&quot;_animation_delay&quot;:100}\" data-widget_type=\"text-editor.default\">\n\t\t\t\t<div class=\"elementor-widget-container\">\n\t\t\t\t\t\t\t\t\tMed Voicebotten (og Chat- eller SMSbotten) kan du v\u00e6re tilg\u00e6ngelig for dine kunder 24\/7\/365. Dine kunder kan dermed altid f\u00e5 svar og hj\u00e6lp \u2013 uden at sidde i telefon-k\u00f8 eller vente p\u00e5 \u00e5bningstider.\t\t\t\t\t\t\t\t<\/div>\n\t\t\t\t<\/div>\n\t\t\t\t<\/div>\n\t\t<div class=\"elementor-element elementor-element-09b72dd e-con-full e-flex e-con e-child\" data-id=\"09b72dd\" data-element_type=\"container\" data-settings=\"{&quot;background_background&quot;:&quot;classic&quot;}\">\n\t\t\t\t<div class=\"elementor-element elementor-element-403b30c elementor-view-default elementor-invisible elementor-widget elementor-widget-icon\" data-id=\"403b30c\" data-element_type=\"widget\" data-settings=\"{&quot;_animation&quot;:&quot;zoomIn&quot;}\" data-widget_type=\"icon.default\">\n\t\t\t\t<div class=\"elementor-widget-container\">\n\t\t\t\t\t\t\t<div class=\"elementor-icon-wrapper\">\n\t\t\t<div class=\"elementor-icon\">\n\t\t\t<svg xmlns=\"http:\/\/www.w3.org\/2000\/svg\" viewbox=\"0 0 512 512\"><path d=\"M16 288C16 155.4 123.5 48 256 48s240 107.4 240 240c-14.6-19.4-37.8-32-64-32c-26.5 0-48 21.5-48 48l0 128c0 26.5 21.5 48 48 48c44.2 0 80-35.8 80-80l0-32 0-32 0-48C512 146.6 397.4 32 256 32S0 146.6 0 288l0 48 0 32 0 32c0 44.2 35.8 80 80 80c26.5 0 48-21.5 48-48l0-128c0-26.5-21.5-48-48-48c-26.2 0-49.4 12.6-64 32zm0 48c0-35.3 28.7-64 64-64c17.7 0 32 14.3 32 32l0 128c0 17.7-14.3 32-32 32c-35.3 0-64-28.7-64-64l0-32 0-32zm480 0l0 32 0 32c0 35.3-28.7 64-64 64c-17.7 0-32-14.3-32-32l0-128c0-17.7 14.3-32 32-32c35.3 0 64 28.7 64 64z\"><\/path><\/svg>\t\t\t<\/div>\n\t\t<\/div>\n\t\t\t\t\t\t<\/div>\n\t\t\t\t<\/div>\n\t\t\t\t<\/div>\n\t\t\t\t\t<\/div>\n\t\t\t\t<\/div>\n\t\t<div class=\"elementor-element elementor-element-c86449d e-flex e-con-boxed e-con e-parent\" data-id=\"c86449d\" data-element_type=\"container\" data-settings=\"{&quot;background_background&quot;:&quot;classic&quot;}\">\n\t\t\t\t\t<div class=\"e-con-inner\">\n\t\t<div class=\"elementor-element elementor-element-13c4217 e-con-full e-flex e-con e-child\" data-id=\"13c4217\" data-element_type=\"container\" data-settings=\"{&quot;background_background&quot;:&quot;classic&quot;}\">\n\t\t\t\t<div class=\"elementor-element elementor-element-cafc482 elementor-view-default elementor-invisible elementor-widget elementor-widget-icon\" data-id=\"cafc482\" data-element_type=\"widget\" data-settings=\"{&quot;_animation&quot;:&quot;zoomIn&quot;}\" data-widget_type=\"icon.default\">\n\t\t\t\t<div class=\"elementor-widget-container\">\n\t\t\t\t\t\t\t<div class=\"elementor-icon-wrapper\">\n\t\t\t<div class=\"elementor-icon\">\n\t\t\t<svg xmlns=\"http:\/\/www.w3.org\/2000\/svg\" viewbox=\"0 0 448 512\"><path d=\"M0 32l8 0 128 0 8 0 0 8 0 216c0 44.2 35.8 80 80 80s80-35.8 80-80l0-216 0-8 8 0 128 0 8 0 0 8 0 216c0 123.7-100.3 224-224 224S0 379.7 0 256L0 40l0-8zM16 48l0 96 112 0 0-96L16 48zm0 208c0 114.9 93.1 208 208 208s208-93.1 208-208l0-96-112 0 0 96c0 53-43 96-96 96s-96-43-96-96l0-96L16 160l0 96zM432 144l0-96L320 48l0 96 112 0z\"><\/path><\/svg>\t\t\t<\/div>\n\t\t<\/div>\n\t\t\t\t\t\t<\/div>\n\t\t\t\t<\/div>\n\t\t\t\t<\/div>\n\t\t<div class=\"elementor-element elementor-element-1cb2858 e-con-full e-flex e-con e-child\" data-id=\"1cb2858\" data-element_type=\"container\" data-settings=\"{&quot;motion_fx_motion_fx_scrolling&quot;:&quot;yes&quot;,&quot;motion_fx_devices&quot;:[&quot;desktop&quot;,&quot;tablet&quot;,&quot;mobile&quot;]}\">\n\t\t\t\t<div class=\"elementor-element elementor-element-62b4596 elementor-widget__width-initial elementor-invisible elementor-widget elementor-widget-heading\" data-id=\"62b4596\" data-element_type=\"widget\" data-settings=\"{&quot;_animation&quot;:&quot;fadeIn&quot;}\" data-widget_type=\"heading.default\">\n\t\t\t\t<div class=\"elementor-widget-container\">\n\t\t\t\t\t<h2 class=\"elementor-heading-title elementor-size-default\">Bedre intern support<\/h2>\t\t\t\t<\/div>\n\t\t\t\t<\/div>\n\t\t\t\t<div class=\"elementor-element elementor-element-f9a1690 elementor-widget__width-initial elementor-invisible elementor-widget elementor-widget-text-editor\" data-id=\"f9a1690\" data-element_type=\"widget\" data-settings=\"{&quot;_animation&quot;:&quot;fadeIn&quot;,&quot;_animation_delay&quot;:100}\" data-widget_type=\"text-editor.default\">\n\t\t\t\t<div class=\"elementor-widget-container\">\n\t\t\t\t\t\t\t\t\t<p>En Support Voicebot sikrer, at dine medarbejderes IT-problemer og sp\u00f8rgsm\u00e5l bliver l\u00f8st \u00f8jeblikkeligt. Samtidig frigives tid og ressourcer i din supportafdeling, som f\u00e5r mere tid til at l\u00f8se de komplekse sager.<\/p>\t\t\t\t\t\t\t\t<\/div>\n\t\t\t\t<\/div>\n\t\t\t\t<\/div>\n\t\t\t\t\t<\/div>\n\t\t\t\t<\/div>\n\t\t<div class=\"elementor-element elementor-element-c13ece3 e-flex e-con-boxed e-con e-parent\" data-id=\"c13ece3\" data-element_type=\"container\" data-settings=\"{&quot;background_background&quot;:&quot;classic&quot;}\">\n\t\t\t\t\t<div class=\"e-con-inner\">\n\t\t<div class=\"elementor-element elementor-element-81e6f4c e-con-full e-flex e-con e-child\" data-id=\"81e6f4c\" data-element_type=\"container\" data-settings=\"{&quot;motion_fx_motion_fx_scrolling&quot;:&quot;yes&quot;,&quot;motion_fx_devices&quot;:[&quot;desktop&quot;,&quot;tablet&quot;,&quot;mobile&quot;]}\">\n\t\t\t\t<div class=\"elementor-element elementor-element-1502eaa elementor-widget__width-initial elementor-invisible elementor-widget elementor-widget-heading\" data-id=\"1502eaa\" data-element_type=\"widget\" data-settings=\"{&quot;_animation&quot;:&quot;fadeIn&quot;}\" data-widget_type=\"heading.default\">\n\t\t\t\t<div class=\"elementor-widget-container\">\n\t\t\t\t\t<h2 class=\"elementor-heading-title elementor-size-default\">Integration til systemer<\/h2>\t\t\t\t<\/div>\n\t\t\t\t<\/div>\n\t\t\t\t<div class=\"elementor-element elementor-element-026de52 elementor-widget__width-initial elementor-invisible elementor-widget elementor-widget-text-editor\" data-id=\"026de52\" data-element_type=\"widget\" data-settings=\"{&quot;_animation&quot;:&quot;fadeIn&quot;,&quot;_animation_delay&quot;:100}\" data-widget_type=\"text-editor.default\">\n\t\t\t\t<div class=\"elementor-widget-container\">\n\t\t\t\t\t\t\t\t\tVi kan integrere Voicebotten med alle dine interne systemer \u2013 selv de mest komplekse systemer. S\u00e5 Voicebotten f\u00e5r pr\u00e6cist de funktionaliteter, som passer til din virksomhed.\t\t\t\t\t\t\t\t<\/div>\n\t\t\t\t<\/div>\n\t\t\t\t<\/div>\n\t\t<div class=\"elementor-element elementor-element-fd7235d e-con-full e-flex e-con e-child\" data-id=\"fd7235d\" data-element_type=\"container\" data-settings=\"{&quot;background_background&quot;:&quot;classic&quot;}\">\n\t\t\t\t<div class=\"elementor-element elementor-element-5c427b4 elementor-view-default elementor-invisible elementor-widget elementor-widget-icon\" data-id=\"5c427b4\" data-element_type=\"widget\" data-settings=\"{&quot;_animation&quot;:&quot;zoomIn&quot;}\" data-widget_type=\"icon.default\">\n\t\t\t\t<div class=\"elementor-widget-container\">\n\t\t\t\t\t\t\t<div class=\"elementor-icon-wrapper\">\n\t\t\t<div class=\"elementor-icon\">\n\t\t\t<svg xmlns=\"http:\/\/www.w3.org\/2000\/svg\" viewbox=\"0 0 640 512\"><path d=\"M13.7 2.3C10.5-.8 5.5-.8 2.3 2.3s-3.1 8.2 0 11.3L164.7 176 72 176c-4.4 0-8 3.6-8 8s3.6 8 8 8l112 0c4.4 0 8-3.6 8-8l0-112c0-4.4-3.6-8-8-8s-8 3.6-8 8l0 92.7L13.7 2.3zm612.7 0L464 164.7 464 72c0-4.4-3.6-8-8-8s-8 3.6-8 8l0 112c0 4.4 3.6 8 8 8l112 0c4.4 0 8-3.6 8-8s-3.6-8-8-8l-92.7 0L637.7 13.7c3.1-3.1 3.1-8.2 0-11.3s-8.2-3.1-11.3 0zM320 176a80 80 0 1 1 0 160 80 80 0 1 1 0-160zm0 176a96 96 0 1 0 0-192 96 96 0 1 0 0 192zm136 96c4.4 0 8-3.6 8-8l0-92.7L626.3 509.7c3.1 3.1 8.2 3.1 11.3 0s3.1-8.2 0-11.3L475.3 336l92.7 0c4.4 0 8-3.6 8-8s-3.6-8-8-8l-112 0c-4.4 0-8 3.6-8 8l0 112c0 4.4 3.6 8 8 8zm-272 0c4.4 0 8-3.6 8-8l0-112c0-4.4-3.6-8-8-8L72 320c-4.4 0-8 3.6-8 8s3.6 8 8 8l92.7 0L2.3 498.3c-3.1 3.1-3.1 8.2 0 11.3s8.2 3.1 11.3 0L176 347.3l0 92.7c0 4.4 3.6 8 8 8z\"><\/path><\/svg>\t\t\t<\/div>\n\t\t<\/div>\n\t\t\t\t\t\t<\/div>\n\t\t\t\t<\/div>\n\t\t\t\t<\/div>\n\t\t\t\t\t<\/div>\n\t\t\t\t<\/div>\n\t\t<div class=\"elementor-element elementor-element-c4884f8 e-flex e-con-boxed e-con e-parent\" data-id=\"c4884f8\" data-element_type=\"container\" data-settings=\"{&quot;background_background&quot;:&quot;classic&quot;}\">\n\t\t\t\t\t<div class=\"e-con-inner\">\n\t\t<div class=\"elementor-element elementor-element-d4fcb09 e-con-full e-flex e-con e-child\" data-id=\"d4fcb09\" data-element_type=\"container\" data-settings=\"{&quot;background_background&quot;:&quot;classic&quot;}\">\n\t\t\t\t<div class=\"elementor-element elementor-element-9e64a11 elementor-view-default elementor-invisible elementor-widget elementor-widget-icon\" data-id=\"9e64a11\" data-element_type=\"widget\" data-settings=\"{&quot;_animation&quot;:&quot;zoomIn&quot;}\" data-widget_type=\"icon.default\">\n\t\t\t\t<div class=\"elementor-widget-container\">\n\t\t\t\t\t\t\t<div class=\"elementor-icon-wrapper\">\n\t\t\t<div class=\"elementor-icon\">\n\t\t\t<svg xmlns=\"http:\/\/www.w3.org\/2000\/svg\" viewbox=\"0 0 512 512\"><path d=\"M264 8l0-8L248 0l0 8 0 40.2C139.5 52.3 52.3 139.5 48.2 248L8 248l-8 0 0 16 8 0 40.2 0C52.3 372.5 139.5 459.7 248 463.8l0 40.2 0 8 16 0 0-8 0-40.2c108.5-4.1 195.7-91.3 199.8-199.8l40.2 0 8 0 0-16-8 0-40.2 0C459.7 139.5 372.5 52.3 264 48.2L264 8zM120 264l8 0 0-16-8 0-55.8 0C68.2 148.3 148.3 68.2 248 64.2l0 55.8 0 8 16 0 0-8 0-55.8c99.7 4.1 179.8 84.2 183.8 183.8L392 248l-8 0 0 16 8 0 55.8 0c-4.1 99.7-84.2 179.8-183.8 183.8l0-55.8 0-8-16 0 0 8 0 55.8C148.3 443.8 68.2 363.7 64.2 264l55.8 0zm112-8a24 24 0 1 1 48 0 24 24 0 1 1 -48 0zm64 0a40 40 0 1 0 -80 0 40 40 0 1 0 80 0z\"><\/path><\/svg>\t\t\t<\/div>\n\t\t<\/div>\n\t\t\t\t\t\t<\/div>\n\t\t\t\t<\/div>\n\t\t\t\t<\/div>\n\t\t<div class=\"elementor-element elementor-element-8bbe0d8 e-con-full e-flex e-con e-child\" data-id=\"8bbe0d8\" data-element_type=\"container\" data-settings=\"{&quot;motion_fx_motion_fx_scrolling&quot;:&quot;yes&quot;,&quot;motion_fx_devices&quot;:[&quot;desktop&quot;,&quot;tablet&quot;,&quot;mobile&quot;]}\">\n\t\t\t\t<div class=\"elementor-element elementor-element-6986dcf elementor-widget__width-initial elementor-invisible elementor-widget elementor-widget-heading\" data-id=\"6986dcf\" data-element_type=\"widget\" data-settings=\"{&quot;_animation&quot;:&quot;fadeIn&quot;}\" data-widget_type=\"heading.default\">\n\t\t\t\t<div class=\"elementor-widget-container\">\n\t\t\t\t\t<h2 class=\"elementor-heading-title elementor-size-default\">Personaliseret til dig<\/h2>\t\t\t\t<\/div>\n\t\t\t\t<\/div>\n\t\t\t\t<div class=\"elementor-element elementor-element-6856a71 elementor-widget__width-initial elementor-invisible elementor-widget elementor-widget-text-editor\" data-id=\"6856a71\" data-element_type=\"widget\" data-settings=\"{&quot;_animation&quot;:&quot;fadeIn&quot;,&quot;_animation_delay&quot;:100}\" data-widget_type=\"text-editor.default\">\n\t\t\t\t<div class=\"elementor-widget-container\">\n\t\t\t\t\t\t\t\t\tBotten l\u00e6rer alt om din forretning ved at scanne din hjemmeside. Skal den l\u00e6re mere, kan du selv meget enkelt tilf\u00f8je det i systemet, s\u00e5 din Voicebot l\u00f8bende kan give bedre og mere pr\u00e6cise svar.\t\t\t\t\t\t\t\t<\/div>\n\t\t\t\t<\/div>\n\t\t\t\t<\/div>\n\t\t\t\t\t<\/div>\n\t\t\t\t<\/div>\n\t\t\t\t<\/div>","protected":false},"excerpt":{"rendered":"<p>Book en demo Optimeret kundeservice Med Voicebotten (og Chat- eller SMSbotten) kan du v\u00e6re tilg\u00e6ngelig for dine kunder 24\/7\/365. Dine kunder kan dermed altid f\u00e5 svar og hj\u00e6lp \u2013 uden at sidde i telefon-k\u00f8 eller vente p\u00e5 \u00e5bningstider. Bedre intern support En Support Voicebot sikrer, at dine medarbejderes IT-problemer og sp\u00f8rgsm\u00e5l bliver l\u00f8st \u00f8jeblikkeligt. Samtidig [&hellip;]<\/p>","protected":false},"author":1,"featured_media":0,"parent":1564,"menu_order":0,"comment_status":"closed","ping_status":"closed","template":"","meta":{"footnotes":""},"class_list":["post-1568","page","type-page","status-publish","hentry"],"yoast_head":"<!-- This site is optimized with the Yoast SEO plugin v26.9 - https:\/\/yoast.com\/product\/yoast-seo-wordpress\/ -->\n<title>Private virksomheder - InDialog<\/title>\n<meta name=\"robots\" content=\"noindex, follow, max-snippet:-1, max-image-preview:large, max-video-preview:-1\" \/>\n<meta property=\"og:locale\" content=\"en_GB\" \/>\n<meta property=\"og:type\" content=\"article\" \/>\n<meta property=\"og:title\" content=\"Private virksomheder - InDialog\" \/>\n<meta property=\"og:description\" content=\"Book en demo Optimeret kundeservice Med Voicebotten (og Chat- eller SMSbotten) kan du v\u00e6re tilg\u00e6ngelig for dine kunder 24\/7\/365. Dine kunder kan dermed altid f\u00e5 svar og hj\u00e6lp \u2013 uden at sidde i telefon-k\u00f8 eller vente p\u00e5 \u00e5bningstider. Bedre intern support En Support Voicebot sikrer, at dine medarbejderes IT-problemer og sp\u00f8rgsm\u00e5l bliver l\u00f8st \u00f8jeblikkeligt. Samtidig [&hellip;]\" \/>\n<meta property=\"og:url\" content=\"https:\/\/indialog.auxodev1.dk\/en\/industri\/private-virksomheder\/\" \/>\n<meta property=\"og:site_name\" content=\"InDialog\" \/>\n<meta property=\"article:modified_time\" content=\"2025-02-11T13:48:21+00:00\" \/>\n<meta name=\"twitter:card\" content=\"summary_large_image\" \/>\n<meta name=\"twitter:label1\" content=\"Estimated reading time\" \/>\n\t<meta name=\"twitter:data1\" content=\"1 minute\" \/>\n<script type=\"application\/ld+json\" class=\"yoast-schema-graph\">{\"@context\":\"https:\/\/schema.org\",\"@graph\":[{\"@type\":\"WebPage\",\"@id\":\"https:\/\/indialog.auxodev1.dk\/industri\/private-virksomheder\/\",\"url\":\"https:\/\/indialog.auxodev1.dk\/industri\/private-virksomheder\/\",\"name\":\"Private virksomheder - InDialog\",\"isPartOf\":{\"@id\":\"https:\/\/indialog.auxodev1.dk\/#website\"},\"datePublished\":\"2025-02-10T07:29:17+00:00\",\"dateModified\":\"2025-02-11T13:48:21+00:00\",\"breadcrumb\":{\"@id\":\"https:\/\/indialog.auxodev1.dk\/industri\/private-virksomheder\/#breadcrumb\"},\"inLanguage\":\"en-GB\",\"potentialAction\":[{\"@type\":\"ReadAction\",\"target\":[\"https:\/\/indialog.auxodev1.dk\/industri\/private-virksomheder\/\"]}]},{\"@type\":\"BreadcrumbList\",\"@id\":\"https:\/\/indialog.auxodev1.dk\/industri\/private-virksomheder\/#breadcrumb\",\"itemListElement\":[{\"@type\":\"ListItem\",\"position\":1,\"name\":\"Industri\",\"item\":\"https:\/\/indialog.auxodev1.dk\/industri\/\"},{\"@type\":\"ListItem\",\"position\":2,\"name\":\"Private virksomheder\"}]},{\"@type\":\"WebSite\",\"@id\":\"https:\/\/indialog.auxodev1.dk\/#website\",\"url\":\"https:\/\/indialog.auxodev1.dk\/\",\"name\":\"InDialog\",\"description\":\"\",\"publisher\":{\"@id\":\"https:\/\/indialog.auxodev1.dk\/#organization\"},\"potentialAction\":[{\"@type\":\"SearchAction\",\"target\":{\"@type\":\"EntryPoint\",\"urlTemplate\":\"https:\/\/indialog.auxodev1.dk\/?s={search_term_string}\"},\"query-input\":{\"@type\":\"PropertyValueSpecification\",\"valueRequired\":true,\"valueName\":\"search_term_string\"}}],\"inLanguage\":\"en-GB\"},{\"@type\":\"Organization\",\"@id\":\"https:\/\/indialog.auxodev1.dk\/#organization\",\"name\":\"InDialog\",\"url\":\"https:\/\/indialog.auxodev1.dk\/\",\"logo\":{\"@type\":\"ImageObject\",\"inLanguage\":\"en-GB\",\"@id\":\"https:\/\/indialog.auxodev1.dk\/#\/schema\/logo\/image\/\",\"url\":\"https:\/\/indialog.auxodev1.dk\/wp-content\/uploads\/InDialog-white-2.png\",\"contentUrl\":\"https:\/\/indialog.auxodev1.dk\/wp-content\/uploads\/InDialog-white-2.png\",\"width\":556,\"height\":117,\"caption\":\"InDialog\"},\"image\":{\"@id\":\"https:\/\/indialog.auxodev1.dk\/#\/schema\/logo\/image\/\"}}]}<\/script>\n<!-- \/ Yoast SEO plugin. -->","yoast_head_json":{"title":"Private virksomheder - InDialog","robots":{"index":"noindex","follow":"follow","max-snippet":"max-snippet:-1","max-image-preview":"max-image-preview:large","max-video-preview":"max-video-preview:-1"},"og_locale":"en_GB","og_type":"article","og_title":"Private virksomheder - InDialog","og_description":"Book en demo Optimeret kundeservice Med Voicebotten (og Chat- eller SMSbotten) kan du v\u00e6re tilg\u00e6ngelig for dine kunder 24\/7\/365. Dine kunder kan dermed altid f\u00e5 svar og hj\u00e6lp \u2013 uden at sidde i telefon-k\u00f8 eller vente p\u00e5 \u00e5bningstider. Bedre intern support En Support Voicebot sikrer, at dine medarbejderes IT-problemer og sp\u00f8rgsm\u00e5l bliver l\u00f8st \u00f8jeblikkeligt. Samtidig [&hellip;]","og_url":"https:\/\/indialog.auxodev1.dk\/en\/industri\/private-virksomheder\/","og_site_name":"InDialog","article_modified_time":"2025-02-11T13:48:21+00:00","twitter_card":"summary_large_image","twitter_misc":{"Estimated reading time":"1 minute"},"schema":{"@context":"https:\/\/schema.org","@graph":[{"@type":"WebPage","@id":"https:\/\/indialog.auxodev1.dk\/industri\/private-virksomheder\/","url":"https:\/\/indialog.auxodev1.dk\/industri\/private-virksomheder\/","name":"Private virksomheder - InDialog","isPartOf":{"@id":"https:\/\/indialog.auxodev1.dk\/#website"},"datePublished":"2025-02-10T07:29:17+00:00","dateModified":"2025-02-11T13:48:21+00:00","breadcrumb":{"@id":"https:\/\/indialog.auxodev1.dk\/industri\/private-virksomheder\/#breadcrumb"},"inLanguage":"en-GB","potentialAction":[{"@type":"ReadAction","target":["https:\/\/indialog.auxodev1.dk\/industri\/private-virksomheder\/"]}]},{"@type":"BreadcrumbList","@id":"https:\/\/indialog.auxodev1.dk\/industri\/private-virksomheder\/#breadcrumb","itemListElement":[{"@type":"ListItem","position":1,"name":"Industri","item":"https:\/\/indialog.auxodev1.dk\/industri\/"},{"@type":"ListItem","position":2,"name":"Private virksomheder"}]},{"@type":"WebSite","@id":"https:\/\/indialog.auxodev1.dk\/#website","url":"https:\/\/indialog.auxodev1.dk\/","name":"InDialog","description":"","publisher":{"@id":"https:\/\/indialog.auxodev1.dk\/#organization"},"potentialAction":[{"@type":"SearchAction","target":{"@type":"EntryPoint","urlTemplate":"https:\/\/indialog.auxodev1.dk\/?s={search_term_string}"},"query-input":{"@type":"PropertyValueSpecification","valueRequired":true,"valueName":"search_term_string"}}],"inLanguage":"en-GB"},{"@type":"Organization","@id":"https:\/\/indialog.auxodev1.dk\/#organization","name":"InDialog","url":"https:\/\/indialog.auxodev1.dk\/","logo":{"@type":"ImageObject","inLanguage":"en-GB","@id":"https:\/\/indialog.auxodev1.dk\/#\/schema\/logo\/image\/","url":"https:\/\/indialog.auxodev1.dk\/wp-content\/uploads\/InDialog-white-2.png","contentUrl":"https:\/\/indialog.auxodev1.dk\/wp-content\/uploads\/InDialog-white-2.png","width":556,"height":117,"caption":"InDialog"},"image":{"@id":"https:\/\/indialog.auxodev1.dk\/#\/schema\/logo\/image\/"}}]}},"_links":{"self":[{"href":"https:\/\/indialog.auxodev1.dk\/en\/wp-json\/wp\/v2\/pages\/1568","targetHints":{"allow":["GET"]}}],"collection":[{"href":"https:\/\/indialog.auxodev1.dk\/en\/wp-json\/wp\/v2\/pages"}],"about":[{"href":"https:\/\/indialog.auxodev1.dk\/en\/wp-json\/wp\/v2\/types\/page"}],"author":[{"embeddable":true,"href":"https:\/\/indialog.auxodev1.dk\/en\/wp-json\/wp\/v2\/users\/1"}],"replies":[{"embeddable":true,"href":"https:\/\/indialog.auxodev1.dk\/en\/wp-json\/wp\/v2\/comments?post=1568"}],"version-history":[{"count":4,"href":"https:\/\/indialog.auxodev1.dk\/en\/wp-json\/wp\/v2\/pages\/1568\/revisions"}],"predecessor-version":[{"id":2283,"href":"https:\/\/indialog.auxodev1.dk\/en\/wp-json\/wp\/v2\/pages\/1568\/revisions\/2283"}],"up":[{"embeddable":true,"href":"https:\/\/indialog.auxodev1.dk\/en\/wp-json\/wp\/v2\/pages\/1564"}],"wp:attachment":[{"href":"https:\/\/indialog.auxodev1.dk\/en\/wp-json\/wp\/v2\/media?parent=1568"}],"curies":[{"name":"wp","href":"https:\/\/api.w.org\/{rel}","templated":true}]}}