{"id":1566,"date":"2025-02-10T08:28:53","date_gmt":"2025-02-10T07:28:53","guid":{"rendered":"https:\/\/indialog.auxodev1.dk\/?page_id=1566"},"modified":"2025-02-11T14:52:09","modified_gmt":"2025-02-11T13:52:09","slug":"offentlige-institutioner","status":"publish","type":"page","link":"https:\/\/indialog.auxodev1.dk\/en\/industri\/offentlige-institutioner\/","title":{"rendered":"Offentlige institutioner"},"content":{"rendered":"<div data-elementor-type=\"wp-page\" data-elementor-id=\"1566\" class=\"elementor elementor-1566\" data-elementor-post-type=\"page\">\n\t\t\t\t<div class=\"elementor-element elementor-element-57d5f08 e-flex e-con-boxed e-con e-parent\" data-id=\"57d5f08\" data-element_type=\"container\" data-settings=\"{&quot;background_background&quot;:&quot;classic&quot;,&quot;background_motion_fx_motion_fx_scrolling&quot;:&quot;yes&quot;,&quot;background_motion_fx_devices&quot;:[&quot;desktop&quot;,&quot;tablet&quot;,&quot;mobile&quot;]}\">\n\t\t\t\t\t<div class=\"e-con-inner\">\n\t\t<div class=\"elementor-element elementor-element-03ac658 e-con-full e-flex e-con e-child\" data-id=\"03ac658\" data-element_type=\"container\">\n\t\t\t\t<div class=\"elementor-element elementor-element-1fc2906 elementor-align-left elementor-invisible elementor-widget elementor-widget-button\" data-id=\"1fc2906\" data-element_type=\"widget\" data-settings=\"{&quot;_animation&quot;:&quot;fadeInUp&quot;}\" data-widget_type=\"button.default\">\n\t\t\t\t<div class=\"elementor-widget-container\">\n\t\t\t\t\t\t\t\t\t<div class=\"elementor-button-wrapper\">\n\t\t\t\t\t<a class=\"elementor-button elementor-button-link elementor-size-sm elementor-animation-shrink\" href=\"https:\/\/indialog.auxodev1.dk\/en\/kontakt\/\">\n\t\t\t\t\t\t<span class=\"elementor-button-content-wrapper\">\n\t\t\t\t\t\t<span class=\"elementor-button-icon\">\n\t\t\t\t<i aria-hidden=\"true\" class=\"far fa-angle-double-right\"><\/i>\t\t\t<\/span>\n\t\t\t\t\t\t\t\t\t<span class=\"elementor-button-text\">Book en demo<\/span>\n\t\t\t\t\t<\/span>\n\t\t\t\t\t<\/a>\n\t\t\t\t<\/div>\n\t\t\t\t\t\t\t\t<\/div>\n\t\t\t\t<\/div>\n\t\t\t\t<\/div>\n\t\t\t\t\t<\/div>\n\t\t\t\t<\/div>\n\t\t<div class=\"elementor-element elementor-element-58b055b e-flex e-con-boxed e-con e-parent\" data-id=\"58b055b\" data-element_type=\"container\" data-settings=\"{&quot;background_background&quot;:&quot;classic&quot;}\">\n\t\t\t\t\t<div class=\"e-con-inner\">\n\t\t<div class=\"elementor-element elementor-element-8c41194 e-con-full e-flex e-con e-child\" data-id=\"8c41194\" data-element_type=\"container\" data-settings=\"{&quot;motion_fx_motion_fx_scrolling&quot;:&quot;yes&quot;,&quot;motion_fx_devices&quot;:[&quot;desktop&quot;,&quot;tablet&quot;,&quot;mobile&quot;]}\">\n\t\t\t\t<div class=\"elementor-element elementor-element-4c9ed73 elementor-widget__width-initial elementor-invisible elementor-widget elementor-widget-heading\" data-id=\"4c9ed73\" data-element_type=\"widget\" data-settings=\"{&quot;_animation&quot;:&quot;fadeIn&quot;}\" data-widget_type=\"heading.default\">\n\t\t\t\t<div class=\"elementor-widget-container\">\n\t\t\t\t\t<h2 class=\"elementor-heading-title elementor-size-default\">Guide og hj\u00e6lp borgere<\/h2>\t\t\t\t<\/div>\n\t\t\t\t<\/div>\n\t\t\t\t<div class=\"elementor-element elementor-element-41d3250 elementor-widget__width-initial elementor-invisible elementor-widget elementor-widget-text-editor\" data-id=\"41d3250\" data-element_type=\"widget\" data-settings=\"{&quot;_animation&quot;:&quot;fadeIn&quot;,&quot;_animation_delay&quot;:100}\" data-widget_type=\"text-editor.default\">\n\t\t\t\t<div class=\"elementor-widget-container\">\n\t\t\t\t\t\t\t\t\tN\u00e5r en borger skal flytte, opst\u00e5r der mange sp\u00f8rgsm\u00e5l. Voicebotten, Chatbotten og SMSbotten kan besvare sp\u00f8rgsm\u00e5l om, hvordan det er at bo i et specifikt omr\u00e5de, hvad de skal huske, n\u00e5r de skal flytte, hvordan skolerne er i omr\u00e5det osv.\t\t\t\t\t\t\t\t<\/div>\n\t\t\t\t<\/div>\n\t\t\t\t<\/div>\n\t\t<div class=\"elementor-element elementor-element-aa91106 e-con-full e-flex e-con e-child\" data-id=\"aa91106\" data-element_type=\"container\" data-settings=\"{&quot;background_background&quot;:&quot;classic&quot;}\">\n\t\t\t\t<div class=\"elementor-element elementor-element-e9c47a7 elementor-view-default elementor-invisible elementor-widget elementor-widget-icon\" data-id=\"e9c47a7\" data-element_type=\"widget\" data-settings=\"{&quot;_animation&quot;:&quot;zoomIn&quot;}\" data-widget_type=\"icon.default\">\n\t\t\t\t<div class=\"elementor-widget-container\">\n\t\t\t\t\t\t\t<div class=\"elementor-icon-wrapper\">\n\t\t\t<div class=\"elementor-icon\">\n\t\t\t<svg xmlns=\"http:\/\/www.w3.org\/2000\/svg\" viewbox=\"0 0 512 512\"><path d=\"M248 0l16 0 0 48 184 0 64 72-64 72-184 0 0 48 200 0 16 0 0 16 0 112 0 16-16 0-200 0 0 128-16 0 0-128L64 384 0 312l64-72 184 0 0-48L48 192l-16 0 0-16L32 64l0-16 16 0 200 0 0-48zM440.8 64L48 64l0 112 392.8 0 49.8-56L440.8 64zM71.2 256L21.4 312l49.8 56L464 368l0-112L71.2 256z\"><\/path><\/svg>\t\t\t<\/div>\n\t\t<\/div>\n\t\t\t\t\t\t<\/div>\n\t\t\t\t<\/div>\n\t\t\t\t<\/div>\n\t\t\t\t\t<\/div>\n\t\t\t\t<\/div>\n\t\t<div class=\"elementor-element elementor-element-83158f0 e-flex e-con-boxed e-con e-parent\" data-id=\"83158f0\" data-element_type=\"container\" data-settings=\"{&quot;background_background&quot;:&quot;classic&quot;}\">\n\t\t\t\t\t<div class=\"e-con-inner\">\n\t\t<div class=\"elementor-element elementor-element-294ce5d e-con-full e-flex e-con e-child\" data-id=\"294ce5d\" data-element_type=\"container\" data-settings=\"{&quot;background_background&quot;:&quot;classic&quot;}\">\n\t\t\t\t<div class=\"elementor-element elementor-element-8574c41 elementor-view-default elementor-invisible elementor-widget elementor-widget-icon\" data-id=\"8574c41\" data-element_type=\"widget\" data-settings=\"{&quot;_animation&quot;:&quot;zoomIn&quot;}\" data-widget_type=\"icon.default\">\n\t\t\t\t<div class=\"elementor-widget-container\">\n\t\t\t\t\t\t\t<div class=\"elementor-icon-wrapper\">\n\t\t\t<div class=\"elementor-icon\">\n\t\t\t<svg xmlns=\"http:\/\/www.w3.org\/2000\/svg\" viewbox=\"0 0 640 512\"><path d=\"M570.3 143L497 69.7l47-47L617.4 96l-47 47zM480 64l-5.7 5.7L320 224 292.4 334.4 288 352l17.6-4.4L416 320 570.3 165.7 576 160l5.7-5.7 47-47L640 96 628.7 84.7 555.3 11.3 544 0 532.7 11.3l-47 47L480 64zm5.7 17L559 154.3 407.8 305.6 310 330l24.5-97.8L485.7 81zM8 128l-8 0 0 8L0 504l0 8 8 0 560 0 8 0 0-8 0-240 0-8-16 0 0 8 0 232L16 496l0-352 296 0 8 0 0-16-8 0L8 128zM144 304l-32 0 0 32 32 0 0-32zm64 0l0 32 32 0 0-32-32 0z\"><\/path><\/svg>\t\t\t<\/div>\n\t\t<\/div>\n\t\t\t\t\t\t<\/div>\n\t\t\t\t<\/div>\n\t\t\t\t<\/div>\n\t\t<div class=\"elementor-element elementor-element-f6000b9 e-con-full e-flex e-con e-child\" data-id=\"f6000b9\" data-element_type=\"container\" data-settings=\"{&quot;motion_fx_motion_fx_scrolling&quot;:&quot;yes&quot;,&quot;motion_fx_devices&quot;:[&quot;desktop&quot;,&quot;tablet&quot;,&quot;mobile&quot;]}\">\n\t\t\t\t<div class=\"elementor-element elementor-element-be88579 elementor-widget__width-initial elementor-invisible elementor-widget elementor-widget-heading\" data-id=\"be88579\" data-element_type=\"widget\" data-settings=\"{&quot;_animation&quot;:&quot;fadeIn&quot;}\" data-widget_type=\"heading.default\">\n\t\t\t\t<div class=\"elementor-widget-container\">\n\t\t\t\t\t<h2 class=\"elementor-heading-title elementor-size-default\">Automatis\u00e9r og optim\u00e9r<\/h2>\t\t\t\t<\/div>\n\t\t\t\t<\/div>\n\t\t\t\t<div class=\"elementor-element elementor-element-7de2be6 elementor-widget__width-initial elementor-invisible elementor-widget elementor-widget-text-editor\" data-id=\"7de2be6\" data-element_type=\"widget\" data-settings=\"{&quot;_animation&quot;:&quot;fadeIn&quot;,&quot;_animation_delay&quot;:100}\" data-widget_type=\"text-editor.default\">\n\t\t\t\t<div class=\"elementor-widget-container\">\n\t\t\t\t\t\t\t\t\tVoicebotten kan tage sig af administrative opgaver som m\u00f8debooking, kalenderopdateringer, support funktioner og meget andet. Voicebotten kan alts\u00e5 hj\u00e6lpe mange borgere med hele deres henvendelse.\t\t\t\t\t\t\t\t<\/div>\n\t\t\t\t<\/div>\n\t\t\t\t<\/div>\n\t\t\t\t\t<\/div>\n\t\t\t\t<\/div>\n\t\t<div class=\"elementor-element elementor-element-3db33f9 e-flex e-con-boxed e-con e-parent\" data-id=\"3db33f9\" data-element_type=\"container\" data-settings=\"{&quot;background_background&quot;:&quot;classic&quot;}\">\n\t\t\t\t\t<div class=\"e-con-inner\">\n\t\t<div class=\"elementor-element elementor-element-80cbcc3 e-con-full e-flex e-con e-child\" data-id=\"80cbcc3\" data-element_type=\"container\" data-settings=\"{&quot;motion_fx_motion_fx_scrolling&quot;:&quot;yes&quot;,&quot;motion_fx_devices&quot;:[&quot;desktop&quot;,&quot;tablet&quot;,&quot;mobile&quot;]}\">\n\t\t\t\t<div class=\"elementor-element elementor-element-f974fb8 elementor-widget__width-initial elementor-invisible elementor-widget elementor-widget-heading\" data-id=\"f974fb8\" data-element_type=\"widget\" data-settings=\"{&quot;_animation&quot;:&quot;fadeIn&quot;}\" data-widget_type=\"heading.default\">\n\t\t\t\t<div class=\"elementor-widget-container\">\n\t\t\t\t\t<h2 class=\"elementor-heading-title elementor-size-default\">Klassisk Borgerservice<\/h2>\t\t\t\t<\/div>\n\t\t\t\t<\/div>\n\t\t\t\t<div class=\"elementor-element elementor-element-0842c2e elementor-widget__width-initial elementor-invisible elementor-widget elementor-widget-text-editor\" data-id=\"0842c2e\" data-element_type=\"widget\" data-settings=\"{&quot;_animation&quot;:&quot;fadeIn&quot;,&quot;_animation_delay&quot;:100}\" data-widget_type=\"text-editor.default\">\n\t\t\t\t<div class=\"elementor-widget-container\">\n\t\t\t\t\t\t\t\t\tVoicebotten fungerer som en almindelige Borgerservice medarbejder, som i d\u00f8gndrift kan svare p\u00e5 borgernes sp\u00f8rgsm\u00e5l \u2013 som hvorn\u00e5r deres skrald bliver hentet, eller hvorn\u00e5r vejarbejdet p\u00e5 gaden er f\u00e6rdigt.\t\t\t\t\t\t\t\t<\/div>\n\t\t\t\t<\/div>\n\t\t\t\t<\/div>\n\t\t<div class=\"elementor-element elementor-element-23c569e e-con-full e-flex e-con e-child\" data-id=\"23c569e\" data-element_type=\"container\" data-settings=\"{&quot;background_background&quot;:&quot;classic&quot;}\">\n\t\t\t\t<div class=\"elementor-element elementor-element-bacd754 elementor-view-default elementor-invisible elementor-widget elementor-widget-icon\" data-id=\"bacd754\" data-element_type=\"widget\" data-settings=\"{&quot;_animation&quot;:&quot;zoomIn&quot;}\" data-widget_type=\"icon.default\">\n\t\t\t\t<div class=\"elementor-widget-container\">\n\t\t\t\t\t\t\t<div class=\"elementor-icon-wrapper\">\n\t\t\t<div class=\"elementor-icon\">\n\t\t\t<svg xmlns=\"http:\/\/www.w3.org\/2000\/svg\" viewbox=\"0 0 448 512\"><path d=\"M16 8l0-8L0 0 0 8 0 32 0 48 0 336l0 16L0 504l0 8 16 0 0-8 0-152 412.5 0 19.5 0-11.2-16L336 192 436.8 48 448 32l-19.5 0L16 32 16 8zm0 40l401.3 0L322.9 182.8l-6.4 9.2 6.4 9.2L417.3 336 16 336 16 48z\"><\/path><\/svg>\t\t\t<\/div>\n\t\t<\/div>\n\t\t\t\t\t\t<\/div>\n\t\t\t\t<\/div>\n\t\t\t\t<\/div>\n\t\t\t\t\t<\/div>\n\t\t\t\t<\/div>\n\t\t<div class=\"elementor-element elementor-element-8aff432 e-flex e-con-boxed e-con e-parent\" data-id=\"8aff432\" data-element_type=\"container\" data-settings=\"{&quot;background_background&quot;:&quot;classic&quot;}\">\n\t\t\t\t\t<div class=\"e-con-inner\">\n\t\t<div class=\"elementor-element elementor-element-b49ceac e-con-full e-flex e-con e-child\" data-id=\"b49ceac\" data-element_type=\"container\" data-settings=\"{&quot;background_background&quot;:&quot;classic&quot;}\">\n\t\t\t\t<div class=\"elementor-element elementor-element-94b8e75 elementor-view-default elementor-invisible elementor-widget elementor-widget-icon\" data-id=\"94b8e75\" data-element_type=\"widget\" data-settings=\"{&quot;_animation&quot;:&quot;zoomIn&quot;}\" data-widget_type=\"icon.default\">\n\t\t\t\t<div class=\"elementor-widget-container\">\n\t\t\t\t\t\t\t<div class=\"elementor-icon-wrapper\">\n\t\t\t<div class=\"elementor-icon\">\n\t\t\t<svg xmlns=\"http:\/\/www.w3.org\/2000\/svg\" viewbox=\"0 0 576 512\"><path d=\"M374.6 164L297.1 17.1 288.1 0l-9 17.1L201.5 164 38 192.3l-19.1 3.3 13.5 13.9 115.7 119L124.5 492.8 121.7 512l17.4-8.6 149-73.2 149 73.2 17.4 8.6-2.8-19.2L428 328.5l115.7-119 13.5-13.9-19.1-3.3L374.6 164zm150.1 42.2L416.6 317.4l-5.5 5.6 1.1 7.8 22.1 153.5L295.1 415.8l-7.1-3.5-7.1 3.5L141.9 484.3l22.1-153.5L165 323l-5.5-5.6L51.5 206.2l152.8-26.4 7.8-1.3 3.7-7L288.1 34.3l72.4 137.1 3.7 7 7.8 1.3 152.8 26.4z\"><\/path><\/svg>\t\t\t<\/div>\n\t\t<\/div>\n\t\t\t\t\t\t<\/div>\n\t\t\t\t<\/div>\n\t\t\t\t<\/div>\n\t\t<div class=\"elementor-element elementor-element-ddd827f e-con-full e-flex e-con e-child\" data-id=\"ddd827f\" data-element_type=\"container\" data-settings=\"{&quot;motion_fx_motion_fx_scrolling&quot;:&quot;yes&quot;,&quot;motion_fx_devices&quot;:[&quot;desktop&quot;,&quot;tablet&quot;,&quot;mobile&quot;]}\">\n\t\t\t\t<div class=\"elementor-element elementor-element-f56b017 elementor-widget__width-initial elementor-invisible elementor-widget elementor-widget-heading\" data-id=\"f56b017\" data-element_type=\"widget\" data-settings=\"{&quot;_animation&quot;:&quot;fadeIn&quot;}\" data-widget_type=\"heading.default\">\n\t\t\t\t<div class=\"elementor-widget-container\">\n\t\t\t\t\t<h2 class=\"elementor-heading-title elementor-size-default\">G\u00f8r hverdagen lettere<\/h2>\t\t\t\t<\/div>\n\t\t\t\t<\/div>\n\t\t\t\t<div class=\"elementor-element elementor-element-29c4340 elementor-widget__width-initial elementor-invisible elementor-widget elementor-widget-text-editor\" data-id=\"29c4340\" data-element_type=\"widget\" data-settings=\"{&quot;_animation&quot;:&quot;fadeIn&quot;,&quot;_animation_delay&quot;:100}\" data-widget_type=\"text-editor.default\">\n\t\t\t\t<div class=\"elementor-widget-container\">\n\t\t\t\t\t\t\t\t\tDa der aldrig er k\u00f8 til Voicebotten, kan borgere hurtigt f\u00e5 svar p\u00e5 de sm\u00e5 sp\u00f8rgsm\u00e5l \u2013 som hvorn\u00e5r b\u00f8rnene skal have gymnastikt\u00f8jet med eller hvorfor den digitale pladsanvisning er midlertidig nede.\t\t\t\t\t\t\t\t<\/div>\n\t\t\t\t<\/div>\n\t\t\t\t<\/div>\n\t\t\t\t\t<\/div>\n\t\t\t\t<\/div>\n\t\t\t\t<\/div>","protected":false},"excerpt":{"rendered":"<p>Book en demo Guide og hj\u00e6lp borgere N\u00e5r en borger skal flytte, opst\u00e5r der mange sp\u00f8rgsm\u00e5l. Voicebotten, Chatbotten og SMSbotten kan besvare sp\u00f8rgsm\u00e5l om, hvordan det er at bo i et specifikt omr\u00e5de, hvad de skal huske, n\u00e5r de skal flytte, hvordan skolerne er i omr\u00e5det osv. Automatis\u00e9r og optim\u00e9r Voicebotten kan tage sig af [&hellip;]<\/p>","protected":false},"author":1,"featured_media":0,"parent":1564,"menu_order":0,"comment_status":"closed","ping_status":"closed","template":"","meta":{"footnotes":""},"class_list":["post-1566","page","type-page","status-publish","hentry"],"yoast_head":"<!-- This site is optimized with the Yoast SEO plugin v26.9 - https:\/\/yoast.com\/product\/yoast-seo-wordpress\/ -->\n<title>Offentlige institutioner - InDialog<\/title>\n<meta name=\"robots\" content=\"noindex, follow, max-snippet:-1, max-image-preview:large, max-video-preview:-1\" \/>\n<meta property=\"og:locale\" content=\"en_GB\" \/>\n<meta property=\"og:type\" content=\"article\" \/>\n<meta property=\"og:title\" content=\"Offentlige institutioner - InDialog\" \/>\n<meta property=\"og:description\" content=\"Book en demo Guide og hj\u00e6lp borgere N\u00e5r en borger skal flytte, opst\u00e5r der mange sp\u00f8rgsm\u00e5l. Voicebotten, Chatbotten og SMSbotten kan besvare sp\u00f8rgsm\u00e5l om, hvordan det er at bo i et specifikt omr\u00e5de, hvad de skal huske, n\u00e5r de skal flytte, hvordan skolerne er i omr\u00e5det osv. Automatis\u00e9r og optim\u00e9r Voicebotten kan tage sig af [&hellip;]\" \/>\n<meta property=\"og:url\" content=\"https:\/\/indialog.auxodev1.dk\/en\/industri\/offentlige-institutioner\/\" \/>\n<meta property=\"og:site_name\" content=\"InDialog\" \/>\n<meta property=\"article:modified_time\" content=\"2025-02-11T13:52:09+00:00\" \/>\n<meta name=\"twitter:card\" content=\"summary_large_image\" \/>\n<meta name=\"twitter:label1\" content=\"Estimated reading time\" \/>\n\t<meta name=\"twitter:data1\" content=\"1 minute\" \/>\n<script type=\"application\/ld+json\" class=\"yoast-schema-graph\">{\"@context\":\"https:\/\/schema.org\",\"@graph\":[{\"@type\":\"WebPage\",\"@id\":\"https:\/\/indialog.auxodev1.dk\/industri\/offentlige-institutioner\/\",\"url\":\"https:\/\/indialog.auxodev1.dk\/industri\/offentlige-institutioner\/\",\"name\":\"Offentlige institutioner - InDialog\",\"isPartOf\":{\"@id\":\"https:\/\/indialog.auxodev1.dk\/#website\"},\"datePublished\":\"2025-02-10T07:28:53+00:00\",\"dateModified\":\"2025-02-11T13:52:09+00:00\",\"breadcrumb\":{\"@id\":\"https:\/\/indialog.auxodev1.dk\/industri\/offentlige-institutioner\/#breadcrumb\"},\"inLanguage\":\"en-GB\",\"potentialAction\":[{\"@type\":\"ReadAction\",\"target\":[\"https:\/\/indialog.auxodev1.dk\/industri\/offentlige-institutioner\/\"]}]},{\"@type\":\"BreadcrumbList\",\"@id\":\"https:\/\/indialog.auxodev1.dk\/industri\/offentlige-institutioner\/#breadcrumb\",\"itemListElement\":[{\"@type\":\"ListItem\",\"position\":1,\"name\":\"Industri\",\"item\":\"https:\/\/indialog.auxodev1.dk\/industri\/\"},{\"@type\":\"ListItem\",\"position\":2,\"name\":\"Offentlige institutioner\"}]},{\"@type\":\"WebSite\",\"@id\":\"https:\/\/indialog.auxodev1.dk\/#website\",\"url\":\"https:\/\/indialog.auxodev1.dk\/\",\"name\":\"InDialog\",\"description\":\"\",\"publisher\":{\"@id\":\"https:\/\/indialog.auxodev1.dk\/#organization\"},\"potentialAction\":[{\"@type\":\"SearchAction\",\"target\":{\"@type\":\"EntryPoint\",\"urlTemplate\":\"https:\/\/indialog.auxodev1.dk\/?s={search_term_string}\"},\"query-input\":{\"@type\":\"PropertyValueSpecification\",\"valueRequired\":true,\"valueName\":\"search_term_string\"}}],\"inLanguage\":\"en-GB\"},{\"@type\":\"Organization\",\"@id\":\"https:\/\/indialog.auxodev1.dk\/#organization\",\"name\":\"InDialog\",\"url\":\"https:\/\/indialog.auxodev1.dk\/\",\"logo\":{\"@type\":\"ImageObject\",\"inLanguage\":\"en-GB\",\"@id\":\"https:\/\/indialog.auxodev1.dk\/#\/schema\/logo\/image\/\",\"url\":\"https:\/\/indialog.auxodev1.dk\/wp-content\/uploads\/InDialog-white-2.png\",\"contentUrl\":\"https:\/\/indialog.auxodev1.dk\/wp-content\/uploads\/InDialog-white-2.png\",\"width\":556,\"height\":117,\"caption\":\"InDialog\"},\"image\":{\"@id\":\"https:\/\/indialog.auxodev1.dk\/#\/schema\/logo\/image\/\"}}]}<\/script>\n<!-- \/ Yoast SEO plugin. -->","yoast_head_json":{"title":"Offentlige institutioner - InDialog","robots":{"index":"noindex","follow":"follow","max-snippet":"max-snippet:-1","max-image-preview":"max-image-preview:large","max-video-preview":"max-video-preview:-1"},"og_locale":"en_GB","og_type":"article","og_title":"Offentlige institutioner - InDialog","og_description":"Book en demo Guide og hj\u00e6lp borgere N\u00e5r en borger skal flytte, opst\u00e5r der mange sp\u00f8rgsm\u00e5l. Voicebotten, Chatbotten og SMSbotten kan besvare sp\u00f8rgsm\u00e5l om, hvordan det er at bo i et specifikt omr\u00e5de, hvad de skal huske, n\u00e5r de skal flytte, hvordan skolerne er i omr\u00e5det osv. Automatis\u00e9r og optim\u00e9r Voicebotten kan tage sig af [&hellip;]","og_url":"https:\/\/indialog.auxodev1.dk\/en\/industri\/offentlige-institutioner\/","og_site_name":"InDialog","article_modified_time":"2025-02-11T13:52:09+00:00","twitter_card":"summary_large_image","twitter_misc":{"Estimated reading time":"1 minute"},"schema":{"@context":"https:\/\/schema.org","@graph":[{"@type":"WebPage","@id":"https:\/\/indialog.auxodev1.dk\/industri\/offentlige-institutioner\/","url":"https:\/\/indialog.auxodev1.dk\/industri\/offentlige-institutioner\/","name":"Offentlige institutioner - InDialog","isPartOf":{"@id":"https:\/\/indialog.auxodev1.dk\/#website"},"datePublished":"2025-02-10T07:28:53+00:00","dateModified":"2025-02-11T13:52:09+00:00","breadcrumb":{"@id":"https:\/\/indialog.auxodev1.dk\/industri\/offentlige-institutioner\/#breadcrumb"},"inLanguage":"en-GB","potentialAction":[{"@type":"ReadAction","target":["https:\/\/indialog.auxodev1.dk\/industri\/offentlige-institutioner\/"]}]},{"@type":"BreadcrumbList","@id":"https:\/\/indialog.auxodev1.dk\/industri\/offentlige-institutioner\/#breadcrumb","itemListElement":[{"@type":"ListItem","position":1,"name":"Industri","item":"https:\/\/indialog.auxodev1.dk\/industri\/"},{"@type":"ListItem","position":2,"name":"Offentlige institutioner"}]},{"@type":"WebSite","@id":"https:\/\/indialog.auxodev1.dk\/#website","url":"https:\/\/indialog.auxodev1.dk\/","name":"InDialog","description":"","publisher":{"@id":"https:\/\/indialog.auxodev1.dk\/#organization"},"potentialAction":[{"@type":"SearchAction","target":{"@type":"EntryPoint","urlTemplate":"https:\/\/indialog.auxodev1.dk\/?s={search_term_string}"},"query-input":{"@type":"PropertyValueSpecification","valueRequired":true,"valueName":"search_term_string"}}],"inLanguage":"en-GB"},{"@type":"Organization","@id":"https:\/\/indialog.auxodev1.dk\/#organization","name":"InDialog","url":"https:\/\/indialog.auxodev1.dk\/","logo":{"@type":"ImageObject","inLanguage":"en-GB","@id":"https:\/\/indialog.auxodev1.dk\/#\/schema\/logo\/image\/","url":"https:\/\/indialog.auxodev1.dk\/wp-content\/uploads\/InDialog-white-2.png","contentUrl":"https:\/\/indialog.auxodev1.dk\/wp-content\/uploads\/InDialog-white-2.png","width":556,"height":117,"caption":"InDialog"},"image":{"@id":"https:\/\/indialog.auxodev1.dk\/#\/schema\/logo\/image\/"}}]}},"_links":{"self":[{"href":"https:\/\/indialog.auxodev1.dk\/en\/wp-json\/wp\/v2\/pages\/1566","targetHints":{"allow":["GET"]}}],"collection":[{"href":"https:\/\/indialog.auxodev1.dk\/en\/wp-json\/wp\/v2\/pages"}],"about":[{"href":"https:\/\/indialog.auxodev1.dk\/en\/wp-json\/wp\/v2\/types\/page"}],"author":[{"embeddable":true,"href":"https:\/\/indialog.auxodev1.dk\/en\/wp-json\/wp\/v2\/users\/1"}],"replies":[{"embeddable":true,"href":"https:\/\/indialog.auxodev1.dk\/en\/wp-json\/wp\/v2\/comments?post=1566"}],"version-history":[{"count":20,"href":"https:\/\/indialog.auxodev1.dk\/en\/wp-json\/wp\/v2\/pages\/1566\/revisions"}],"predecessor-version":[{"id":2300,"href":"https:\/\/indialog.auxodev1.dk\/en\/wp-json\/wp\/v2\/pages\/1566\/revisions\/2300"}],"up":[{"embeddable":true,"href":"https:\/\/indialog.auxodev1.dk\/en\/wp-json\/wp\/v2\/pages\/1564"}],"wp:attachment":[{"href":"https:\/\/indialog.auxodev1.dk\/en\/wp-json\/wp\/v2\/media?parent=1566"}],"curies":[{"name":"wp","href":"https:\/\/api.w.org\/{rel}","templated":true}]}}