{"id":1088,"date":"2023-11-01T14:31:17","date_gmt":"2023-11-01T13:31:17","guid":{"rendered":"https:\/\/indialog.auxodev1.dk\/kontakt\/"},"modified":"2025-03-12T14:00:40","modified_gmt":"2025-03-12T13:00:40","slug":"kontakt","status":"publish","type":"page","link":"https:\/\/indialog.auxodev1.dk\/en\/kontakt\/","title":{"rendered":"Kontakt"},"content":{"rendered":"<div data-elementor-type=\"wp-post\" data-elementor-id=\"1088\" class=\"elementor elementor-1088\" data-elementor-post-type=\"page\">\n\t\t\t\t<div class=\"elementor-element elementor-element-6365f75 e-flex e-con-boxed e-con e-parent\" data-id=\"6365f75\" data-element_type=\"container\" data-settings=\"{&quot;background_background&quot;:&quot;classic&quot;,&quot;background_motion_fx_motion_fx_scrolling&quot;:&quot;yes&quot;,&quot;background_motion_fx_devices&quot;:[&quot;desktop&quot;,&quot;tablet&quot;,&quot;mobile&quot;]}\">\n\t\t\t\t\t<div class=\"e-con-inner\">\n\t\t<div class=\"elementor-element elementor-element-11e3ae8 e-con-full e-flex e-con e-child\" data-id=\"11e3ae8\" data-element_type=\"container\">\n\t\t\t\t<\/div>\n\t\t\t\t\t<\/div>\n\t\t\t\t<\/div>\n\t\t<div class=\"elementor-element elementor-element-f68cf7a e-flex e-con-boxed e-con e-parent\" data-id=\"f68cf7a\" data-element_type=\"container\" data-settings=\"{&quot;background_background&quot;:&quot;classic&quot;}\">\n\t\t\t\t\t<div class=\"e-con-inner\">\n\t\t<div class=\"elementor-element elementor-element-b4424ff e-con-full e-flex e-con e-child\" data-id=\"b4424ff\" data-element_type=\"container\" data-settings=\"{&quot;motion_fx_motion_fx_scrolling&quot;:&quot;yes&quot;,&quot;motion_fx_devices&quot;:[&quot;desktop&quot;,&quot;tablet&quot;,&quot;mobile&quot;]}\">\n\t\t\t\t<div class=\"elementor-element elementor-element-7c17947 elementor-widget__width-initial elementor-invisible elementor-widget elementor-widget-heading\" data-id=\"7c17947\" data-element_type=\"widget\" data-settings=\"{&quot;_animation&quot;:&quot;fadeIn&quot;}\" data-widget_type=\"heading.default\">\n\t\t\t\t<div class=\"elementor-widget-container\">\n\t\t\t\t\t<h2 class=\"elementor-heading-title elementor-size-default\">Vil du h\u00f8re mere om, hvad vi kan tilbyde?<\/h2>\t\t\t\t<\/div>\n\t\t\t\t<\/div>\n\t\t<div class=\"elementor-element elementor-element-814d2e9 e-con-full e-flex e-con e-child\" data-id=\"814d2e9\" data-element_type=\"container\">\n\t\t\t\t<div class=\"elementor-element elementor-element-5368e55 elementor-widget__width-initial elementor-invisible elementor-widget elementor-widget-text-editor\" data-id=\"5368e55\" data-element_type=\"widget\" data-settings=\"{&quot;_animation&quot;:&quot;fadeIn&quot;,&quot;_animation_delay&quot;:100}\" data-widget_type=\"text-editor.default\">\n\t\t\t\t<div class=\"elementor-widget-container\">\n\t\t\t\t\t\t\t\t\t<p>Vi sidder klar til at svare p\u00e5 de sp\u00f8rgsm\u00e5l, du m\u00e5tte have.<\/p>\t\t\t\t\t\t\t\t<\/div>\n\t\t\t\t<\/div>\n\t\t\t\t<div class=\"elementor-element elementor-element-e0747c6 elementor-widget__width-initial elementor-invisible elementor-widget elementor-widget-text-editor\" data-id=\"e0747c6\" data-element_type=\"widget\" data-settings=\"{&quot;_animation&quot;:&quot;fadeIn&quot;,&quot;_animation_delay&quot;:100}\" data-widget_type=\"text-editor.default\">\n\t\t\t\t<div class=\"elementor-widget-container\">\n\t\t\t\t\t\t\t\t\t<p>Send os en besked eller book en uforpligtende demo med en af vores eksperter.<\/p><p>\u00a0<\/p><p>Du kan ogs\u00e5 pr\u00f8ve vores l\u00f8sninger i 14 dage, helt gratis.<\/p>\t\t\t\t\t\t\t\t<\/div>\n\t\t\t\t<\/div>\n\t\t\t\t<div class=\"elementor-element elementor-element-d802edc elementor-widget elementor-widget-button\" data-id=\"d802edc\" data-element_type=\"widget\" data-widget_type=\"button.default\">\n\t\t\t\t<div class=\"elementor-widget-container\">\n\t\t\t\t\t\t\t\t\t<div class=\"elementor-button-wrapper\">\n\t\t\t\t\t<a class=\"elementor-button elementor-button-link elementor-size-sm\" href=\"#\">\n\t\t\t\t\t\t<span class=\"elementor-button-content-wrapper\">\n\t\t\t\t\t\t\t\t\t<span class=\"elementor-button-text\">Pr\u00f8v gratis<\/span>\n\t\t\t\t\t<\/span>\n\t\t\t\t\t<\/a>\n\t\t\t\t<\/div>\n\t\t\t\t\t\t\t\t<\/div>\n\t\t\t\t<\/div>\n\t\t\t\t<\/div>\n\t\t\t\t<\/div>\n\t\t<div class=\"elementor-element elementor-element-2c4a933 e-con-full e-flex e-con e-child\" data-id=\"2c4a933\" data-element_type=\"container\" data-settings=\"{&quot;background_background&quot;:&quot;classic&quot;}\">\n\t\t\t\t<div class=\"elementor-element elementor-element-1dae05a elementor-widget elementor-widget-menu-anchor\" data-id=\"1dae05a\" data-element_type=\"widget\" data-widget_type=\"menu-anchor.default\">\n\t\t\t\t<div class=\"elementor-widget-container\">\n\t\t\t\t\t\t\t<div class=\"elementor-menu-anchor\" id=\"skrivtilos\"><\/div>\n\t\t\t\t\t\t<\/div>\n\t\t\t\t<\/div>\n\t\t\t\t<div class=\"elementor-element elementor-element-b04b635 elementor-button-align-start elementor-mobile-button-align-center elementor-invisible elementor-widget elementor-widget-form\" data-id=\"b04b635\" data-element_type=\"widget\" data-settings=\"{&quot;step_next_label&quot;:&quot;N\\u00e6ste&quot;,&quot;step_previous_label&quot;:&quot;Tidligere&quot;,&quot;_animation&quot;:&quot;fadeIn&quot;,&quot;button_width&quot;:&quot;100&quot;,&quot;step_type&quot;:&quot;number_text&quot;,&quot;step_icon_shape&quot;:&quot;circle&quot;}\" data-widget_type=\"form.default\">\n\t\t\t\t<div class=\"elementor-widget-container\">\n\t\t\t\t\t\t\t<form class=\"elementor-form\" method=\"post\" name=\"Ny formular\" action=\"\">\n\t\t\t<input type=\"hidden\" name=\"post_id\" value=\"1088\"\/>\n\t\t\t<input type=\"hidden\" name=\"form_id\" value=\"b04b635\"\/>\n\t\t\t<input type=\"hidden\" name=\"referer_title\" value=\"InDialog\" \/>\n\n\t\t\t\n\t\t\t<div class=\"elementor-form-fields-wrapper elementor-labels-\">\n\t\t\t\t\t\t\t\t<div class=\"elementor-field-type-text elementor-field-group elementor-column elementor-field-group-name elementor-col-50\">\n\t\t\t\t\t\t\t\t\t\t\t\t<label for=\"form-field-name\" class=\"elementor-field-label elementor-screen-only\">\n\t\t\t\t\t\t\t\tFornavn\t\t\t\t\t\t\t<\/label>\n\t\t\t\t\t\t\t\t\t\t\t\t\t\t<input size=\"1\" type=\"text\" name=\"form_fields[name]\" id=\"form-field-name\" class=\"elementor-field elementor-size-md  elementor-field-textual\" placeholder=\"Fornavn\">\n\t\t\t\t\t\t\t\t\t\t\t<\/div>\n\t\t\t\t\t\t\t\t<div class=\"elementor-field-type-text elementor-field-group elementor-column elementor-field-group-field_ab9ed4c elementor-col-50\">\n\t\t\t\t\t\t\t\t\t\t\t\t<label for=\"form-field-field_ab9ed4c\" class=\"elementor-field-label elementor-screen-only\">\n\t\t\t\t\t\t\t\tEfternavn\t\t\t\t\t\t\t<\/label>\n\t\t\t\t\t\t\t\t\t\t\t\t\t\t<input size=\"1\" type=\"text\" name=\"form_fields[field_ab9ed4c]\" id=\"form-field-field_ab9ed4c\" class=\"elementor-field elementor-size-md  elementor-field-textual\" placeholder=\"Efternavn\">\n\t\t\t\t\t\t\t\t\t\t\t<\/div>\n\t\t\t\t\t\t\t\t<div class=\"elementor-field-type-text elementor-field-group elementor-column elementor-field-group-field_81b11d7 elementor-col-50\">\n\t\t\t\t\t\t\t\t\t\t\t\t<label for=\"form-field-field_81b11d7\" class=\"elementor-field-label elementor-screen-only\">\n\t\t\t\t\t\t\t\tVirksomhed\t\t\t\t\t\t\t<\/label>\n\t\t\t\t\t\t\t\t\t\t\t\t\t\t<input size=\"1\" type=\"text\" name=\"form_fields[field_81b11d7]\" id=\"form-field-field_81b11d7\" class=\"elementor-field elementor-size-md  elementor-field-textual\" placeholder=\"Virksomhed\">\n\t\t\t\t\t\t\t\t\t\t\t<\/div>\n\t\t\t\t\t\t\t\t<div class=\"elementor-field-type-tel elementor-field-group elementor-column elementor-field-group-email elementor-col-50 elementor-field-required\">\n\t\t\t\t\t\t\t\t\t\t\t\t<label for=\"form-field-email\" class=\"elementor-field-label elementor-screen-only\">\n\t\t\t\t\t\t\t\tTelefon\t\t\t\t\t\t\t<\/label>\n\t\t\t\t\t\t\t\t<input size=\"1\" type=\"tel\" name=\"form_fields[email]\" id=\"form-field-email\" class=\"elementor-field elementor-size-md  elementor-field-textual\" placeholder=\"Telefon\" required=\"required\" pattern=\"[0-9()#&amp;+*-=.]+\" title=\"Only numbers and phone characters (#, -, *, etc) are accepted.\">\n\n\t\t\t\t\t\t<\/div>\n\t\t\t\t\t\t\t\t<div class=\"elementor-field-type-email elementor-field-group elementor-column elementor-field-group-field_fc2f75e elementor-col-100 elementor-field-required\">\n\t\t\t\t\t\t\t\t\t\t\t\t<label for=\"form-field-field_fc2f75e\" class=\"elementor-field-label elementor-screen-only\">\n\t\t\t\t\t\t\t\tE-mail\t\t\t\t\t\t\t<\/label>\n\t\t\t\t\t\t\t\t\t\t\t\t\t\t<input size=\"1\" type=\"email\" name=\"form_fields[field_fc2f75e]\" id=\"form-field-field_fc2f75e\" class=\"elementor-field elementor-size-md  elementor-field-textual\" placeholder=\"E-mail\" required=\"required\">\n\t\t\t\t\t\t\t\t\t\t\t<\/div>\n\t\t\t\t\t\t\t\t<div class=\"elementor-field-type-textarea elementor-field-group elementor-column elementor-field-group-message elementor-col-100\">\n\t\t\t\t\t\t\t\t\t\t\t\t<label for=\"form-field-message\" class=\"elementor-field-label elementor-screen-only\">\n\t\t\t\t\t\t\t\tDin meddelelse\t\t\t\t\t\t\t<\/label>\n\t\t\t\t\t\t<textarea class=\"elementor-field-textual elementor-field  elementor-size-md\" name=\"form_fields[message]\" id=\"form-field-message\" rows=\"4\" placeholder=\"Din meddelelse\"><\/textarea>\t\t\t\t<\/div>\n\t\t\t\t\t\t\t\t<div class=\"elementor-field-type-html elementor-field-group elementor-column elementor-field-group-field_4759301 elementor-col-100\">\n\t\t\t\t\tSektorer <br>\nE-commerce, Offentlige, Sundhedssektoren, Hoteller\/turisme, Logistik, IT-support, Fagforening, Telecom, Forsikring eller Bank?\n\t\t\t\t<\/div>\n\t\t\t\t\t\t\t\t<div class=\"elementor-field-type-text elementor-field-group elementor-column elementor-field-group-field_dc3ac33 elementor-col-100 elementor-field-required\">\n\t\t\t\t\t\t\t\t\t\t\t\t<label for=\"form-field-field_dc3ac33\" class=\"elementor-field-label elementor-screen-only\">\n\t\t\t\t\t\t\t\tSektor \t\t\t\t\t\t\t<\/label>\n\t\t\t\t\t\t\t\t\t\t\t\t\t\t<input size=\"1\" type=\"text\" name=\"form_fields[field_dc3ac33]\" id=\"form-field-field_dc3ac33\" class=\"elementor-field elementor-size-md  elementor-field-textual\" placeholder=\"Sektor - Hvilken af f\u00f8lovenst\u00e5ende sektorer d\u00e6kker din virksomhed bedst?\" required=\"required\">\n\t\t\t\t\t\t\t\t\t\t\t<\/div>\n\t\t\t\t\t\t\t\t<div class=\"elementor-field-group elementor-column elementor-field-type-submit elementor-col-100 e-form__buttons\">\n\t\t\t\t\t<button class=\"elementor-button elementor-size-sm elementor-animation-shrink\" type=\"submit\">\n\t\t\t\t\t\t<span class=\"elementor-button-content-wrapper\">\n\t\t\t\t\t\t\t\t\t\t\t\t\t\t\t\t\t\t\t\t\t\t<span class=\"elementor-button-text\">Send<\/span>\n\t\t\t\t\t\t\t\t\t\t\t\t\t<\/span>\n\t\t\t\t\t<\/button>\n\t\t\t\t<\/div>\n\t\t\t<\/div>\n\t\t<input type=\"hidden\" name=\"trp-form-language\" value=\"en\"\/><\/form>\n\t\t\t\t\t\t<\/div>\n\t\t\t\t<\/div>\n\t\t\t\t<\/div>\n\t\t\t\t\t<\/div>\n\t\t\t\t<\/div>\n\t\t\t\t<\/div>","protected":false},"excerpt":{"rendered":"<p>Vil du h\u00f8re mere om, hvad vi kan tilbyde? Vi sidder klar til at svare p\u00e5 de sp\u00f8rgsm\u00e5l, du m\u00e5tte have. Send os en besked eller book en uforpligtende demo med en af vores eksperter. \u00a0 Du kan ogs\u00e5 pr\u00f8ve vores l\u00f8sninger i 14 dage, helt gratis. Pr\u00f8v gratis<\/p>","protected":false},"author":1,"featured_media":0,"parent":0,"menu_order":0,"comment_status":"closed","ping_status":"closed","template":"","meta":{"footnotes":""},"class_list":["post-1088","page","type-page","status-publish","hentry"],"yoast_head":"<!-- This site is optimized with the Yoast SEO plugin v26.9 - https:\/\/yoast.com\/product\/yoast-seo-wordpress\/ -->\n<title>Kontakt - InDialog<\/title>\n<meta name=\"robots\" content=\"noindex, follow, max-snippet:-1, max-image-preview:large, max-video-preview:-1\" \/>\n<meta property=\"og:locale\" content=\"en_GB\" \/>\n<meta property=\"og:type\" content=\"article\" \/>\n<meta property=\"og:title\" content=\"Kontakt - InDialog\" \/>\n<meta property=\"og:description\" content=\"Vil du h\u00f8re mere om, hvad vi kan tilbyde? Vi sidder klar til at svare p\u00e5 de sp\u00f8rgsm\u00e5l, du m\u00e5tte have. Send os en besked eller book en uforpligtende demo med en af vores eksperter. \u00a0 Du kan ogs\u00e5 pr\u00f8ve vores l\u00f8sninger i 14 dage, helt gratis. Pr\u00f8v gratis\" \/>\n<meta property=\"og:url\" content=\"https:\/\/indialog.auxodev1.dk\/en\/kontakt\/\" \/>\n<meta property=\"og:site_name\" content=\"InDialog\" \/>\n<meta property=\"article:modified_time\" content=\"2025-03-12T13:00:40+00:00\" \/>\n<meta name=\"twitter:card\" content=\"summary_large_image\" \/>\n<meta name=\"twitter:label1\" content=\"Estimated reading time\" \/>\n\t<meta name=\"twitter:data1\" content=\"1 minute\" \/>\n<script type=\"application\/ld+json\" class=\"yoast-schema-graph\">{\"@context\":\"https:\/\/schema.org\",\"@graph\":[{\"@type\":\"WebPage\",\"@id\":\"https:\/\/indialog.auxodev1.dk\/kontakt\/\",\"url\":\"https:\/\/indialog.auxodev1.dk\/kontakt\/\",\"name\":\"Kontakt - InDialog\",\"isPartOf\":{\"@id\":\"https:\/\/indialog.auxodev1.dk\/#website\"},\"datePublished\":\"2023-11-01T13:31:17+00:00\",\"dateModified\":\"2025-03-12T13:00:40+00:00\",\"inLanguage\":\"en-GB\",\"potentialAction\":[{\"@type\":\"ReadAction\",\"target\":[\"https:\/\/indialog.auxodev1.dk\/kontakt\/\"]}]},{\"@type\":\"WebSite\",\"@id\":\"https:\/\/indialog.auxodev1.dk\/#website\",\"url\":\"https:\/\/indialog.auxodev1.dk\/\",\"name\":\"InDialog\",\"description\":\"\",\"publisher\":{\"@id\":\"https:\/\/indialog.auxodev1.dk\/#organization\"},\"potentialAction\":[{\"@type\":\"SearchAction\",\"target\":{\"@type\":\"EntryPoint\",\"urlTemplate\":\"https:\/\/indialog.auxodev1.dk\/?s={search_term_string}\"},\"query-input\":{\"@type\":\"PropertyValueSpecification\",\"valueRequired\":true,\"valueName\":\"search_term_string\"}}],\"inLanguage\":\"en-GB\"},{\"@type\":\"Organization\",\"@id\":\"https:\/\/indialog.auxodev1.dk\/#organization\",\"name\":\"InDialog\",\"url\":\"https:\/\/indialog.auxodev1.dk\/\",\"logo\":{\"@type\":\"ImageObject\",\"inLanguage\":\"en-GB\",\"@id\":\"https:\/\/indialog.auxodev1.dk\/#\/schema\/logo\/image\/\",\"url\":\"https:\/\/indialog.auxodev1.dk\/wp-content\/uploads\/InDialog-white-2.png\",\"contentUrl\":\"https:\/\/indialog.auxodev1.dk\/wp-content\/uploads\/InDialog-white-2.png\",\"width\":556,\"height\":117,\"caption\":\"InDialog\"},\"image\":{\"@id\":\"https:\/\/indialog.auxodev1.dk\/#\/schema\/logo\/image\/\"}}]}<\/script>\n<!-- \/ Yoast SEO plugin. -->","yoast_head_json":{"title":"Kontakt - InDialog","robots":{"index":"noindex","follow":"follow","max-snippet":"max-snippet:-1","max-image-preview":"max-image-preview:large","max-video-preview":"max-video-preview:-1"},"og_locale":"en_GB","og_type":"article","og_title":"Kontakt - InDialog","og_description":"Vil du h\u00f8re mere om, hvad vi kan tilbyde? Vi sidder klar til at svare p\u00e5 de sp\u00f8rgsm\u00e5l, du m\u00e5tte have. Send os en besked eller book en uforpligtende demo med en af vores eksperter. \u00a0 Du kan ogs\u00e5 pr\u00f8ve vores l\u00f8sninger i 14 dage, helt gratis. Pr\u00f8v gratis","og_url":"https:\/\/indialog.auxodev1.dk\/en\/kontakt\/","og_site_name":"InDialog","article_modified_time":"2025-03-12T13:00:40+00:00","twitter_card":"summary_large_image","twitter_misc":{"Estimated reading time":"1 minute"},"schema":{"@context":"https:\/\/schema.org","@graph":[{"@type":"WebPage","@id":"https:\/\/indialog.auxodev1.dk\/kontakt\/","url":"https:\/\/indialog.auxodev1.dk\/kontakt\/","name":"Kontakt - InDialog","isPartOf":{"@id":"https:\/\/indialog.auxodev1.dk\/#website"},"datePublished":"2023-11-01T13:31:17+00:00","dateModified":"2025-03-12T13:00:40+00:00","inLanguage":"en-GB","potentialAction":[{"@type":"ReadAction","target":["https:\/\/indialog.auxodev1.dk\/kontakt\/"]}]},{"@type":"WebSite","@id":"https:\/\/indialog.auxodev1.dk\/#website","url":"https:\/\/indialog.auxodev1.dk\/","name":"InDialog","description":"","publisher":{"@id":"https:\/\/indialog.auxodev1.dk\/#organization"},"potentialAction":[{"@type":"SearchAction","target":{"@type":"EntryPoint","urlTemplate":"https:\/\/indialog.auxodev1.dk\/?s={search_term_string}"},"query-input":{"@type":"PropertyValueSpecification","valueRequired":true,"valueName":"search_term_string"}}],"inLanguage":"en-GB"},{"@type":"Organization","@id":"https:\/\/indialog.auxodev1.dk\/#organization","name":"InDialog","url":"https:\/\/indialog.auxodev1.dk\/","logo":{"@type":"ImageObject","inLanguage":"en-GB","@id":"https:\/\/indialog.auxodev1.dk\/#\/schema\/logo\/image\/","url":"https:\/\/indialog.auxodev1.dk\/wp-content\/uploads\/InDialog-white-2.png","contentUrl":"https:\/\/indialog.auxodev1.dk\/wp-content\/uploads\/InDialog-white-2.png","width":556,"height":117,"caption":"InDialog"},"image":{"@id":"https:\/\/indialog.auxodev1.dk\/#\/schema\/logo\/image\/"}}]}},"_links":{"self":[{"href":"https:\/\/indialog.auxodev1.dk\/en\/wp-json\/wp\/v2\/pages\/1088","targetHints":{"allow":["GET"]}}],"collection":[{"href":"https:\/\/indialog.auxodev1.dk\/en\/wp-json\/wp\/v2\/pages"}],"about":[{"href":"https:\/\/indialog.auxodev1.dk\/en\/wp-json\/wp\/v2\/types\/page"}],"author":[{"embeddable":true,"href":"https:\/\/indialog.auxodev1.dk\/en\/wp-json\/wp\/v2\/users\/1"}],"replies":[{"embeddable":true,"href":"https:\/\/indialog.auxodev1.dk\/en\/wp-json\/wp\/v2\/comments?post=1088"}],"version-history":[{"count":20,"href":"https:\/\/indialog.auxodev1.dk\/en\/wp-json\/wp\/v2\/pages\/1088\/revisions"}],"predecessor-version":[{"id":2849,"href":"https:\/\/indialog.auxodev1.dk\/en\/wp-json\/wp\/v2\/pages\/1088\/revisions\/2849"}],"wp:attachment":[{"href":"https:\/\/indialog.auxodev1.dk\/en\/wp-json\/wp\/v2\/media?parent=1088"}],"curies":[{"name":"wp","href":"https:\/\/api.w.org\/{rel}","templated":true}]}}