{"id":1064,"date":"2023-11-01T14:31:15","date_gmt":"2023-11-01T13:31:15","guid":{"rendered":"https:\/\/indialog.auxodev1.dk\/om-os\/"},"modified":"2025-02-12T09:52:35","modified_gmt":"2025-02-12T08:52:35","slug":"om-os","status":"publish","type":"page","link":"https:\/\/indialog.auxodev1.dk\/en\/om-os\/","title":{"rendered":"Om os"},"content":{"rendered":"<div data-elementor-type=\"wp-post\" data-elementor-id=\"1064\" class=\"elementor elementor-1064\" data-elementor-post-type=\"page\">\n\t\t\t\t<div class=\"elementor-element elementor-element-c17ba49 e-flex e-con-boxed e-con e-parent\" data-id=\"c17ba49\" data-element_type=\"container\" data-settings=\"{&quot;background_background&quot;:&quot;classic&quot;,&quot;background_motion_fx_motion_fx_scrolling&quot;:&quot;yes&quot;,&quot;background_motion_fx_devices&quot;:[&quot;desktop&quot;,&quot;tablet&quot;,&quot;mobile&quot;]}\">\n\t\t\t\t\t<div class=\"e-con-inner\">\n\t\t<div class=\"elementor-element elementor-element-3a4a8ce e-con-full e-flex e-con e-child\" data-id=\"3a4a8ce\" data-element_type=\"container\">\n\t\t\t\t<div class=\"elementor-element elementor-element-55f6d56 elementor-align-left elementor-invisible elementor-widget elementor-widget-button\" data-id=\"55f6d56\" data-element_type=\"widget\" data-settings=\"{&quot;_animation&quot;:&quot;fadeInUp&quot;}\" data-widget_type=\"button.default\">\n\t\t\t\t<div class=\"elementor-widget-container\">\n\t\t\t\t\t\t\t\t\t<div class=\"elementor-button-wrapper\">\n\t\t\t\t\t<a class=\"elementor-button elementor-button-link elementor-size-sm elementor-animation-shrink\" href=\"https:\/\/indialog.auxodev1.dk\/en\/kontakt\/\">\n\t\t\t\t\t\t<span class=\"elementor-button-content-wrapper\">\n\t\t\t\t\t\t<span class=\"elementor-button-icon\">\n\t\t\t\t<i aria-hidden=\"true\" class=\"far fa-angle-double-right\"><\/i>\t\t\t<\/span>\n\t\t\t\t\t\t\t\t\t<span class=\"elementor-button-text\">Kontakt os<\/span>\n\t\t\t\t\t<\/span>\n\t\t\t\t\t<\/a>\n\t\t\t\t<\/div>\n\t\t\t\t\t\t\t\t<\/div>\n\t\t\t\t<\/div>\n\t\t\t\t<\/div>\n\t\t\t\t\t<\/div>\n\t\t\t\t<\/div>\n\t\t<div class=\"elementor-element elementor-element-45f2d4c e-flex e-con-boxed e-con e-parent\" data-id=\"45f2d4c\" data-element_type=\"container\" data-settings=\"{&quot;background_background&quot;:&quot;classic&quot;}\">\n\t\t\t\t\t<div class=\"e-con-inner\">\n\t\t<div class=\"elementor-element elementor-element-d22fe16 e-con-full e-flex e-con e-child\" data-id=\"d22fe16\" data-element_type=\"container\" data-settings=\"{&quot;motion_fx_motion_fx_scrolling&quot;:&quot;yes&quot;,&quot;motion_fx_devices&quot;:[&quot;desktop&quot;,&quot;tablet&quot;,&quot;mobile&quot;]}\">\n\t\t\t\t<div class=\"elementor-element elementor-element-3bf6495 elementor-widget__width-initial elementor-invisible elementor-widget elementor-widget-heading\" data-id=\"3bf6495\" data-element_type=\"widget\" data-settings=\"{&quot;_animation&quot;:&quot;fadeIn&quot;}\" data-widget_type=\"heading.default\">\n\t\t\t\t<div class=\"elementor-widget-container\">\n\t\t\t\t\t<h2 class=\"elementor-heading-title elementor-size-default\">InDialog<\/h2>\t\t\t\t<\/div>\n\t\t\t\t<\/div>\n\t\t<div class=\"elementor-element elementor-element-9423eb9 e-con-full e-flex e-con e-child\" data-id=\"9423eb9\" data-element_type=\"container\">\n\t\t\t\t<div class=\"elementor-element elementor-element-e88bb60 elementor-widget__width-initial elementor-invisible elementor-widget elementor-widget-text-editor\" data-id=\"e88bb60\" data-element_type=\"widget\" data-settings=\"{&quot;_animation&quot;:&quot;fadeIn&quot;,&quot;_animation_delay&quot;:100}\" data-widget_type=\"text-editor.default\">\n\t\t\t\t<div class=\"elementor-widget-container\">\n\t\t\t\t\t\t\t\t\t<p>Vi udvikler AI-l\u00f8sninger med vores kunder i fokus. <br \/>Vi skr\u00e6ddersyr l\u00f8sningen til jeres behov.<\/p>\t\t\t\t\t\t\t\t<\/div>\n\t\t\t\t<\/div>\n\t\t\t\t<div class=\"elementor-element elementor-element-dbfc9ef elementor-widget__width-initial elementor-invisible elementor-widget elementor-widget-text-editor\" data-id=\"dbfc9ef\" data-element_type=\"widget\" data-settings=\"{&quot;_animation&quot;:&quot;fadeIn&quot;,&quot;_animation_delay&quot;:100}\" data-widget_type=\"text-editor.default\">\n\t\t\t\t<div class=\"elementor-widget-container\">\n\t\t\t\t\t\t\t\t\t<p>Vi har flere \u00e5rs erfaring inden for vores felt, og vi er drevet af at optimere din forretning med bl.a. machine learning, artificial intelligence og NLP (Natural Language Processing). Dine behov er vores fokus, og vi skr\u00e6ddersyr l\u00f8sningen til din forretning. Vi hj\u00e6lper dig ikke udelukkende med vores ekspertise inden for den nyeste teknologi. Vi forst\u00e5r ogs\u00e5 din forretning og g\u00f8r din forretning klar til fremtiden.<\/p><p>Igennem kreativ t\u00e6nkning og en solid forst\u00e5else for kundernes forretningsm\u00e6ssige udfordringer, har vi udnyttet vores viden og erfaring til at sammens\u00e6tte en intelligent l\u00f8sning, der l\u00f8ser kunders udfordringer.<\/p>\t\t\t\t\t\t\t\t<\/div>\n\t\t\t\t<\/div>\n\t\t\t\t<\/div>\n\t\t\t\t<\/div>\n\t\t<div class=\"elementor-element elementor-element-df3b61a e-con-full e-flex e-con e-child\" data-id=\"df3b61a\" data-element_type=\"container\" data-settings=\"{&quot;background_background&quot;:&quot;classic&quot;}\">\n\t\t\t\t<div class=\"elementor-element elementor-element-8aef656 elementor-invisible elementor-widget elementor-widget-image\" data-id=\"8aef656\" data-element_type=\"widget\" data-settings=\"{&quot;_animation&quot;:&quot;fadeIn&quot;,&quot;_animation_delay&quot;:400}\" data-widget_type=\"image.default\">\n\t\t\t\t<div class=\"elementor-widget-container\">\n\t\t\t\t\t\t\t\t\t\t\t\t\t\t\t<img fetchpriority=\"high\" decoding=\"async\" width=\"800\" height=\"534\" src=\"https:\/\/indialog.auxodev1.dk\/wp-content\/uploads\/Design-uden-navn.jpg\" class=\"attachment-large size-large wp-image-2485\" alt=\"\" srcset=\"https:\/\/indialog.auxodev1.dk\/wp-content\/uploads\/Design-uden-navn.jpg 1000w, https:\/\/indialog.auxodev1.dk\/wp-content\/uploads\/Design-uden-navn-300x200.jpg 300w, https:\/\/indialog.auxodev1.dk\/wp-content\/uploads\/Design-uden-navn-768x512.jpg 768w\" sizes=\"(max-width: 800px) 100vw, 800px\" \/>\t\t\t\t\t\t\t\t\t\t\t\t\t\t\t<\/div>\n\t\t\t\t<\/div>\n\t\t\t\t<\/div>\n\t\t\t\t\t<\/div>\n\t\t\t\t<\/div>\n\t\t<div class=\"elementor-element elementor-element-1c00b42 e-flex e-con-boxed e-con e-parent\" data-id=\"1c00b42\" data-element_type=\"container\" data-settings=\"{&quot;background_background&quot;:&quot;classic&quot;}\">\n\t\t\t\t\t<div class=\"e-con-inner\">\n\t\t\t\t<div class=\"elementor-element elementor-element-98efd1a elementor-widget__width-initial elementor-invisible elementor-widget elementor-widget-heading\" data-id=\"98efd1a\" data-element_type=\"widget\" data-settings=\"{&quot;_animation&quot;:&quot;fadeIn&quot;}\" data-widget_type=\"heading.default\">\n\t\t\t\t<div class=\"elementor-widget-container\">\n\t\t\t\t\t<h2 class=\"elementor-heading-title elementor-size-default\">InDialog er drevet af 5 kernev\u00e6rdier<\/h2>\t\t\t\t<\/div>\n\t\t\t\t<\/div>\n\t\t<div class=\"elementor-element elementor-element-fa3638f e-grid e-con-full e-con e-child\" data-id=\"fa3638f\" data-element_type=\"container\">\n\t\t<div class=\"elementor-element elementor-element-8c6ea7d e-con-full e-flex elementor-invisible e-con e-child\" data-id=\"8c6ea7d\" data-element_type=\"container\" data-settings=\"{&quot;animation&quot;:&quot;fadeIn&quot;}\">\n\t\t\t\t<div class=\"elementor-element elementor-element-968d5bc elementor-widget elementor-widget-heading\" data-id=\"968d5bc\" data-element_type=\"widget\" data-widget_type=\"heading.default\">\n\t\t\t\t<div class=\"elementor-widget-container\">\n\t\t\t\t\t<h3 class=\"elementor-heading-title elementor-size-default\">1. Vi er fleksible<\/h3>\t\t\t\t<\/div>\n\t\t\t\t<\/div>\n\t\t\t\t<div class=\"elementor-element elementor-element-0ee4c82 elementor-widget__width-initial elementor-invisible elementor-widget elementor-widget-text-editor\" data-id=\"0ee4c82\" data-element_type=\"widget\" data-settings=\"{&quot;_animation&quot;:&quot;fadeIn&quot;}\" data-widget_type=\"text-editor.default\">\n\t\t\t\t<div class=\"elementor-widget-container\">\n\t\t\t\t\t\t\t\t\tVi er fleksible og tilpasser os l\u00f8bende skiftende forretningsforhold. Vi er hurtige til at reagere og udnytter vores viden til at svare p\u00e5 \u00e6ndringer.\t\t\t\t\t\t\t\t<\/div>\n\t\t\t\t<\/div>\n\t\t\t\t<\/div>\n\t\t<div class=\"elementor-element elementor-element-6cadb7e e-con-full e-flex elementor-invisible e-con e-child\" data-id=\"6cadb7e\" data-element_type=\"container\" data-settings=\"{&quot;animation&quot;:&quot;fadeIn&quot;}\">\n\t\t\t\t<div class=\"elementor-element elementor-element-097716d elementor-widget elementor-widget-heading\" data-id=\"097716d\" data-element_type=\"widget\" data-widget_type=\"heading.default\">\n\t\t\t\t<div class=\"elementor-widget-container\">\n\t\t\t\t\t<h3 class=\"elementor-heading-title elementor-size-default\">2. Vi er vision\u00e6re<\/h3>\t\t\t\t<\/div>\n\t\t\t\t<\/div>\n\t\t\t\t<div class=\"elementor-element elementor-element-f342352 elementor-widget__width-initial elementor-invisible elementor-widget elementor-widget-text-editor\" data-id=\"f342352\" data-element_type=\"widget\" data-settings=\"{&quot;_animation&quot;:&quot;fadeIn&quot;}\" data-widget_type=\"text-editor.default\">\n\t\t\t\t<div class=\"elementor-widget-container\">\n\t\t\t\t\t\t\t\t\tVi besidder evnen og viljen til at f\u00f8lge den teknologiske udvikling og til at oms\u00e6tte den til nye og virkningsfulde, intelligente l\u00f8sninger for vores kunder og samarbejdspartnere.\t\t\t\t\t\t\t\t<\/div>\n\t\t\t\t<\/div>\n\t\t\t\t<\/div>\n\t\t<div class=\"elementor-element elementor-element-0aef11e e-con-full e-flex elementor-invisible e-con e-child\" data-id=\"0aef11e\" data-element_type=\"container\" data-settings=\"{&quot;animation&quot;:&quot;fadeIn&quot;}\">\n\t\t\t\t<div class=\"elementor-element elementor-element-191795c elementor-widget elementor-widget-heading\" data-id=\"191795c\" data-element_type=\"widget\" data-widget_type=\"heading.default\">\n\t\t\t\t<div class=\"elementor-widget-container\">\n\t\t\t\t\t<h3 class=\"elementor-heading-title elementor-size-default\">3. Vi leverer kvalitet<\/h3>\t\t\t\t<\/div>\n\t\t\t\t<\/div>\n\t\t\t\t<div class=\"elementor-element elementor-element-887fcb3 elementor-widget__width-initial elementor-invisible elementor-widget elementor-widget-text-editor\" data-id=\"887fcb3\" data-element_type=\"widget\" data-settings=\"{&quot;_animation&quot;:&quot;fadeIn&quot;}\" data-widget_type=\"text-editor.default\">\n\t\t\t\t<div class=\"elementor-widget-container\">\n\t\t\t\t\t\t\t\t\tVi skaber intelligente l\u00f8sninger med omhu og professionalisme til opst\u00e5ede udfordringer, der overstiger vores kunders og samarbejdspartneres forventninger \u2013 uden at g\u00e5 p\u00e5 kompromis med kvaliteten.\t\t\t\t\t\t\t\t<\/div>\n\t\t\t\t<\/div>\n\t\t\t\t<\/div>\n\t\t<div class=\"elementor-element elementor-element-85c03c2 e-con-full e-flex elementor-invisible e-con e-child\" data-id=\"85c03c2\" data-element_type=\"container\" data-settings=\"{&quot;animation&quot;:&quot;fadeIn&quot;}\">\n\t\t\t\t<div class=\"elementor-element elementor-element-77fca2f elementor-widget elementor-widget-heading\" data-id=\"77fca2f\" data-element_type=\"widget\" data-widget_type=\"heading.default\">\n\t\t\t\t<div class=\"elementor-widget-container\">\n\t\t\t\t\t<h3 class=\"elementor-heading-title elementor-size-default\">4. Vi er ansvarlige<\/h3>\t\t\t\t<\/div>\n\t\t\t\t<\/div>\n\t\t\t\t<div class=\"elementor-element elementor-element-57a8bd4 elementor-widget__width-initial elementor-invisible elementor-widget elementor-widget-text-editor\" data-id=\"57a8bd4\" data-element_type=\"widget\" data-settings=\"{&quot;_animation&quot;:&quot;fadeIn&quot;}\" data-widget_type=\"text-editor.default\">\n\t\t\t\t<div class=\"elementor-widget-container\">\n\t\t\t\t\t\t\t\t\tVi holder, hvad vi lover, og st\u00e5r ved vores handlinger og l\u00f8sninger.\t\t\t\t\t\t\t\t<\/div>\n\t\t\t\t<\/div>\n\t\t\t\t<\/div>\n\t\t<div class=\"elementor-element elementor-element-57fce59 e-con-full e-flex elementor-invisible e-con e-child\" data-id=\"57fce59\" data-element_type=\"container\" data-settings=\"{&quot;animation&quot;:&quot;fadeIn&quot;}\">\n\t\t\t\t<div class=\"elementor-element elementor-element-bf61117 elementor-widget elementor-widget-heading\" data-id=\"bf61117\" data-element_type=\"widget\" data-widget_type=\"heading.default\">\n\t\t\t\t<div class=\"elementor-widget-container\">\n\t\t\t\t\t<h3 class=\"elementor-heading-title elementor-size-default\">5. Vi er \u00e6rlige<\/h3>\t\t\t\t<\/div>\n\t\t\t\t<\/div>\n\t\t\t\t<div class=\"elementor-element elementor-element-cc28ac4 elementor-widget__width-initial elementor-invisible elementor-widget elementor-widget-text-editor\" data-id=\"cc28ac4\" data-element_type=\"widget\" data-settings=\"{&quot;_animation&quot;:&quot;fadeIn&quot;}\" data-widget_type=\"text-editor.default\">\n\t\t\t\t<div class=\"elementor-widget-container\">\n\t\t\t\t\t\t\t\t\tVi baserer samarbejdet med vores kunder og samarbejdspartnere p\u00e5 \u00e6rlighed. Vi respekterer, bist\u00e5r og inspirerer hinanden, vores kunder og samarbejdspartnere og giver konstruktiv \u2019feed-forward\u2019.\t\t\t\t\t\t\t\t<\/div>\n\t\t\t\t<\/div>\n\t\t\t\t<\/div>\n\t\t\t\t<\/div>\n\t\t\t\t\t<\/div>\n\t\t\t\t<\/div>\n\t\t<div class=\"elementor-element elementor-element-a756891 e-flex e-con-boxed e-con e-parent\" data-id=\"a756891\" data-element_type=\"container\" data-settings=\"{&quot;background_background&quot;:&quot;classic&quot;}\">\n\t\t\t\t\t<div class=\"e-con-inner\">\n\t\t<div class=\"elementor-element elementor-element-ab3b07b e-con-full e-flex e-con e-child\" data-id=\"ab3b07b\" data-element_type=\"container\">\n\t\t\t\t<div class=\"elementor-element elementor-element-fa9a31e elementor-widget__width-initial elementor-invisible elementor-widget elementor-widget-heading\" data-id=\"fa9a31e\" data-element_type=\"widget\" data-settings=\"{&quot;_animation&quot;:&quot;fadeIn&quot;}\" data-widget_type=\"heading.default\">\n\t\t\t\t<div class=\"elementor-widget-container\">\n\t\t\t\t\t<h2 class=\"elementor-heading-title elementor-size-default\">Med InDialog er du med en simpel og ukompliceret l\u00f8sning<\/h2>\t\t\t\t<\/div>\n\t\t\t\t<\/div>\n\t\t\t\t<div class=\"elementor-element elementor-element-f872475 elementor-widget__width-initial elementor-invisible elementor-widget elementor-widget-heading\" data-id=\"f872475\" data-element_type=\"widget\" data-settings=\"{&quot;_animation&quot;:&quot;fadeIn&quot;,&quot;_animation_delay&quot;:100}\" data-widget_type=\"heading.default\">\n\t\t\t\t<div class=\"elementor-widget-container\">\n\t\t\t\t\t<h2 class=\"elementor-heading-title elementor-size-default\">tilg\u00e6ngelig 24\/7\/365 b\u00e5de p\u00e5 skrift og i tale.<\/h2>\t\t\t\t<\/div>\n\t\t\t\t<\/div>\n\t\t\t\t<\/div>\n\t\t<div class=\"elementor-element elementor-element-eb766cf e-con-full e-flex e-con e-child\" data-id=\"eb766cf\" data-element_type=\"container\">\n\t\t\t\t<div class=\"elementor-element elementor-element-cd6383a elementor-widget__width-initial elementor-widget elementor-widget-text-editor\" data-id=\"cd6383a\" data-element_type=\"widget\" data-widget_type=\"text-editor.default\">\n\t\t\t\t<div class=\"elementor-widget-container\">\n\t\t\t\t\t\t\t\t\t<p>Vores chatbot, voicebot og SMS-bot er bygget p\u00e5 den nyeste teknologi som garanterer glade kunder, frigiver vigtige ressourcer og reducerer dine manuelle opgaver. Vi har bygget en bot p\u00e5 machine learning og natural language processing (NLP) som g\u00f8r, at botten analyserer, genkender og forst\u00e5r sprogm\u00f8nstre i hver enkelt samtale.<\/p><p>Vi lover dig en simpel og innovativ l\u00f8sning som kan inds\u00e6ttes direkte p\u00e5 din hjemmeside, Facebook Messenger, telefon eller mange flere platforme &#8211; uden at du skal l\u00f8fte en finger. Dine behov er vores virksomhedsgrundlag. Derfor st\u00e5r vi klar til at guide dig igennem eventuelle udfordringer og er klar til at svare p\u00e5 alle dine sp\u00f8rgsm\u00e5l.<\/p>\t\t\t\t\t\t\t\t<\/div>\n\t\t\t\t<\/div>\n\t\t\t\t<div class=\"elementor-element elementor-element-b484a7c elementor-align-left elementor-invisible elementor-widget elementor-widget-button\" data-id=\"b484a7c\" data-element_type=\"widget\" data-settings=\"{&quot;_animation&quot;:&quot;fadeInUp&quot;}\" data-widget_type=\"button.default\">\n\t\t\t\t<div class=\"elementor-widget-container\">\n\t\t\t\t\t\t\t\t\t<div class=\"elementor-button-wrapper\">\n\t\t\t\t\t<a class=\"elementor-button elementor-button-link elementor-size-sm elementor-animation-shrink\" href=\"https:\/\/indialog.auxodev1.dk\/en\/kontakt\/\">\n\t\t\t\t\t\t<span class=\"elementor-button-content-wrapper\">\n\t\t\t\t\t\t<span class=\"elementor-button-icon\">\n\t\t\t\t<i aria-hidden=\"true\" class=\"far fa-angle-double-right\"><\/i>\t\t\t<\/span>\n\t\t\t\t\t\t\t\t\t<span class=\"elementor-button-text\">Kontakt os<\/span>\n\t\t\t\t\t<\/span>\n\t\t\t\t\t<\/a>\n\t\t\t\t<\/div>\n\t\t\t\t\t\t\t\t<\/div>\n\t\t\t\t<\/div>\n\t\t\t\t<\/div>\n\t\t\t\t\t<\/div>\n\t\t\t\t<\/div>\n\t\t\t\t<\/div>","protected":false},"excerpt":{"rendered":"<p>Kontakt os InDialog Vi udvikler AI-l\u00f8sninger med vores kunder i fokus. Vi skr\u00e6ddersyr l\u00f8sningen til jeres behov. Vi har flere \u00e5rs erfaring inden for vores felt, og vi er drevet af at optimere din forretning med bl.a. machine learning, artificial intelligence og NLP (Natural Language Processing). Dine behov er vores fokus, og vi skr\u00e6ddersyr l\u00f8sningen [&hellip;]<\/p>","protected":false},"author":1,"featured_media":0,"parent":0,"menu_order":0,"comment_status":"closed","ping_status":"closed","template":"","meta":{"footnotes":""},"class_list":["post-1064","page","type-page","status-publish","hentry"],"yoast_head":"<!-- This site is optimized with the Yoast SEO plugin v26.9 - https:\/\/yoast.com\/product\/yoast-seo-wordpress\/ -->\n<title>Om os - InDialog<\/title>\n<meta name=\"robots\" content=\"noindex, follow, max-snippet:-1, max-image-preview:large, max-video-preview:-1\" \/>\n<meta property=\"og:locale\" content=\"en_GB\" \/>\n<meta property=\"og:type\" content=\"article\" \/>\n<meta property=\"og:title\" content=\"Om os - InDialog\" \/>\n<meta property=\"og:description\" content=\"Kontakt os InDialog Vi udvikler AI-l\u00f8sninger med vores kunder i fokus. Vi skr\u00e6ddersyr l\u00f8sningen til jeres behov. Vi har flere \u00e5rs erfaring inden for vores felt, og vi er drevet af at optimere din forretning med bl.a. machine learning, artificial intelligence og NLP (Natural Language Processing). Dine behov er vores fokus, og vi skr\u00e6ddersyr l\u00f8sningen [&hellip;]\" \/>\n<meta property=\"og:url\" content=\"https:\/\/indialog.auxodev1.dk\/en\/om-os\/\" \/>\n<meta property=\"og:site_name\" content=\"InDialog\" \/>\n<meta property=\"article:modified_time\" content=\"2025-02-12T08:52:35+00:00\" \/>\n<meta property=\"og:image\" content=\"https:\/\/indialog.auxodev1.dk\/wp-content\/uploads\/Design-uden-navn.jpg\" \/>\n\t<meta property=\"og:image:width\" content=\"1000\" \/>\n\t<meta property=\"og:image:height\" content=\"667\" \/>\n\t<meta property=\"og:image:type\" content=\"image\/jpeg\" \/>\n<meta name=\"twitter:card\" content=\"summary_large_image\" \/>\n<meta name=\"twitter:label1\" content=\"Estimated reading time\" \/>\n\t<meta name=\"twitter:data1\" content=\"3 minutes\" \/>\n<script type=\"application\/ld+json\" class=\"yoast-schema-graph\">{\"@context\":\"https:\/\/schema.org\",\"@graph\":[{\"@type\":\"WebPage\",\"@id\":\"https:\/\/indialog.auxodev1.dk\/om-os\/\",\"url\":\"https:\/\/indialog.auxodev1.dk\/om-os\/\",\"name\":\"Om os - InDialog\",\"isPartOf\":{\"@id\":\"https:\/\/indialog.auxodev1.dk\/#website\"},\"primaryImageOfPage\":{\"@id\":\"https:\/\/indialog.auxodev1.dk\/om-os\/#primaryimage\"},\"image\":{\"@id\":\"https:\/\/indialog.auxodev1.dk\/om-os\/#primaryimage\"},\"thumbnailUrl\":\"https:\/\/indialog.auxodev1.dk\/wp-content\/uploads\/Design-uden-navn.jpg\",\"datePublished\":\"2023-11-01T13:31:15+00:00\",\"dateModified\":\"2025-02-12T08:52:35+00:00\",\"inLanguage\":\"en-GB\",\"potentialAction\":[{\"@type\":\"ReadAction\",\"target\":[\"https:\/\/indialog.auxodev1.dk\/om-os\/\"]}]},{\"@type\":\"ImageObject\",\"inLanguage\":\"en-GB\",\"@id\":\"https:\/\/indialog.auxodev1.dk\/om-os\/#primaryimage\",\"url\":\"https:\/\/indialog.auxodev1.dk\/wp-content\/uploads\/Design-uden-navn.jpg\",\"contentUrl\":\"https:\/\/indialog.auxodev1.dk\/wp-content\/uploads\/Design-uden-navn.jpg\"},{\"@type\":\"WebSite\",\"@id\":\"https:\/\/indialog.auxodev1.dk\/#website\",\"url\":\"https:\/\/indialog.auxodev1.dk\/\",\"name\":\"InDialog\",\"description\":\"\",\"publisher\":{\"@id\":\"https:\/\/indialog.auxodev1.dk\/#organization\"},\"potentialAction\":[{\"@type\":\"SearchAction\",\"target\":{\"@type\":\"EntryPoint\",\"urlTemplate\":\"https:\/\/indialog.auxodev1.dk\/?s={search_term_string}\"},\"query-input\":{\"@type\":\"PropertyValueSpecification\",\"valueRequired\":true,\"valueName\":\"search_term_string\"}}],\"inLanguage\":\"en-GB\"},{\"@type\":\"Organization\",\"@id\":\"https:\/\/indialog.auxodev1.dk\/#organization\",\"name\":\"InDialog\",\"url\":\"https:\/\/indialog.auxodev1.dk\/\",\"logo\":{\"@type\":\"ImageObject\",\"inLanguage\":\"en-GB\",\"@id\":\"https:\/\/indialog.auxodev1.dk\/#\/schema\/logo\/image\/\",\"url\":\"https:\/\/indialog.auxodev1.dk\/wp-content\/uploads\/InDialog-white-2.png\",\"contentUrl\":\"https:\/\/indialog.auxodev1.dk\/wp-content\/uploads\/InDialog-white-2.png\",\"width\":556,\"height\":117,\"caption\":\"InDialog\"},\"image\":{\"@id\":\"https:\/\/indialog.auxodev1.dk\/#\/schema\/logo\/image\/\"}}]}<\/script>\n<!-- \/ Yoast SEO plugin. -->","yoast_head_json":{"title":"Om os - InDialog","robots":{"index":"noindex","follow":"follow","max-snippet":"max-snippet:-1","max-image-preview":"max-image-preview:large","max-video-preview":"max-video-preview:-1"},"og_locale":"en_GB","og_type":"article","og_title":"Om os - InDialog","og_description":"Kontakt os InDialog Vi udvikler AI-l\u00f8sninger med vores kunder i fokus. Vi skr\u00e6ddersyr l\u00f8sningen til jeres behov. Vi har flere \u00e5rs erfaring inden for vores felt, og vi er drevet af at optimere din forretning med bl.a. machine learning, artificial intelligence og NLP (Natural Language Processing). Dine behov er vores fokus, og vi skr\u00e6ddersyr l\u00f8sningen [&hellip;]","og_url":"https:\/\/indialog.auxodev1.dk\/en\/om-os\/","og_site_name":"InDialog","article_modified_time":"2025-02-12T08:52:35+00:00","og_image":[{"width":1000,"height":667,"url":"https:\/\/indialog.auxodev1.dk\/wp-content\/uploads\/Design-uden-navn.jpg","type":"image\/jpeg"}],"twitter_card":"summary_large_image","twitter_misc":{"Estimated reading time":"3 minutes"},"schema":{"@context":"https:\/\/schema.org","@graph":[{"@type":"WebPage","@id":"https:\/\/indialog.auxodev1.dk\/om-os\/","url":"https:\/\/indialog.auxodev1.dk\/om-os\/","name":"Om os - InDialog","isPartOf":{"@id":"https:\/\/indialog.auxodev1.dk\/#website"},"primaryImageOfPage":{"@id":"https:\/\/indialog.auxodev1.dk\/om-os\/#primaryimage"},"image":{"@id":"https:\/\/indialog.auxodev1.dk\/om-os\/#primaryimage"},"thumbnailUrl":"https:\/\/indialog.auxodev1.dk\/wp-content\/uploads\/Design-uden-navn.jpg","datePublished":"2023-11-01T13:31:15+00:00","dateModified":"2025-02-12T08:52:35+00:00","inLanguage":"en-GB","potentialAction":[{"@type":"ReadAction","target":["https:\/\/indialog.auxodev1.dk\/om-os\/"]}]},{"@type":"ImageObject","inLanguage":"en-GB","@id":"https:\/\/indialog.auxodev1.dk\/om-os\/#primaryimage","url":"https:\/\/indialog.auxodev1.dk\/wp-content\/uploads\/Design-uden-navn.jpg","contentUrl":"https:\/\/indialog.auxodev1.dk\/wp-content\/uploads\/Design-uden-navn.jpg"},{"@type":"WebSite","@id":"https:\/\/indialog.auxodev1.dk\/#website","url":"https:\/\/indialog.auxodev1.dk\/","name":"InDialog","description":"","publisher":{"@id":"https:\/\/indialog.auxodev1.dk\/#organization"},"potentialAction":[{"@type":"SearchAction","target":{"@type":"EntryPoint","urlTemplate":"https:\/\/indialog.auxodev1.dk\/?s={search_term_string}"},"query-input":{"@type":"PropertyValueSpecification","valueRequired":true,"valueName":"search_term_string"}}],"inLanguage":"en-GB"},{"@type":"Organization","@id":"https:\/\/indialog.auxodev1.dk\/#organization","name":"InDialog","url":"https:\/\/indialog.auxodev1.dk\/","logo":{"@type":"ImageObject","inLanguage":"en-GB","@id":"https:\/\/indialog.auxodev1.dk\/#\/schema\/logo\/image\/","url":"https:\/\/indialog.auxodev1.dk\/wp-content\/uploads\/InDialog-white-2.png","contentUrl":"https:\/\/indialog.auxodev1.dk\/wp-content\/uploads\/InDialog-white-2.png","width":556,"height":117,"caption":"InDialog"},"image":{"@id":"https:\/\/indialog.auxodev1.dk\/#\/schema\/logo\/image\/"}}]}},"_links":{"self":[{"href":"https:\/\/indialog.auxodev1.dk\/en\/wp-json\/wp\/v2\/pages\/1064","targetHints":{"allow":["GET"]}}],"collection":[{"href":"https:\/\/indialog.auxodev1.dk\/en\/wp-json\/wp\/v2\/pages"}],"about":[{"href":"https:\/\/indialog.auxodev1.dk\/en\/wp-json\/wp\/v2\/types\/page"}],"author":[{"embeddable":true,"href":"https:\/\/indialog.auxodev1.dk\/en\/wp-json\/wp\/v2\/users\/1"}],"replies":[{"embeddable":true,"href":"https:\/\/indialog.auxodev1.dk\/en\/wp-json\/wp\/v2\/comments?post=1064"}],"version-history":[{"count":20,"href":"https:\/\/indialog.auxodev1.dk\/en\/wp-json\/wp\/v2\/pages\/1064\/revisions"}],"predecessor-version":[{"id":2536,"href":"https:\/\/indialog.auxodev1.dk\/en\/wp-json\/wp\/v2\/pages\/1064\/revisions\/2536"}],"wp:attachment":[{"href":"https:\/\/indialog.auxodev1.dk\/en\/wp-json\/wp\/v2\/media?parent=1064"}],"curies":[{"name":"wp","href":"https:\/\/api.w.org\/{rel}","templated":true}]}}